{"id":92,"date":"2016-07-29T04:27:26","date_gmt":"2016-07-29T04:27:26","guid":{"rendered":"http:\/\/demo.uix.store\/sober\/?post_type=product&#038;p=92"},"modified":"2025-08-10T13:26:02","modified_gmt":"2025-08-10T13:26:02","slug":"cotton-t-shirt","status":"publish","type":"product","link":"https:\/\/www.vector.tn\/index.php\/product\/cotton-t-shirt\/","title":{"rendered":"Cotton T-shirt"},"content":{"rendered":"<p>Lorem ipsum dolor sit amet, consectetur adipisicing elit, sed do eiusmod tempor incididunt ut labore et dolore magna aliqua.<\/p>\n<p>Ut enim ad minim veniam, quis nostrud exercitation ullamco laboris nisi ut aliquip ex ea commodo consequat. Duis aute irure dolor in reprehenderit in voluptate velit esse cillum dolore eu fugiat nulla pariatur. Excepteur sint occaecat cupidatat accusantium doloremque laudantium.<\/p>\n","protected":false},"excerpt":{"rendered":"<p>Duis aute irure dolor in reprehenderit in voluptate velit esse cillum dolore eu fugiat nulla pariatur.<\/p>\n","protected":false},"featured_media":2746,"template":"","meta":[],"product_brand":[],"product_cat":[36],"product_tag":[],"class_list":{"0":"post-92","1":"product","2":"type-product","3":"status-publish","4":"has-post-thumbnail","6":"product_cat-man","8":"first","9":"instock","10":"sale","11":"shipping-taxable","12":"purchasable","13":"product-type-simple","14":"layout-style-1","15":"col-md-4 col-sm-4 col-xs-6","16":"col-lg-3","17":"product-has-gallery","18":"product-style-default"},"yoast_head":"<!-- This site is optimized with the Yoast SEO plugin v25.7 - https:\/\/yoast.com\/wordpress\/plugins\/seo\/ -->\n<title>Cotton T-shirt - Vector<\/title>\n<meta name=\"robots\" content=\"index, follow, max-snippet:-1, max-image-preview:large, max-video-preview:-1\" \/>\n<link rel=\"canonical\" href=\"https:\/\/www.vector.tn\/index.php\/product\/cotton-t-shirt\/\" \/>\n<meta property=\"og:locale\" content=\"fr_FR\" \/>\n<meta property=\"og:type\" content=\"article\" \/>\n<meta property=\"og:title\" content=\"Cotton T-shirt - Vector\" \/>\n<meta property=\"og:description\" content=\"Duis aute irure dolor in reprehenderit in voluptate velit esse cillum dolore eu fugiat nulla pariatur.\" \/>\n<meta property=\"og:url\" content=\"https:\/\/www.vector.tn\/index.php\/product\/cotton-t-shirt\/\" \/>\n<meta property=\"og:site_name\" content=\"Vector\" \/>\n<meta property=\"article:publisher\" content=\"https:\/\/www.facebook.com\/VECTOR.Tunisie\" \/>\n<meta property=\"article:modified_time\" content=\"2025-08-10T13:26:02+00:00\" \/>\n<meta property=\"og:image\" content=\"https:\/\/www.vector.tn\/wp-content\/uploads\/2016\/07\/0000.png\" \/>\n\t<meta property=\"og:image:width\" content=\"1275\" \/>\n\t<meta property=\"og:image:height\" content=\"1800\" \/>\n\t<meta property=\"og:image:type\" content=\"image\/png\" \/>\n<meta name=\"twitter:card\" content=\"summary_large_image\" \/>\n<script type=\"application\/ld+json\" class=\"yoast-schema-graph\">{\"@context\":\"https:\/\/schema.org\",\"@graph\":[{\"@type\":\"WebPage\",\"@id\":\"https:\/\/www.vector.tn\/index.php\/product\/cotton-t-shirt\/\",\"url\":\"https:\/\/www.vector.tn\/index.php\/product\/cotton-t-shirt\/\",\"name\":\"Cotton T-shirt - Vector\",\"isPartOf\":{\"@id\":\"https:\/\/www.vector.tn\/#website\"},\"primaryImageOfPage\":{\"@id\":\"https:\/\/www.vector.tn\/index.php\/product\/cotton-t-shirt\/#primaryimage\"},\"image\":{\"@id\":\"https:\/\/www.vector.tn\/index.php\/product\/cotton-t-shirt\/#primaryimage\"},\"thumbnailUrl\":\"https:\/\/www.vector.tn\/wp-content\/uploads\/2016\/07\/0000.png\",\"datePublished\":\"2016-07-29T04:27:26+00:00\",\"dateModified\":\"2025-08-10T13:26:02+00:00\",\"breadcrumb\":{\"@id\":\"https:\/\/www.vector.tn\/index.php\/product\/cotton-t-shirt\/#breadcrumb\"},\"inLanguage\":\"fr-FR\",\"potentialAction\":[{\"@type\":\"ReadAction\",\"target\":[\"https:\/\/www.vector.tn\/index.php\/product\/cotton-t-shirt\/\"]}]},{\"@type\":\"ImageObject\",\"inLanguage\":\"fr-FR\",\"@id\":\"https:\/\/www.vector.tn\/index.php\/product\/cotton-t-shirt\/#primaryimage\",\"url\":\"https:\/\/www.vector.tn\/wp-content\/uploads\/2016\/07\/0000.png\",\"contentUrl\":\"https:\/\/www.vector.tn\/wp-content\/uploads\/2016\/07\/0000.png\",\"width\":1275,\"height\":1800},{\"@type\":\"BreadcrumbList\",\"@id\":\"https:\/\/www.vector.tn\/index.php\/product\/cotton-t-shirt\/#breadcrumb\",\"itemListElement\":[{\"@type\":\"ListItem\",\"position\":1,\"name\":\"Accueil\",\"item\":\"https:\/\/www.vector.tn\/\"},{\"@type\":\"ListItem\",\"position\":2,\"name\":\"Boutique\",\"item\":\"https:\/\/www.vector.tn\/index.php\/shop\/\"},{\"@type\":\"ListItem\",\"position\":3,\"name\":\"Cotton T-shirt\"}]},{\"@type\":\"WebSite\",\"@id\":\"https:\/\/www.vector.tn\/#website\",\"url\":\"https:\/\/www.vector.tn\/\",\"name\":\"Vector\",\"description\":\"VECTOR est une marque d\u00e9pos\u00e9e de pr\u00eat \u00e0 porter sp\u00e9cialis\u00e9 dans la vente des v\u00eatements pour hommes.\",\"publisher\":{\"@id\":\"https:\/\/www.vector.tn\/#organization\"},\"potentialAction\":[{\"@type\":\"SearchAction\",\"target\":{\"@type\":\"EntryPoint\",\"urlTemplate\":\"https:\/\/www.vector.tn\/?s={search_term_string}\"},\"query-input\":{\"@type\":\"PropertyValueSpecification\",\"valueRequired\":true,\"valueName\":\"search_term_string\"}}],\"inLanguage\":\"fr-FR\"},{\"@type\":\"Organization\",\"@id\":\"https:\/\/www.vector.tn\/#organization\",\"name\":\"Vector\",\"url\":\"https:\/\/www.vector.tn\/\",\"logo\":{\"@type\":\"ImageObject\",\"inLanguage\":\"fr-FR\",\"@id\":\"https:\/\/www.vector.tn\/#\/schema\/logo\/image\/\",\"url\":\"https:\/\/www.vector.tn\/wp-content\/uploads\/2025\/07\/logo_vector.png\",\"contentUrl\":\"https:\/\/www.vector.tn\/wp-content\/uploads\/2025\/07\/logo_vector.png\",\"width\":160,\"height\":48,\"caption\":\"Vector\"},\"image\":{\"@id\":\"https:\/\/www.vector.tn\/#\/schema\/logo\/image\/\"},\"sameAs\":[\"https:\/\/www.facebook.com\/VECTOR.Tunisie\"]}]}<\/script>\n<!-- \/ Yoast SEO plugin. -->","yoast_head_json":{"title":"Cotton T-shirt - Vector","robots":{"index":"index","follow":"follow","max-snippet":"max-snippet:-1","max-image-preview":"max-image-preview:large","max-video-preview":"max-video-preview:-1"},"canonical":"https:\/\/www.vector.tn\/index.php\/product\/cotton-t-shirt\/","og_locale":"fr_FR","og_type":"article","og_title":"Cotton T-shirt - Vector","og_description":"Duis aute irure dolor in reprehenderit in voluptate velit esse cillum dolore eu fugiat nulla pariatur.","og_url":"https:\/\/www.vector.tn\/index.php\/product\/cotton-t-shirt\/","og_site_name":"Vector","article_publisher":"https:\/\/www.facebook.com\/VECTOR.Tunisie","article_modified_time":"2025-08-10T13:26:02+00:00","og_image":[{"width":1275,"height":1800,"url":"https:\/\/www.vector.tn\/wp-content\/uploads\/2016\/07\/0000.png","type":"image\/png"}],"twitter_card":"summary_large_image","schema":{"@context":"https:\/\/schema.org","@graph":[{"@type":"WebPage","@id":"https:\/\/www.vector.tn\/index.php\/product\/cotton-t-shirt\/","url":"https:\/\/www.vector.tn\/index.php\/product\/cotton-t-shirt\/","name":"Cotton T-shirt - Vector","isPartOf":{"@id":"https:\/\/www.vector.tn\/#website"},"primaryImageOfPage":{"@id":"https:\/\/www.vector.tn\/index.php\/product\/cotton-t-shirt\/#primaryimage"},"image":{"@id":"https:\/\/www.vector.tn\/index.php\/product\/cotton-t-shirt\/#primaryimage"},"thumbnailUrl":"https:\/\/www.vector.tn\/wp-content\/uploads\/2016\/07\/0000.png","datePublished":"2016-07-29T04:27:26+00:00","dateModified":"2025-08-10T13:26:02+00:00","breadcrumb":{"@id":"https:\/\/www.vector.tn\/index.php\/product\/cotton-t-shirt\/#breadcrumb"},"inLanguage":"fr-FR","potentialAction":[{"@type":"ReadAction","target":["https:\/\/www.vector.tn\/index.php\/product\/cotton-t-shirt\/"]}]},{"@type":"ImageObject","inLanguage":"fr-FR","@id":"https:\/\/www.vector.tn\/index.php\/product\/cotton-t-shirt\/#primaryimage","url":"https:\/\/www.vector.tn\/wp-content\/uploads\/2016\/07\/0000.png","contentUrl":"https:\/\/www.vector.tn\/wp-content\/uploads\/2016\/07\/0000.png","width":1275,"height":1800},{"@type":"BreadcrumbList","@id":"https:\/\/www.vector.tn\/index.php\/product\/cotton-t-shirt\/#breadcrumb","itemListElement":[{"@type":"ListItem","position":1,"name":"Accueil","item":"https:\/\/www.vector.tn\/"},{"@type":"ListItem","position":2,"name":"Boutique","item":"https:\/\/www.vector.tn\/index.php\/shop\/"},{"@type":"ListItem","position":3,"name":"Cotton T-shirt"}]},{"@type":"WebSite","@id":"https:\/\/www.vector.tn\/#website","url":"https:\/\/www.vector.tn\/","name":"Vector","description":"VECTOR est une marque d\u00e9pos\u00e9e de pr\u00eat \u00e0 porter sp\u00e9cialis\u00e9 dans la vente des v\u00eatements pour hommes.","publisher":{"@id":"https:\/\/www.vector.tn\/#organization"},"potentialAction":[{"@type":"SearchAction","target":{"@type":"EntryPoint","urlTemplate":"https:\/\/www.vector.tn\/?s={search_term_string}"},"query-input":{"@type":"PropertyValueSpecification","valueRequired":true,"valueName":"search_term_string"}}],"inLanguage":"fr-FR"},{"@type":"Organization","@id":"https:\/\/www.vector.tn\/#organization","name":"Vector","url":"https:\/\/www.vector.tn\/","logo":{"@type":"ImageObject","inLanguage":"fr-FR","@id":"https:\/\/www.vector.tn\/#\/schema\/logo\/image\/","url":"https:\/\/www.vector.tn\/wp-content\/uploads\/2025\/07\/logo_vector.png","contentUrl":"https:\/\/www.vector.tn\/wp-content\/uploads\/2025\/07\/logo_vector.png","width":160,"height":48,"caption":"Vector"},"image":{"@id":"https:\/\/www.vector.tn\/#\/schema\/logo\/image\/"},"sameAs":["https:\/\/www.facebook.com\/VECTOR.Tunisie"]}]}},"_links":{"self":[{"href":"https:\/\/www.vector.tn\/index.php\/wp-json\/wp\/v2\/product\/92","targetHints":{"allow":["GET"]}}],"collection":[{"href":"https:\/\/www.vector.tn\/index.php\/wp-json\/wp\/v2\/product"}],"about":[{"href":"https:\/\/www.vector.tn\/index.php\/wp-json\/wp\/v2\/types\/product"}],"wp:featuredmedia":[{"embeddable":true,"href":"https:\/\/www.vector.tn\/index.php\/wp-json\/wp\/v2\/media\/2746"}],"wp:attachment":[{"href":"https:\/\/www.vector.tn\/index.php\/wp-json\/wp\/v2\/media?parent=92"}],"wp:term":[{"taxonomy":"product_brand","embeddable":true,"href":"https:\/\/www.vector.tn\/index.php\/wp-json\/wp\/v2\/product_brand?post=92"},{"taxonomy":"product_cat","embeddable":true,"href":"https:\/\/www.vector.tn\/index.php\/wp-json\/wp\/v2\/product_cat?post=92"},{"taxonomy":"product_tag","embeddable":true,"href":"https:\/\/www.vector.tn\/index.php\/wp-json\/wp\/v2\/product_tag?post=92"}],"curies":[{"name":"wp","href":"https:\/\/api.w.org\/{rel}","templated":true}]}}