{"id":3297,"date":"2025-08-12T15:53:42","date_gmt":"2025-08-12T15:53:42","guid":{"rendered":"https:\/\/www.vector.tn\/?post_type=product&#038;p=3297"},"modified":"2025-12-23T00:00:56","modified_gmt":"2025-12-23T00:00:56","slug":"costume-cerimoniale-daim","status":"publish","type":"product","link":"https:\/\/www.vector.tn\/index.php\/product\/costume-cerimoniale-daim\/","title":{"rendered":"Costume Cerimoniale"},"content":{"rendered":"<p data-start=\"84\" data-end=\"182\"><strong data-start=\"84\" data-end=\"180\">Costume C\u00e9r\u00e9monial \u2013 Raffinement et \u00e9l\u00e9gance absolue (veste + pantalon slim + n\u0153ud papillon)<\/strong><\/p>\n<p data-start=\"184\" data-end=\"599\">Sublimez vos plus beaux \u00e9v\u00e9nements avec ce costume c\u00e9r\u00e9monial d\u2019exception, con\u00e7u pour les hommes qui recherchent classe et sophistication. Compos\u00e9 d\u2019une veste raffin\u00e9e, d\u2019un pantalon slim parfaitement ajust\u00e9 et d\u2019un n\u0153ud papillon \u00e9l\u00e9gant, cet ensemble incarne le style intemporel et la modernit\u00e9. Id\u00e9al pour les mariages, r\u00e9ceptions, soir\u00e9es de gala et occasions sp\u00e9ciales, il allie confort, finesse et prestance.<\/p>\n<p data-start=\"601\" data-end=\"625\"><strong data-start=\"601\" data-end=\"623\">Caract\u00e9ristiques :<\/strong><\/p>\n<ul data-start=\"626\" data-end=\"1023\">\n<li data-start=\"626\" data-end=\"701\">\n<p data-start=\"628\" data-end=\"701\"><strong data-start=\"628\" data-end=\"648\">Veste de costume<\/strong> slim fit, coupe moderne et finitions haut de gamme<\/p>\n<\/li>\n<li data-start=\"702\" data-end=\"765\">\n<p data-start=\"704\" data-end=\"765\"><strong data-start=\"704\" data-end=\"723\">Pantalon ajust\u00e9<\/strong> pour une silhouette \u00e9lanc\u00e9e et \u00e9l\u00e9gante<\/p>\n<\/li>\n<li data-start=\"766\" data-end=\"829\">\n<p data-start=\"768\" data-end=\"829\"><strong data-start=\"768\" data-end=\"797\">N\u0153ud papillon sophistiqu\u00e9<\/strong> inclus pour compl\u00e9ter le look<\/p>\n<\/li>\n<li data-start=\"830\" data-end=\"884\">\n<p data-start=\"832\" data-end=\"884\">Tissu premium doux, respirant et agr\u00e9able \u00e0 porter<\/p>\n<\/li>\n<li data-start=\"885\" data-end=\"956\">\n<p data-start=\"887\" data-end=\"956\">Design intemporel, parfait pour les c\u00e9r\u00e9monies et grands \u00e9v\u00e9nements<\/p>\n<\/li>\n<li data-start=\"957\" data-end=\"1023\">\n<p data-start=\"959\" data-end=\"1023\"><strong data-start=\"959\" data-end=\"994\">Disponible en plusieurs tailles<\/strong> pour un ajustement optimal<\/p>\n<\/li>\n<\/ul>\n","protected":false},"excerpt":{"rendered":"<p data-start=\"84\" data-end=\"182\"><strong data-start=\"84\" data-end=\"180\">Costume C\u00e9r\u00e9monial \u2013 Raffinement et \u00e9l\u00e9gance absolue\u00a0<\/strong><\/p>\n<p data-start=\"184\" data-end=\"599\">Sublimez vos plus beaux \u00e9v\u00e9nements avec ce costume c\u00e9r\u00e9monial d\u2019exception, con\u00e7u pour les hommes qui recherchent classe et sophistication. Compos\u00e9 d\u2019une veste raffin\u00e9e, d\u2019un pantalon slim parfaitement ajust\u00e9 et d\u2019un n\u0153ud papillon \u00e9l\u00e9gant, cet ensemble incarne le style intemporel et la modernit\u00e9. Id\u00e9al pour les mariages, r\u00e9ceptions, soir\u00e9es de gala et occasions sp\u00e9ciales, il allie confort, finesse et prestance.<\/p>\n<p data-start=\"601\" data-end=\"625\"><strong data-start=\"601\" data-end=\"623\">Caract\u00e9ristiques :<\/strong><\/p>\n<ul data-start=\"626\" data-end=\"1023\">\n<li data-start=\"626\" data-end=\"701\">\n<p data-start=\"628\" data-end=\"701\"><strong data-start=\"628\" data-end=\"648\">Veste de costume<\/strong> slim fit, coupe moderne et finitions haut de gamme<\/p>\n<\/li>\n<li data-start=\"702\" data-end=\"765\">\n<p data-start=\"704\" data-end=\"765\"><strong data-start=\"704\" data-end=\"723\">Pantalon ajust\u00e9<\/strong> pour une silhouette \u00e9lanc\u00e9e et \u00e9l\u00e9gante<\/p>\n<\/li>\n<li data-start=\"766\" data-end=\"829\">\n<p data-start=\"768\" data-end=\"829\"><strong data-start=\"768\" data-end=\"797\">N\u0153ud papillon sophistiqu\u00e9<\/strong> inclus pour compl\u00e9ter le look<\/p>\n<\/li>\n<li data-start=\"830\" data-end=\"884\">\n<p data-start=\"832\" data-end=\"884\">Tissu premium doux, respirant et agr\u00e9able \u00e0 porter<\/p>\n<\/li>\n<li data-start=\"885\" data-end=\"956\">\n<p data-start=\"887\" data-end=\"956\">Design intemporel, parfait pour les c\u00e9r\u00e9monies et grands \u00e9v\u00e9nements<\/p>\n<\/li>\n<li data-start=\"957\" data-end=\"1023\">\n<p data-start=\"959\" data-end=\"1023\"><strong data-start=\"959\" data-end=\"994\">Disponible en plusieurs tailles<\/strong> pour un ajustement optimal<\/p>\n<\/li>\n<\/ul>\n","protected":false},"featured_media":3113,"template":"","meta":[],"product_brand":[],"product_cat":[54],"product_tag":[],"class_list":{"0":"post-3297","1":"product","2":"type-product","3":"status-publish","4":"has-post-thumbnail","6":"product_cat-costume","8":"first","9":"instock","10":"shipping-taxable","11":"purchasable","12":"product-type-simple","13":"layout-style-1","14":"col-md-4 col-sm-4 col-xs-6","15":"col-lg-3","16":"product-has-gallery","17":"product-style-default"},"yoast_head":"<!-- This site is optimized with the Yoast SEO plugin v25.7 - https:\/\/yoast.com\/wordpress\/plugins\/seo\/ -->\n<title>Costume Cerimoniale - Vector<\/title>\n<meta name=\"robots\" content=\"index, follow, max-snippet:-1, max-image-preview:large, max-video-preview:-1\" \/>\n<link rel=\"canonical\" href=\"https:\/\/www.vector.tn\/index.php\/product\/costume-cerimoniale-daim\/\" \/>\n<meta property=\"og:locale\" content=\"fr_FR\" \/>\n<meta property=\"og:type\" content=\"article\" \/>\n<meta property=\"og:title\" content=\"Costume Cerimoniale - Vector\" \/>\n<meta property=\"og:description\" content=\"Costume C\u00e9r\u00e9monial \u2013 Raffinement et \u00e9l\u00e9gance absolue\u00a0 Sublimez vos plus beaux \u00e9v\u00e9nements avec ce costume c\u00e9r\u00e9monial d\u2019exception, con\u00e7u pour les hommes qui recherchent classe et sophistication. Compos\u00e9 d\u2019une veste raffin\u00e9e, d\u2019un pantalon slim parfaitement ajust\u00e9 et d\u2019un n\u0153ud papillon \u00e9l\u00e9gant, cet ensemble incarne le style intemporel et la modernit\u00e9. Id\u00e9al pour les mariages, r\u00e9ceptions, soir\u00e9es de gala et occasions sp\u00e9ciales, il allie confort, finesse et prestance. Caract\u00e9ristiques :     Veste de costume slim fit, coupe moderne et finitions haut de gamme    Pantalon ajust\u00e9 pour une silhouette \u00e9lanc\u00e9e et \u00e9l\u00e9gante    N\u0153ud papillon sophistiqu\u00e9 inclus pour compl\u00e9ter le look    Tissu premium doux, respirant et agr\u00e9able \u00e0 porter    Design intemporel, parfait pour les c\u00e9r\u00e9monies et grands \u00e9v\u00e9nements    Disponible en plusieurs tailles pour un ajustement optimal\" \/>\n<meta property=\"og:url\" content=\"https:\/\/www.vector.tn\/index.php\/product\/costume-cerimoniale-daim\/\" \/>\n<meta property=\"og:site_name\" content=\"Vector\" \/>\n<meta property=\"article:publisher\" content=\"https:\/\/www.facebook.com\/VECTOR.Tunisie\" \/>\n<meta property=\"article:modified_time\" content=\"2025-12-23T00:00:56+00:00\" \/>\n<meta property=\"og:image\" content=\"https:\/\/www.vector.tn\/wp-content\/uploads\/2025\/07\/IMG_1881-Photoroom-15-scaled.jpg\" \/>\n\t<meta property=\"og:image:width\" content=\"1707\" \/>\n\t<meta property=\"og:image:height\" content=\"2560\" \/>\n\t<meta property=\"og:image:type\" content=\"image\/jpeg\" \/>\n<meta name=\"twitter:card\" content=\"summary_large_image\" \/>\n<meta name=\"twitter:label1\" content=\"Dur\u00e9e de lecture estim\u00e9e\" \/>\n\t<meta name=\"twitter:data1\" content=\"1 minute\" \/>\n<script type=\"application\/ld+json\" class=\"yoast-schema-graph\">{\"@context\":\"https:\/\/schema.org\",\"@graph\":[{\"@type\":\"WebPage\",\"@id\":\"https:\/\/www.vector.tn\/index.php\/product\/costume-cerimoniale-daim\/\",\"url\":\"https:\/\/www.vector.tn\/index.php\/product\/costume-cerimoniale-daim\/\",\"name\":\"Costume Cerimoniale - Vector\",\"isPartOf\":{\"@id\":\"https:\/\/www.vector.tn\/#website\"},\"primaryImageOfPage\":{\"@id\":\"https:\/\/www.vector.tn\/index.php\/product\/costume-cerimoniale-daim\/#primaryimage\"},\"image\":{\"@id\":\"https:\/\/www.vector.tn\/index.php\/product\/costume-cerimoniale-daim\/#primaryimage\"},\"thumbnailUrl\":\"https:\/\/www.vector.tn\/wp-content\/uploads\/2025\/07\/IMG_1881-Photoroom-15-scaled.jpg\",\"datePublished\":\"2025-08-12T15:53:42+00:00\",\"dateModified\":\"2025-12-23T00:00:56+00:00\",\"breadcrumb\":{\"@id\":\"https:\/\/www.vector.tn\/index.php\/product\/costume-cerimoniale-daim\/#breadcrumb\"},\"inLanguage\":\"fr-FR\",\"potentialAction\":[{\"@type\":\"ReadAction\",\"target\":[\"https:\/\/www.vector.tn\/index.php\/product\/costume-cerimoniale-daim\/\"]}]},{\"@type\":\"ImageObject\",\"inLanguage\":\"fr-FR\",\"@id\":\"https:\/\/www.vector.tn\/index.php\/product\/costume-cerimoniale-daim\/#primaryimage\",\"url\":\"https:\/\/www.vector.tn\/wp-content\/uploads\/2025\/07\/IMG_1881-Photoroom-15-scaled.jpg\",\"contentUrl\":\"https:\/\/www.vector.tn\/wp-content\/uploads\/2025\/07\/IMG_1881-Photoroom-15-scaled.jpg\",\"width\":1707,\"height\":2560},{\"@type\":\"BreadcrumbList\",\"@id\":\"https:\/\/www.vector.tn\/index.php\/product\/costume-cerimoniale-daim\/#breadcrumb\",\"itemListElement\":[{\"@type\":\"ListItem\",\"position\":1,\"name\":\"Accueil\",\"item\":\"https:\/\/www.vector.tn\/\"},{\"@type\":\"ListItem\",\"position\":2,\"name\":\"Boutique\",\"item\":\"https:\/\/www.vector.tn\/index.php\/shop\/\"},{\"@type\":\"ListItem\",\"position\":3,\"name\":\"Costume Cerimoniale\"}]},{\"@type\":\"WebSite\",\"@id\":\"https:\/\/www.vector.tn\/#website\",\"url\":\"https:\/\/www.vector.tn\/\",\"name\":\"Vector\",\"description\":\"VECTOR est une marque d\u00e9pos\u00e9e de pr\u00eat \u00e0 porter sp\u00e9cialis\u00e9 dans la vente des v\u00eatements pour hommes.\",\"publisher\":{\"@id\":\"https:\/\/www.vector.tn\/#organization\"},\"potentialAction\":[{\"@type\":\"SearchAction\",\"target\":{\"@type\":\"EntryPoint\",\"urlTemplate\":\"https:\/\/www.vector.tn\/?s={search_term_string}\"},\"query-input\":{\"@type\":\"PropertyValueSpecification\",\"valueRequired\":true,\"valueName\":\"search_term_string\"}}],\"inLanguage\":\"fr-FR\"},{\"@type\":\"Organization\",\"@id\":\"https:\/\/www.vector.tn\/#organization\",\"name\":\"Vector\",\"url\":\"https:\/\/www.vector.tn\/\",\"logo\":{\"@type\":\"ImageObject\",\"inLanguage\":\"fr-FR\",\"@id\":\"https:\/\/www.vector.tn\/#\/schema\/logo\/image\/\",\"url\":\"https:\/\/www.vector.tn\/wp-content\/uploads\/2025\/07\/logo_vector.png\",\"contentUrl\":\"https:\/\/www.vector.tn\/wp-content\/uploads\/2025\/07\/logo_vector.png\",\"width\":160,\"height\":48,\"caption\":\"Vector\"},\"image\":{\"@id\":\"https:\/\/www.vector.tn\/#\/schema\/logo\/image\/\"},\"sameAs\":[\"https:\/\/www.facebook.com\/VECTOR.Tunisie\"]}]}<\/script>\n<!-- \/ Yoast SEO plugin. -->","yoast_head_json":{"title":"Costume Cerimoniale - Vector","robots":{"index":"index","follow":"follow","max-snippet":"max-snippet:-1","max-image-preview":"max-image-preview:large","max-video-preview":"max-video-preview:-1"},"canonical":"https:\/\/www.vector.tn\/index.php\/product\/costume-cerimoniale-daim\/","og_locale":"fr_FR","og_type":"article","og_title":"Costume Cerimoniale - Vector","og_description":"Costume C\u00e9r\u00e9monial \u2013 Raffinement et \u00e9l\u00e9gance absolue\u00a0 Sublimez vos plus beaux \u00e9v\u00e9nements avec ce costume c\u00e9r\u00e9monial d\u2019exception, con\u00e7u pour les hommes qui recherchent classe et sophistication. Compos\u00e9 d\u2019une veste raffin\u00e9e, d\u2019un pantalon slim parfaitement ajust\u00e9 et d\u2019un n\u0153ud papillon \u00e9l\u00e9gant, cet ensemble incarne le style intemporel et la modernit\u00e9. Id\u00e9al pour les mariages, r\u00e9ceptions, soir\u00e9es de gala et occasions sp\u00e9ciales, il allie confort, finesse et prestance. Caract\u00e9ristiques :     Veste de costume slim fit, coupe moderne et finitions haut de gamme    Pantalon ajust\u00e9 pour une silhouette \u00e9lanc\u00e9e et \u00e9l\u00e9gante    N\u0153ud papillon sophistiqu\u00e9 inclus pour compl\u00e9ter le look    Tissu premium doux, respirant et agr\u00e9able \u00e0 porter    Design intemporel, parfait pour les c\u00e9r\u00e9monies et grands \u00e9v\u00e9nements    Disponible en plusieurs tailles pour un ajustement optimal","og_url":"https:\/\/www.vector.tn\/index.php\/product\/costume-cerimoniale-daim\/","og_site_name":"Vector","article_publisher":"https:\/\/www.facebook.com\/VECTOR.Tunisie","article_modified_time":"2025-12-23T00:00:56+00:00","og_image":[{"width":1707,"height":2560,"url":"https:\/\/www.vector.tn\/wp-content\/uploads\/2025\/07\/IMG_1881-Photoroom-15-scaled.jpg","type":"image\/jpeg"}],"twitter_card":"summary_large_image","twitter_misc":{"Dur\u00e9e de lecture estim\u00e9e":"1 minute"},"schema":{"@context":"https:\/\/schema.org","@graph":[{"@type":"WebPage","@id":"https:\/\/www.vector.tn\/index.php\/product\/costume-cerimoniale-daim\/","url":"https:\/\/www.vector.tn\/index.php\/product\/costume-cerimoniale-daim\/","name":"Costume Cerimoniale - Vector","isPartOf":{"@id":"https:\/\/www.vector.tn\/#website"},"primaryImageOfPage":{"@id":"https:\/\/www.vector.tn\/index.php\/product\/costume-cerimoniale-daim\/#primaryimage"},"image":{"@id":"https:\/\/www.vector.tn\/index.php\/product\/costume-cerimoniale-daim\/#primaryimage"},"thumbnailUrl":"https:\/\/www.vector.tn\/wp-content\/uploads\/2025\/07\/IMG_1881-Photoroom-15-scaled.jpg","datePublished":"2025-08-12T15:53:42+00:00","dateModified":"2025-12-23T00:00:56+00:00","breadcrumb":{"@id":"https:\/\/www.vector.tn\/index.php\/product\/costume-cerimoniale-daim\/#breadcrumb"},"inLanguage":"fr-FR","potentialAction":[{"@type":"ReadAction","target":["https:\/\/www.vector.tn\/index.php\/product\/costume-cerimoniale-daim\/"]}]},{"@type":"ImageObject","inLanguage":"fr-FR","@id":"https:\/\/www.vector.tn\/index.php\/product\/costume-cerimoniale-daim\/#primaryimage","url":"https:\/\/www.vector.tn\/wp-content\/uploads\/2025\/07\/IMG_1881-Photoroom-15-scaled.jpg","contentUrl":"https:\/\/www.vector.tn\/wp-content\/uploads\/2025\/07\/IMG_1881-Photoroom-15-scaled.jpg","width":1707,"height":2560},{"@type":"BreadcrumbList","@id":"https:\/\/www.vector.tn\/index.php\/product\/costume-cerimoniale-daim\/#breadcrumb","itemListElement":[{"@type":"ListItem","position":1,"name":"Accueil","item":"https:\/\/www.vector.tn\/"},{"@type":"ListItem","position":2,"name":"Boutique","item":"https:\/\/www.vector.tn\/index.php\/shop\/"},{"@type":"ListItem","position":3,"name":"Costume Cerimoniale"}]},{"@type":"WebSite","@id":"https:\/\/www.vector.tn\/#website","url":"https:\/\/www.vector.tn\/","name":"Vector","description":"VECTOR est une marque d\u00e9pos\u00e9e de pr\u00eat \u00e0 porter sp\u00e9cialis\u00e9 dans la vente des v\u00eatements pour hommes.","publisher":{"@id":"https:\/\/www.vector.tn\/#organization"},"potentialAction":[{"@type":"SearchAction","target":{"@type":"EntryPoint","urlTemplate":"https:\/\/www.vector.tn\/?s={search_term_string}"},"query-input":{"@type":"PropertyValueSpecification","valueRequired":true,"valueName":"search_term_string"}}],"inLanguage":"fr-FR"},{"@type":"Organization","@id":"https:\/\/www.vector.tn\/#organization","name":"Vector","url":"https:\/\/www.vector.tn\/","logo":{"@type":"ImageObject","inLanguage":"fr-FR","@id":"https:\/\/www.vector.tn\/#\/schema\/logo\/image\/","url":"https:\/\/www.vector.tn\/wp-content\/uploads\/2025\/07\/logo_vector.png","contentUrl":"https:\/\/www.vector.tn\/wp-content\/uploads\/2025\/07\/logo_vector.png","width":160,"height":48,"caption":"Vector"},"image":{"@id":"https:\/\/www.vector.tn\/#\/schema\/logo\/image\/"},"sameAs":["https:\/\/www.facebook.com\/VECTOR.Tunisie"]}]}},"_links":{"self":[{"href":"https:\/\/www.vector.tn\/index.php\/wp-json\/wp\/v2\/product\/3297","targetHints":{"allow":["GET"]}}],"collection":[{"href":"https:\/\/www.vector.tn\/index.php\/wp-json\/wp\/v2\/product"}],"about":[{"href":"https:\/\/www.vector.tn\/index.php\/wp-json\/wp\/v2\/types\/product"}],"wp:featuredmedia":[{"embeddable":true,"href":"https:\/\/www.vector.tn\/index.php\/wp-json\/wp\/v2\/media\/3113"}],"wp:attachment":[{"href":"https:\/\/www.vector.tn\/index.php\/wp-json\/wp\/v2\/media?parent=3297"}],"wp:term":[{"taxonomy":"product_brand","embeddable":true,"href":"https:\/\/www.vector.tn\/index.php\/wp-json\/wp\/v2\/product_brand?post=3297"},{"taxonomy":"product_cat","embeddable":true,"href":"https:\/\/www.vector.tn\/index.php\/wp-json\/wp\/v2\/product_cat?post=3297"},{"taxonomy":"product_tag","embeddable":true,"href":"https:\/\/www.vector.tn\/index.php\/wp-json\/wp\/v2\/product_tag?post=3297"}],"curies":[{"name":"wp","href":"https:\/\/api.w.org\/{rel}","templated":true}]}}