{"id":3193,"date":"2025-07-24T11:55:20","date_gmt":"2025-07-24T11:55:20","guid":{"rendered":"https:\/\/www.vector.tn\/?post_type=product&#038;p=3193"},"modified":"2025-12-23T00:00:57","modified_gmt":"2025-12-23T00:00:57","slug":"ensemble-sport-chic-7","status":"publish","type":"product","link":"https:\/\/www.vector.tn\/index.php\/product\/ensemble-sport-chic-7\/","title":{"rendered":"Ensemble Sport Chic"},"content":{"rendered":"<p data-start=\"148\" data-end=\"197\"><strong data-start=\"148\" data-end=\"195\">Ensemble Sport Chic \u2013 \u00c9l\u00e9gance et modernit\u00e9 <\/strong><strong data-start=\"64\" data-end=\"137\">(blazer + chemise + pantalon chevill\u00e9 + mocassin)<\/strong> :<\/p>\n<p data-start=\"199\" data-end=\"498\">Affichez un style raffin\u00e9 avec cet <strong data-start=\"234\" data-end=\"257\">ensemble sport chic<\/strong> compos\u00e9 d\u2019un <strong data-start=\"271\" data-end=\"289\">blazer \u00e9l\u00e9gant<\/strong>, d\u2019une <strong data-start=\"297\" data-end=\"315\">chemise l\u00e9g\u00e8re<\/strong>, d\u2019un <strong data-start=\"322\" data-end=\"352\">pantalon chevill\u00e9 tendance<\/strong> et de <strong data-start=\"359\" data-end=\"385\">mocassins sophistiqu\u00e9s<\/strong>. Parfait pour vos sorties, \u00e9v\u00e9nements ou occasions sp\u00e9ciales, il allie confort, modernit\u00e9 et style intemporel.<\/p>\n<p data-start=\"500\" data-end=\"524\"><strong data-start=\"500\" data-end=\"522\">Caract\u00e9ristiques :<\/strong><\/p>\n<ul data-start=\"525\" data-end=\"748\">\n<li data-start=\"525\" data-end=\"552\">\n<p data-start=\"527\" data-end=\"552\">Blazer \u00e9l\u00e9gant et l\u00e9ger<\/p>\n<\/li>\n<li data-start=\"553\" data-end=\"590\">\n<p data-start=\"555\" data-end=\"590\">Chemise confortable et respirante<\/p>\n<\/li>\n<li data-start=\"591\" data-end=\"628\">\n<p data-start=\"593\" data-end=\"628\">Pantalon chevill\u00e9 \u00e0 coupe moderne<\/p>\n<\/li>\n<li data-start=\"629\" data-end=\"663\">\n<p data-start=\"631\" data-end=\"663\">Mocassins raffin\u00e9s et durables<\/p>\n<\/li>\n<li data-start=\"664\" data-end=\"701\">\n<p data-start=\"666\" data-end=\"701\">Style chic-d\u00e9contract\u00e9 polyvalent<\/p>\n<\/li>\n<li data-start=\"702\" data-end=\"748\">\n<p data-start=\"704\" data-end=\"748\">Disponible en plusieurs tailles et coloris<\/p>\n<\/li>\n<\/ul>\n","protected":false},"excerpt":{"rendered":"<p data-start=\"148\" data-end=\"197\"><strong data-start=\"148\" data-end=\"195\">Ensemble Sport Chic \u2013 \u00c9l\u00e9gance et modernit\u00e9 <\/strong><strong data-start=\"64\" data-end=\"137\">(blazer + chemise + pantalon chevill\u00e9 + mocassin)<\/strong> :<\/p>\n<p data-start=\"199\" data-end=\"498\">Affichez un style raffin\u00e9 avec cet <strong data-start=\"234\" data-end=\"257\">ensemble sport chic<\/strong> compos\u00e9 d\u2019un <strong data-start=\"271\" data-end=\"289\">blazer \u00e9l\u00e9gant<\/strong>, d\u2019une <strong data-start=\"297\" data-end=\"315\">chemise l\u00e9g\u00e8re<\/strong>, d\u2019un <strong data-start=\"322\" data-end=\"352\">pantalon chevill\u00e9 tendance<\/strong> et de <strong data-start=\"359\" data-end=\"385\">mocassins sophistiqu\u00e9s<\/strong>. Parfait pour vos sorties, \u00e9v\u00e9nements ou occasions sp\u00e9ciales, il allie confort, modernit\u00e9 et style intemporel.<\/p>\n<p data-start=\"500\" data-end=\"524\"><strong data-start=\"500\" data-end=\"522\">Caract\u00e9ristiques :<\/strong><\/p>\n<ul data-start=\"525\" data-end=\"748\">\n<li data-start=\"525\" data-end=\"552\">\n<p data-start=\"527\" data-end=\"552\">Blazer \u00e9l\u00e9gant et l\u00e9ger<\/p>\n<\/li>\n<li data-start=\"553\" data-end=\"590\">\n<p data-start=\"555\" data-end=\"590\">Chemise confortable et respirante<\/p>\n<\/li>\n<li data-start=\"591\" data-end=\"628\">\n<p data-start=\"593\" data-end=\"628\">Pantalon chevill\u00e9 \u00e0 coupe moderne<\/p>\n<\/li>\n<li data-start=\"629\" data-end=\"663\">\n<p data-start=\"631\" data-end=\"663\">Mocassins raffin\u00e9s et durables<\/p>\n<\/li>\n<li data-start=\"664\" data-end=\"701\">\n<p data-start=\"666\" data-end=\"701\">Style chic-d\u00e9contract\u00e9 polyvalent<\/p>\n<\/li>\n<li data-start=\"702\" data-end=\"748\">\n<p data-start=\"704\" data-end=\"748\">Disponible en plusieurs tailles et coloris<\/p>\n<\/li>\n<\/ul>\n","protected":false},"featured_media":3194,"template":"","meta":[],"product_brand":[],"product_cat":[55],"product_tag":[],"class_list":{"0":"post-3193","1":"product","2":"type-product","3":"status-publish","4":"has-post-thumbnail","6":"product_cat-total-look","8":"first","9":"instock","10":"shipping-taxable","11":"purchasable","12":"product-type-simple","13":"layout-style-1","14":"col-md-4 col-sm-4 col-xs-6","15":"col-lg-3","16":"product-has-gallery","17":"product-style-default"},"yoast_head":"<!-- This site is optimized with the Yoast SEO plugin v25.7 - https:\/\/yoast.com\/wordpress\/plugins\/seo\/ -->\n<title>Ensemble Sport Chic - Vector<\/title>\n<meta name=\"robots\" content=\"index, follow, max-snippet:-1, max-image-preview:large, max-video-preview:-1\" \/>\n<link rel=\"canonical\" href=\"https:\/\/www.vector.tn\/index.php\/product\/ensemble-sport-chic-7\/\" \/>\n<meta property=\"og:locale\" content=\"fr_FR\" \/>\n<meta property=\"og:type\" content=\"article\" \/>\n<meta property=\"og:title\" content=\"Ensemble Sport Chic - Vector\" \/>\n<meta property=\"og:description\" content=\"Ensemble Sport Chic \u2013 \u00c9l\u00e9gance et modernit\u00e9 (blazer + chemise + pantalon chevill\u00e9 + mocassin) : Affichez un style raffin\u00e9 avec cet ensemble sport chic compos\u00e9 d\u2019un blazer \u00e9l\u00e9gant, d\u2019une chemise l\u00e9g\u00e8re, d\u2019un pantalon chevill\u00e9 tendance et de mocassins sophistiqu\u00e9s. Parfait pour vos sorties, \u00e9v\u00e9nements ou occasions sp\u00e9ciales, il allie confort, modernit\u00e9 et style intemporel. Caract\u00e9ristiques :     Blazer \u00e9l\u00e9gant et l\u00e9ger    Chemise confortable et respirante    Pantalon chevill\u00e9 \u00e0 coupe moderne    Mocassins raffin\u00e9s et durables    Style chic-d\u00e9contract\u00e9 polyvalent    Disponible en plusieurs tailles et coloris\" \/>\n<meta property=\"og:url\" content=\"https:\/\/www.vector.tn\/index.php\/product\/ensemble-sport-chic-7\/\" \/>\n<meta property=\"og:site_name\" content=\"Vector\" \/>\n<meta property=\"article:publisher\" content=\"https:\/\/www.facebook.com\/VECTOR.Tunisie\" \/>\n<meta property=\"article:modified_time\" content=\"2025-12-23T00:00:57+00:00\" \/>\n<meta property=\"og:image\" content=\"https:\/\/www.vector.tn\/wp-content\/uploads\/2025\/07\/IMG_2145-Photoroom-26-scaled.jpg\" \/>\n\t<meta property=\"og:image:width\" content=\"1707\" \/>\n\t<meta property=\"og:image:height\" content=\"2560\" \/>\n\t<meta property=\"og:image:type\" content=\"image\/jpeg\" \/>\n<meta name=\"twitter:card\" content=\"summary_large_image\" \/>\n<meta name=\"twitter:label1\" content=\"Dur\u00e9e de lecture estim\u00e9e\" \/>\n\t<meta name=\"twitter:data1\" content=\"1 minute\" \/>\n<script type=\"application\/ld+json\" class=\"yoast-schema-graph\">{\"@context\":\"https:\/\/schema.org\",\"@graph\":[{\"@type\":\"WebPage\",\"@id\":\"https:\/\/www.vector.tn\/index.php\/product\/ensemble-sport-chic-7\/\",\"url\":\"https:\/\/www.vector.tn\/index.php\/product\/ensemble-sport-chic-7\/\",\"name\":\"Ensemble Sport Chic - Vector\",\"isPartOf\":{\"@id\":\"https:\/\/www.vector.tn\/#website\"},\"primaryImageOfPage\":{\"@id\":\"https:\/\/www.vector.tn\/index.php\/product\/ensemble-sport-chic-7\/#primaryimage\"},\"image\":{\"@id\":\"https:\/\/www.vector.tn\/index.php\/product\/ensemble-sport-chic-7\/#primaryimage\"},\"thumbnailUrl\":\"https:\/\/www.vector.tn\/wp-content\/uploads\/2025\/07\/IMG_2145-Photoroom-26-scaled.jpg\",\"datePublished\":\"2025-07-24T11:55:20+00:00\",\"dateModified\":\"2025-12-23T00:00:57+00:00\",\"breadcrumb\":{\"@id\":\"https:\/\/www.vector.tn\/index.php\/product\/ensemble-sport-chic-7\/#breadcrumb\"},\"inLanguage\":\"fr-FR\",\"potentialAction\":[{\"@type\":\"ReadAction\",\"target\":[\"https:\/\/www.vector.tn\/index.php\/product\/ensemble-sport-chic-7\/\"]}]},{\"@type\":\"ImageObject\",\"inLanguage\":\"fr-FR\",\"@id\":\"https:\/\/www.vector.tn\/index.php\/product\/ensemble-sport-chic-7\/#primaryimage\",\"url\":\"https:\/\/www.vector.tn\/wp-content\/uploads\/2025\/07\/IMG_2145-Photoroom-26-scaled.jpg\",\"contentUrl\":\"https:\/\/www.vector.tn\/wp-content\/uploads\/2025\/07\/IMG_2145-Photoroom-26-scaled.jpg\",\"width\":1707,\"height\":2560},{\"@type\":\"BreadcrumbList\",\"@id\":\"https:\/\/www.vector.tn\/index.php\/product\/ensemble-sport-chic-7\/#breadcrumb\",\"itemListElement\":[{\"@type\":\"ListItem\",\"position\":1,\"name\":\"Accueil\",\"item\":\"https:\/\/www.vector.tn\/\"},{\"@type\":\"ListItem\",\"position\":2,\"name\":\"Boutique\",\"item\":\"https:\/\/www.vector.tn\/index.php\/shop\/\"},{\"@type\":\"ListItem\",\"position\":3,\"name\":\"Ensemble Sport Chic\"}]},{\"@type\":\"WebSite\",\"@id\":\"https:\/\/www.vector.tn\/#website\",\"url\":\"https:\/\/www.vector.tn\/\",\"name\":\"Vector\",\"description\":\"VECTOR est une marque d\u00e9pos\u00e9e de pr\u00eat \u00e0 porter sp\u00e9cialis\u00e9 dans la vente des v\u00eatements pour hommes.\",\"publisher\":{\"@id\":\"https:\/\/www.vector.tn\/#organization\"},\"potentialAction\":[{\"@type\":\"SearchAction\",\"target\":{\"@type\":\"EntryPoint\",\"urlTemplate\":\"https:\/\/www.vector.tn\/?s={search_term_string}\"},\"query-input\":{\"@type\":\"PropertyValueSpecification\",\"valueRequired\":true,\"valueName\":\"search_term_string\"}}],\"inLanguage\":\"fr-FR\"},{\"@type\":\"Organization\",\"@id\":\"https:\/\/www.vector.tn\/#organization\",\"name\":\"Vector\",\"url\":\"https:\/\/www.vector.tn\/\",\"logo\":{\"@type\":\"ImageObject\",\"inLanguage\":\"fr-FR\",\"@id\":\"https:\/\/www.vector.tn\/#\/schema\/logo\/image\/\",\"url\":\"https:\/\/www.vector.tn\/wp-content\/uploads\/2025\/07\/logo_vector.png\",\"contentUrl\":\"https:\/\/www.vector.tn\/wp-content\/uploads\/2025\/07\/logo_vector.png\",\"width\":160,\"height\":48,\"caption\":\"Vector\"},\"image\":{\"@id\":\"https:\/\/www.vector.tn\/#\/schema\/logo\/image\/\"},\"sameAs\":[\"https:\/\/www.facebook.com\/VECTOR.Tunisie\"]}]}<\/script>\n<!-- \/ Yoast SEO plugin. -->","yoast_head_json":{"title":"Ensemble Sport Chic - Vector","robots":{"index":"index","follow":"follow","max-snippet":"max-snippet:-1","max-image-preview":"max-image-preview:large","max-video-preview":"max-video-preview:-1"},"canonical":"https:\/\/www.vector.tn\/index.php\/product\/ensemble-sport-chic-7\/","og_locale":"fr_FR","og_type":"article","og_title":"Ensemble Sport Chic - Vector","og_description":"Ensemble Sport Chic \u2013 \u00c9l\u00e9gance et modernit\u00e9 (blazer + chemise + pantalon chevill\u00e9 + mocassin) : Affichez un style raffin\u00e9 avec cet ensemble sport chic compos\u00e9 d\u2019un blazer \u00e9l\u00e9gant, d\u2019une chemise l\u00e9g\u00e8re, d\u2019un pantalon chevill\u00e9 tendance et de mocassins sophistiqu\u00e9s. Parfait pour vos sorties, \u00e9v\u00e9nements ou occasions sp\u00e9ciales, il allie confort, modernit\u00e9 et style intemporel. Caract\u00e9ristiques :     Blazer \u00e9l\u00e9gant et l\u00e9ger    Chemise confortable et respirante    Pantalon chevill\u00e9 \u00e0 coupe moderne    Mocassins raffin\u00e9s et durables    Style chic-d\u00e9contract\u00e9 polyvalent    Disponible en plusieurs tailles et coloris","og_url":"https:\/\/www.vector.tn\/index.php\/product\/ensemble-sport-chic-7\/","og_site_name":"Vector","article_publisher":"https:\/\/www.facebook.com\/VECTOR.Tunisie","article_modified_time":"2025-12-23T00:00:57+00:00","og_image":[{"width":1707,"height":2560,"url":"https:\/\/www.vector.tn\/wp-content\/uploads\/2025\/07\/IMG_2145-Photoroom-26-scaled.jpg","type":"image\/jpeg"}],"twitter_card":"summary_large_image","twitter_misc":{"Dur\u00e9e de lecture estim\u00e9e":"1 minute"},"schema":{"@context":"https:\/\/schema.org","@graph":[{"@type":"WebPage","@id":"https:\/\/www.vector.tn\/index.php\/product\/ensemble-sport-chic-7\/","url":"https:\/\/www.vector.tn\/index.php\/product\/ensemble-sport-chic-7\/","name":"Ensemble Sport Chic - Vector","isPartOf":{"@id":"https:\/\/www.vector.tn\/#website"},"primaryImageOfPage":{"@id":"https:\/\/www.vector.tn\/index.php\/product\/ensemble-sport-chic-7\/#primaryimage"},"image":{"@id":"https:\/\/www.vector.tn\/index.php\/product\/ensemble-sport-chic-7\/#primaryimage"},"thumbnailUrl":"https:\/\/www.vector.tn\/wp-content\/uploads\/2025\/07\/IMG_2145-Photoroom-26-scaled.jpg","datePublished":"2025-07-24T11:55:20+00:00","dateModified":"2025-12-23T00:00:57+00:00","breadcrumb":{"@id":"https:\/\/www.vector.tn\/index.php\/product\/ensemble-sport-chic-7\/#breadcrumb"},"inLanguage":"fr-FR","potentialAction":[{"@type":"ReadAction","target":["https:\/\/www.vector.tn\/index.php\/product\/ensemble-sport-chic-7\/"]}]},{"@type":"ImageObject","inLanguage":"fr-FR","@id":"https:\/\/www.vector.tn\/index.php\/product\/ensemble-sport-chic-7\/#primaryimage","url":"https:\/\/www.vector.tn\/wp-content\/uploads\/2025\/07\/IMG_2145-Photoroom-26-scaled.jpg","contentUrl":"https:\/\/www.vector.tn\/wp-content\/uploads\/2025\/07\/IMG_2145-Photoroom-26-scaled.jpg","width":1707,"height":2560},{"@type":"BreadcrumbList","@id":"https:\/\/www.vector.tn\/index.php\/product\/ensemble-sport-chic-7\/#breadcrumb","itemListElement":[{"@type":"ListItem","position":1,"name":"Accueil","item":"https:\/\/www.vector.tn\/"},{"@type":"ListItem","position":2,"name":"Boutique","item":"https:\/\/www.vector.tn\/index.php\/shop\/"},{"@type":"ListItem","position":3,"name":"Ensemble Sport Chic"}]},{"@type":"WebSite","@id":"https:\/\/www.vector.tn\/#website","url":"https:\/\/www.vector.tn\/","name":"Vector","description":"VECTOR est une marque d\u00e9pos\u00e9e de pr\u00eat \u00e0 porter sp\u00e9cialis\u00e9 dans la vente des v\u00eatements pour hommes.","publisher":{"@id":"https:\/\/www.vector.tn\/#organization"},"potentialAction":[{"@type":"SearchAction","target":{"@type":"EntryPoint","urlTemplate":"https:\/\/www.vector.tn\/?s={search_term_string}"},"query-input":{"@type":"PropertyValueSpecification","valueRequired":true,"valueName":"search_term_string"}}],"inLanguage":"fr-FR"},{"@type":"Organization","@id":"https:\/\/www.vector.tn\/#organization","name":"Vector","url":"https:\/\/www.vector.tn\/","logo":{"@type":"ImageObject","inLanguage":"fr-FR","@id":"https:\/\/www.vector.tn\/#\/schema\/logo\/image\/","url":"https:\/\/www.vector.tn\/wp-content\/uploads\/2025\/07\/logo_vector.png","contentUrl":"https:\/\/www.vector.tn\/wp-content\/uploads\/2025\/07\/logo_vector.png","width":160,"height":48,"caption":"Vector"},"image":{"@id":"https:\/\/www.vector.tn\/#\/schema\/logo\/image\/"},"sameAs":["https:\/\/www.facebook.com\/VECTOR.Tunisie"]}]}},"_links":{"self":[{"href":"https:\/\/www.vector.tn\/index.php\/wp-json\/wp\/v2\/product\/3193","targetHints":{"allow":["GET"]}}],"collection":[{"href":"https:\/\/www.vector.tn\/index.php\/wp-json\/wp\/v2\/product"}],"about":[{"href":"https:\/\/www.vector.tn\/index.php\/wp-json\/wp\/v2\/types\/product"}],"wp:featuredmedia":[{"embeddable":true,"href":"https:\/\/www.vector.tn\/index.php\/wp-json\/wp\/v2\/media\/3194"}],"wp:attachment":[{"href":"https:\/\/www.vector.tn\/index.php\/wp-json\/wp\/v2\/media?parent=3193"}],"wp:term":[{"taxonomy":"product_brand","embeddable":true,"href":"https:\/\/www.vector.tn\/index.php\/wp-json\/wp\/v2\/product_brand?post=3193"},{"taxonomy":"product_cat","embeddable":true,"href":"https:\/\/www.vector.tn\/index.php\/wp-json\/wp\/v2\/product_cat?post=3193"},{"taxonomy":"product_tag","embeddable":true,"href":"https:\/\/www.vector.tn\/index.php\/wp-json\/wp\/v2\/product_tag?post=3193"}],"curies":[{"name":"wp","href":"https:\/\/api.w.org\/{rel}","templated":true}]}}