{"id":3159,"date":"2025-07-24T11:42:20","date_gmt":"2025-07-24T11:42:20","guid":{"rendered":"https:\/\/www.vector.tn\/?post_type=product&#038;p=3159"},"modified":"2025-12-23T00:00:55","modified_gmt":"2025-12-23T00:00:55","slug":"costume-grey","status":"publish","type":"product","link":"https:\/\/www.vector.tn\/index.php\/product\/costume-grey\/","title":{"rendered":"Costume business"},"content":{"rendered":"<p data-start=\"121\" data-end=\"223\"><strong data-start=\"121\" data-end=\"221\">Costume Business \u2013 \u00c9l\u00e9gance professionnelle et style moderne (veste + pantalon ajust\u00e9 + cravate)<\/strong><\/p>\n<p data-start=\"225\" data-end=\"720\">Imposez votre style au bureau comme lors de vos rendez-vous professionnels avec ce costume business haut de gamme. Con\u00e7u pour les hommes ambitieux, il associe confort, sophistication et allure moderne. Compos\u00e9 d\u2019une veste parfaitement taill\u00e9e, d\u2019un pantalon ajust\u00e9 et d\u2019une cravate \u00e9l\u00e9gante, cet ensemble vous garantit une prestance irr\u00e9prochable. Id\u00e9al pour les r\u00e9unions, conf\u00e9rences, pr\u00e9sentations ou \u00e9v\u00e9nements d\u2019affaires, il vous aide \u00e0 affirmer votre professionnalisme et votre confiance.<\/p>\n<p data-start=\"722\" data-end=\"746\"><strong data-start=\"722\" data-end=\"744\">Caract\u00e9ristiques :<\/strong><\/p>\n<ul data-start=\"747\" data-end=\"1160\">\n<li data-start=\"747\" data-end=\"820\">\n<p data-start=\"749\" data-end=\"820\"><strong data-start=\"749\" data-end=\"769\">Veste de costume<\/strong> coupe slim, finitions soign\u00e9es et lignes \u00e9pur\u00e9es<\/p>\n<\/li>\n<li data-start=\"821\" data-end=\"893\">\n<p data-start=\"823\" data-end=\"893\"><strong data-start=\"823\" data-end=\"842\">Pantalon ajust\u00e9<\/strong> pour un tomb\u00e9 parfait et une silhouette \u00e9l\u00e9gante<\/p>\n<\/li>\n<li data-start=\"894\" data-end=\"959\">\n<p data-start=\"896\" data-end=\"959\"><strong data-start=\"896\" data-end=\"916\">Cravate assortie<\/strong> pour un look business complet et raffin\u00e9<\/p>\n<\/li>\n<li data-start=\"960\" data-end=\"1017\">\n<p data-start=\"962\" data-end=\"1017\">Tissu de qualit\u00e9 sup\u00e9rieure, respirant et confortable<\/p>\n<\/li>\n<li data-start=\"1018\" data-end=\"1093\">\n<p data-start=\"1020\" data-end=\"1093\">Style moderne et professionnel adapt\u00e9 \u00e0 toutes les occasions d\u2019affaires<\/p>\n<\/li>\n<li data-start=\"1094\" data-end=\"1160\">\n<p data-start=\"1096\" data-end=\"1160\"><strong data-start=\"1096\" data-end=\"1131\">Disponible en plusieurs tailles<\/strong> pour un ajustement optimal<\/p>\n<\/li>\n<\/ul>\n","protected":false},"excerpt":{"rendered":"<p data-start=\"121\" data-end=\"223\"><strong data-start=\"121\" data-end=\"221\">Costume Business \u2013 \u00c9l\u00e9gance professionnelle et style moderne\u00a0<\/strong><\/p>\n<p data-start=\"225\" data-end=\"720\">Imposez votre style au bureau comme lors de vos rendez-vous professionnels avec ce costume business haut de gamme. Con\u00e7u pour les hommes ambitieux, il associe confort, sophistication et allure moderne. Compos\u00e9 d\u2019une veste parfaitement taill\u00e9e, d\u2019un pantalon ajust\u00e9 et d\u2019une cravate \u00e9l\u00e9gante, cet ensemble vous garantit une prestance irr\u00e9prochable. Id\u00e9al pour les r\u00e9unions, conf\u00e9rences, pr\u00e9sentations ou \u00e9v\u00e9nements d\u2019affaires, il vous aide \u00e0 affirmer votre professionnalisme et votre confiance.<\/p>\n<p data-start=\"722\" data-end=\"746\"><strong data-start=\"722\" data-end=\"744\">Caract\u00e9ristiques :<\/strong><\/p>\n<ul data-start=\"747\" data-end=\"1160\">\n<li data-start=\"747\" data-end=\"820\">\n<p data-start=\"749\" data-end=\"820\"><strong data-start=\"749\" data-end=\"769\">Veste de costume<\/strong> coupe slim, finitions soign\u00e9es et lignes \u00e9pur\u00e9es<\/p>\n<\/li>\n<li data-start=\"821\" data-end=\"893\">\n<p data-start=\"823\" data-end=\"893\"><strong data-start=\"823\" data-end=\"842\">Pantalon ajust\u00e9<\/strong> pour un tomb\u00e9 parfait et une silhouette \u00e9l\u00e9gante<\/p>\n<\/li>\n<li data-start=\"894\" data-end=\"959\">\n<p data-start=\"896\" data-end=\"959\"><strong data-start=\"896\" data-end=\"916\">Cravate assortie<\/strong> pour un look business complet et raffin\u00e9<\/p>\n<\/li>\n<li data-start=\"960\" data-end=\"1017\">\n<p data-start=\"962\" data-end=\"1017\">Tissu de qualit\u00e9 sup\u00e9rieure, respirant et confortable<\/p>\n<\/li>\n<li data-start=\"1018\" data-end=\"1093\">\n<p data-start=\"1020\" data-end=\"1093\">Style moderne et professionnel adapt\u00e9 \u00e0 toutes les occasions d\u2019affaires<\/p>\n<\/li>\n<li data-start=\"1094\" data-end=\"1160\">\n<p data-start=\"1096\" data-end=\"1160\"><strong data-start=\"1096\" data-end=\"1131\">Disponible en plusieurs tailles<\/strong> pour un ajustement optimal<\/p>\n<\/li>\n<\/ul>\n","protected":false},"featured_media":3160,"template":"","meta":[],"product_brand":[],"product_cat":[54],"product_tag":[],"class_list":{"0":"post-3159","1":"product","2":"type-product","3":"status-publish","4":"has-post-thumbnail","6":"product_cat-costume","8":"first","9":"instock","10":"shipping-taxable","11":"purchasable","12":"product-type-simple","13":"layout-style-1","14":"col-md-4 col-sm-4 col-xs-6","15":"col-lg-3","16":"product-has-gallery","17":"product-style-default"},"yoast_head":"<!-- This site is optimized with the Yoast SEO plugin v25.7 - https:\/\/yoast.com\/wordpress\/plugins\/seo\/ -->\n<title>Costume business - Vector<\/title>\n<meta name=\"robots\" content=\"index, follow, max-snippet:-1, max-image-preview:large, max-video-preview:-1\" \/>\n<link rel=\"canonical\" href=\"https:\/\/www.vector.tn\/index.php\/product\/costume-grey\/\" \/>\n<meta property=\"og:locale\" content=\"fr_FR\" \/>\n<meta property=\"og:type\" content=\"article\" \/>\n<meta property=\"og:title\" content=\"Costume business - Vector\" \/>\n<meta property=\"og:description\" content=\"Costume Business \u2013 \u00c9l\u00e9gance professionnelle et style moderne\u00a0 Imposez votre style au bureau comme lors de vos rendez-vous professionnels avec ce costume business haut de gamme. Con\u00e7u pour les hommes ambitieux, il associe confort, sophistication et allure moderne. Compos\u00e9 d\u2019une veste parfaitement taill\u00e9e, d\u2019un pantalon ajust\u00e9 et d\u2019une cravate \u00e9l\u00e9gante, cet ensemble vous garantit une prestance irr\u00e9prochable. Id\u00e9al pour les r\u00e9unions, conf\u00e9rences, pr\u00e9sentations ou \u00e9v\u00e9nements d\u2019affaires, il vous aide \u00e0 affirmer votre professionnalisme et votre confiance. Caract\u00e9ristiques :     Veste de costume coupe slim, finitions soign\u00e9es et lignes \u00e9pur\u00e9es    Pantalon ajust\u00e9 pour un tomb\u00e9 parfait et une silhouette \u00e9l\u00e9gante    Cravate assortie pour un look business complet et raffin\u00e9    Tissu de qualit\u00e9 sup\u00e9rieure, respirant et confortable    Style moderne et professionnel adapt\u00e9 \u00e0 toutes les occasions d\u2019affaires    Disponible en plusieurs tailles pour un ajustement optimal\" \/>\n<meta property=\"og:url\" content=\"https:\/\/www.vector.tn\/index.php\/product\/costume-grey\/\" \/>\n<meta property=\"og:site_name\" content=\"Vector\" \/>\n<meta property=\"article:publisher\" content=\"https:\/\/www.facebook.com\/VECTOR.Tunisie\" \/>\n<meta property=\"article:modified_time\" content=\"2025-12-23T00:00:55+00:00\" \/>\n<meta property=\"og:image\" content=\"https:\/\/www.vector.tn\/wp-content\/uploads\/2025\/07\/IMG_2039-Photoroom-4-scaled.jpg\" \/>\n\t<meta property=\"og:image:width\" content=\"1707\" \/>\n\t<meta property=\"og:image:height\" content=\"2560\" \/>\n\t<meta property=\"og:image:type\" content=\"image\/jpeg\" \/>\n<meta name=\"twitter:card\" content=\"summary_large_image\" \/>\n<meta name=\"twitter:label1\" content=\"Dur\u00e9e de lecture estim\u00e9e\" \/>\n\t<meta name=\"twitter:data1\" content=\"1 minute\" \/>\n<script type=\"application\/ld+json\" class=\"yoast-schema-graph\">{\"@context\":\"https:\/\/schema.org\",\"@graph\":[{\"@type\":\"WebPage\",\"@id\":\"https:\/\/www.vector.tn\/index.php\/product\/costume-grey\/\",\"url\":\"https:\/\/www.vector.tn\/index.php\/product\/costume-grey\/\",\"name\":\"Costume business - Vector\",\"isPartOf\":{\"@id\":\"https:\/\/www.vector.tn\/#website\"},\"primaryImageOfPage\":{\"@id\":\"https:\/\/www.vector.tn\/index.php\/product\/costume-grey\/#primaryimage\"},\"image\":{\"@id\":\"https:\/\/www.vector.tn\/index.php\/product\/costume-grey\/#primaryimage\"},\"thumbnailUrl\":\"https:\/\/www.vector.tn\/wp-content\/uploads\/2025\/07\/IMG_2039-Photoroom-4-scaled.jpg\",\"datePublished\":\"2025-07-24T11:42:20+00:00\",\"dateModified\":\"2025-12-23T00:00:55+00:00\",\"breadcrumb\":{\"@id\":\"https:\/\/www.vector.tn\/index.php\/product\/costume-grey\/#breadcrumb\"},\"inLanguage\":\"fr-FR\",\"potentialAction\":[{\"@type\":\"ReadAction\",\"target\":[\"https:\/\/www.vector.tn\/index.php\/product\/costume-grey\/\"]}]},{\"@type\":\"ImageObject\",\"inLanguage\":\"fr-FR\",\"@id\":\"https:\/\/www.vector.tn\/index.php\/product\/costume-grey\/#primaryimage\",\"url\":\"https:\/\/www.vector.tn\/wp-content\/uploads\/2025\/07\/IMG_2039-Photoroom-4-scaled.jpg\",\"contentUrl\":\"https:\/\/www.vector.tn\/wp-content\/uploads\/2025\/07\/IMG_2039-Photoroom-4-scaled.jpg\",\"width\":1707,\"height\":2560},{\"@type\":\"BreadcrumbList\",\"@id\":\"https:\/\/www.vector.tn\/index.php\/product\/costume-grey\/#breadcrumb\",\"itemListElement\":[{\"@type\":\"ListItem\",\"position\":1,\"name\":\"Accueil\",\"item\":\"https:\/\/www.vector.tn\/\"},{\"@type\":\"ListItem\",\"position\":2,\"name\":\"Boutique\",\"item\":\"https:\/\/www.vector.tn\/index.php\/shop\/\"},{\"@type\":\"ListItem\",\"position\":3,\"name\":\"Costume business\"}]},{\"@type\":\"WebSite\",\"@id\":\"https:\/\/www.vector.tn\/#website\",\"url\":\"https:\/\/www.vector.tn\/\",\"name\":\"Vector\",\"description\":\"VECTOR est une marque d\u00e9pos\u00e9e de pr\u00eat \u00e0 porter sp\u00e9cialis\u00e9 dans la vente des v\u00eatements pour hommes.\",\"publisher\":{\"@id\":\"https:\/\/www.vector.tn\/#organization\"},\"potentialAction\":[{\"@type\":\"SearchAction\",\"target\":{\"@type\":\"EntryPoint\",\"urlTemplate\":\"https:\/\/www.vector.tn\/?s={search_term_string}\"},\"query-input\":{\"@type\":\"PropertyValueSpecification\",\"valueRequired\":true,\"valueName\":\"search_term_string\"}}],\"inLanguage\":\"fr-FR\"},{\"@type\":\"Organization\",\"@id\":\"https:\/\/www.vector.tn\/#organization\",\"name\":\"Vector\",\"url\":\"https:\/\/www.vector.tn\/\",\"logo\":{\"@type\":\"ImageObject\",\"inLanguage\":\"fr-FR\",\"@id\":\"https:\/\/www.vector.tn\/#\/schema\/logo\/image\/\",\"url\":\"https:\/\/www.vector.tn\/wp-content\/uploads\/2025\/07\/logo_vector.png\",\"contentUrl\":\"https:\/\/www.vector.tn\/wp-content\/uploads\/2025\/07\/logo_vector.png\",\"width\":160,\"height\":48,\"caption\":\"Vector\"},\"image\":{\"@id\":\"https:\/\/www.vector.tn\/#\/schema\/logo\/image\/\"},\"sameAs\":[\"https:\/\/www.facebook.com\/VECTOR.Tunisie\"]}]}<\/script>\n<!-- \/ Yoast SEO plugin. -->","yoast_head_json":{"title":"Costume business - Vector","robots":{"index":"index","follow":"follow","max-snippet":"max-snippet:-1","max-image-preview":"max-image-preview:large","max-video-preview":"max-video-preview:-1"},"canonical":"https:\/\/www.vector.tn\/index.php\/product\/costume-grey\/","og_locale":"fr_FR","og_type":"article","og_title":"Costume business - Vector","og_description":"Costume Business \u2013 \u00c9l\u00e9gance professionnelle et style moderne\u00a0 Imposez votre style au bureau comme lors de vos rendez-vous professionnels avec ce costume business haut de gamme. Con\u00e7u pour les hommes ambitieux, il associe confort, sophistication et allure moderne. Compos\u00e9 d\u2019une veste parfaitement taill\u00e9e, d\u2019un pantalon ajust\u00e9 et d\u2019une cravate \u00e9l\u00e9gante, cet ensemble vous garantit une prestance irr\u00e9prochable. Id\u00e9al pour les r\u00e9unions, conf\u00e9rences, pr\u00e9sentations ou \u00e9v\u00e9nements d\u2019affaires, il vous aide \u00e0 affirmer votre professionnalisme et votre confiance. Caract\u00e9ristiques :     Veste de costume coupe slim, finitions soign\u00e9es et lignes \u00e9pur\u00e9es    Pantalon ajust\u00e9 pour un tomb\u00e9 parfait et une silhouette \u00e9l\u00e9gante    Cravate assortie pour un look business complet et raffin\u00e9    Tissu de qualit\u00e9 sup\u00e9rieure, respirant et confortable    Style moderne et professionnel adapt\u00e9 \u00e0 toutes les occasions d\u2019affaires    Disponible en plusieurs tailles pour un ajustement optimal","og_url":"https:\/\/www.vector.tn\/index.php\/product\/costume-grey\/","og_site_name":"Vector","article_publisher":"https:\/\/www.facebook.com\/VECTOR.Tunisie","article_modified_time":"2025-12-23T00:00:55+00:00","og_image":[{"width":1707,"height":2560,"url":"https:\/\/www.vector.tn\/wp-content\/uploads\/2025\/07\/IMG_2039-Photoroom-4-scaled.jpg","type":"image\/jpeg"}],"twitter_card":"summary_large_image","twitter_misc":{"Dur\u00e9e de lecture estim\u00e9e":"1 minute"},"schema":{"@context":"https:\/\/schema.org","@graph":[{"@type":"WebPage","@id":"https:\/\/www.vector.tn\/index.php\/product\/costume-grey\/","url":"https:\/\/www.vector.tn\/index.php\/product\/costume-grey\/","name":"Costume business - Vector","isPartOf":{"@id":"https:\/\/www.vector.tn\/#website"},"primaryImageOfPage":{"@id":"https:\/\/www.vector.tn\/index.php\/product\/costume-grey\/#primaryimage"},"image":{"@id":"https:\/\/www.vector.tn\/index.php\/product\/costume-grey\/#primaryimage"},"thumbnailUrl":"https:\/\/www.vector.tn\/wp-content\/uploads\/2025\/07\/IMG_2039-Photoroom-4-scaled.jpg","datePublished":"2025-07-24T11:42:20+00:00","dateModified":"2025-12-23T00:00:55+00:00","breadcrumb":{"@id":"https:\/\/www.vector.tn\/index.php\/product\/costume-grey\/#breadcrumb"},"inLanguage":"fr-FR","potentialAction":[{"@type":"ReadAction","target":["https:\/\/www.vector.tn\/index.php\/product\/costume-grey\/"]}]},{"@type":"ImageObject","inLanguage":"fr-FR","@id":"https:\/\/www.vector.tn\/index.php\/product\/costume-grey\/#primaryimage","url":"https:\/\/www.vector.tn\/wp-content\/uploads\/2025\/07\/IMG_2039-Photoroom-4-scaled.jpg","contentUrl":"https:\/\/www.vector.tn\/wp-content\/uploads\/2025\/07\/IMG_2039-Photoroom-4-scaled.jpg","width":1707,"height":2560},{"@type":"BreadcrumbList","@id":"https:\/\/www.vector.tn\/index.php\/product\/costume-grey\/#breadcrumb","itemListElement":[{"@type":"ListItem","position":1,"name":"Accueil","item":"https:\/\/www.vector.tn\/"},{"@type":"ListItem","position":2,"name":"Boutique","item":"https:\/\/www.vector.tn\/index.php\/shop\/"},{"@type":"ListItem","position":3,"name":"Costume business"}]},{"@type":"WebSite","@id":"https:\/\/www.vector.tn\/#website","url":"https:\/\/www.vector.tn\/","name":"Vector","description":"VECTOR est une marque d\u00e9pos\u00e9e de pr\u00eat \u00e0 porter sp\u00e9cialis\u00e9 dans la vente des v\u00eatements pour hommes.","publisher":{"@id":"https:\/\/www.vector.tn\/#organization"},"potentialAction":[{"@type":"SearchAction","target":{"@type":"EntryPoint","urlTemplate":"https:\/\/www.vector.tn\/?s={search_term_string}"},"query-input":{"@type":"PropertyValueSpecification","valueRequired":true,"valueName":"search_term_string"}}],"inLanguage":"fr-FR"},{"@type":"Organization","@id":"https:\/\/www.vector.tn\/#organization","name":"Vector","url":"https:\/\/www.vector.tn\/","logo":{"@type":"ImageObject","inLanguage":"fr-FR","@id":"https:\/\/www.vector.tn\/#\/schema\/logo\/image\/","url":"https:\/\/www.vector.tn\/wp-content\/uploads\/2025\/07\/logo_vector.png","contentUrl":"https:\/\/www.vector.tn\/wp-content\/uploads\/2025\/07\/logo_vector.png","width":160,"height":48,"caption":"Vector"},"image":{"@id":"https:\/\/www.vector.tn\/#\/schema\/logo\/image\/"},"sameAs":["https:\/\/www.facebook.com\/VECTOR.Tunisie"]}]}},"_links":{"self":[{"href":"https:\/\/www.vector.tn\/index.php\/wp-json\/wp\/v2\/product\/3159","targetHints":{"allow":["GET"]}}],"collection":[{"href":"https:\/\/www.vector.tn\/index.php\/wp-json\/wp\/v2\/product"}],"about":[{"href":"https:\/\/www.vector.tn\/index.php\/wp-json\/wp\/v2\/types\/product"}],"wp:featuredmedia":[{"embeddable":true,"href":"https:\/\/www.vector.tn\/index.php\/wp-json\/wp\/v2\/media\/3160"}],"wp:attachment":[{"href":"https:\/\/www.vector.tn\/index.php\/wp-json\/wp\/v2\/media?parent=3159"}],"wp:term":[{"taxonomy":"product_brand","embeddable":true,"href":"https:\/\/www.vector.tn\/index.php\/wp-json\/wp\/v2\/product_brand?post=3159"},{"taxonomy":"product_cat","embeddable":true,"href":"https:\/\/www.vector.tn\/index.php\/wp-json\/wp\/v2\/product_cat?post=3159"},{"taxonomy":"product_tag","embeddable":true,"href":"https:\/\/www.vector.tn\/index.php\/wp-json\/wp\/v2\/product_tag?post=3159"}],"curies":[{"name":"wp","href":"https:\/\/api.w.org\/{rel}","templated":true}]}}