{"id":3129,"date":"2025-07-24T11:39:15","date_gmt":"2025-07-24T11:39:15","guid":{"rendered":"https:\/\/www.vector.tn\/?post_type=product&#038;p=3129"},"modified":"2025-12-23T00:00:55","modified_gmt":"2025-12-23T00:00:55","slug":"costume-beige","status":"publish","type":"product","link":"https:\/\/www.vector.tn\/index.php\/product\/costume-beige\/","title":{"rendered":"Costume crois\u00e9"},"content":{"rendered":"<h3 data-start=\"105\" data-end=\"232\">Costume crois\u00e9 \u2013 \u00c9l\u00e9gance intemporelle et raffinement moderne (Veste crois\u00e9e + Pantalon ajust\u00e9 + Noeud papillon + Pochette)<\/h3>\n<p data-start=\"234\" data-end=\"606\">D\u00e9marquez-vous avec ce costume crois\u00e9 au style sophistiqu\u00e9, con\u00e7u pour les hommes exigeants en qu\u00eate de prestance et de distinction. Compos\u00e9 d&rsquo;une veste crois\u00e9e double boutonnage, d\u2019un pantalon ajust\u00e9 assorti, d\u2019un n\u0153ud papillon \u00e9l\u00e9gant et d\u2019une pochette de costume contrastante, cet ensemble est parfait pour les grandes occasions, les mariages ou les \u00e9v\u00e9nements formels.<\/p>\n<p data-start=\"608\" data-end=\"730\">Avec sa coupe structur\u00e9e et sa teinte beige lumineuse, il allie tradition et modernit\u00e9 pour un look irr\u00e9sistiblement chic.<\/p>\n<p data-start=\"737\" data-end=\"761\"><strong data-start=\"737\" data-end=\"759\">Caract\u00e9ristiques :<\/strong><\/p>\n<ul data-start=\"762\" data-end=\"1310\">\n<li data-start=\"762\" data-end=\"844\">\n<p data-start=\"764\" data-end=\"844\"><strong data-start=\"764\" data-end=\"799\">Veste crois\u00e9e double boutonnage<\/strong>, coupe cintr\u00e9e pour une silhouette \u00e9lanc\u00e9e<\/p>\n<\/li>\n<li data-start=\"845\" data-end=\"910\">\n<p data-start=\"847\" data-end=\"910\"><strong data-start=\"847\" data-end=\"866\">Pantalon ajust\u00e9<\/strong>, taille classique avec finitions soign\u00e9es<\/p>\n<\/li>\n<li data-start=\"911\" data-end=\"970\">\n<p data-start=\"913\" data-end=\"970\"><strong data-start=\"913\" data-end=\"938\">N\u0153ud papillon \u00e9l\u00e9gant<\/strong>, assorti pour un look complet<\/p>\n<\/li>\n<li data-start=\"971\" data-end=\"1044\">\n<p data-start=\"973\" data-end=\"1044\"><strong data-start=\"973\" data-end=\"1009\">Pochette de costume contrastante<\/strong>, touche finale de sophistication<\/p>\n<\/li>\n<li data-start=\"1045\" data-end=\"1118\">\n<p data-start=\"1047\" data-end=\"1118\"><strong data-start=\"1047\" data-end=\"1078\">Tissu de qualit\u00e9 sup\u00e9rieure<\/strong>, doux au toucher et agr\u00e9able \u00e0 porter<\/p>\n<\/li>\n<li data-start=\"1119\" data-end=\"1186\">\n<p data-start=\"1121\" data-end=\"1186\"><strong data-start=\"1121\" data-end=\"1145\">Couleur beige claire<\/strong>, id\u00e9ale pour les saisons printemps-\u00e9t\u00e9<\/p>\n<\/li>\n<li data-start=\"1187\" data-end=\"1272\">\n<p data-start=\"1189\" data-end=\"1272\"><strong data-start=\"1189\" data-end=\"1213\">Style formel raffin\u00e9<\/strong>, parfait pour c\u00e9r\u00e9monies, soir\u00e9es ou occasions sp\u00e9ciales<\/p>\n<\/li>\n<li data-start=\"1273\" data-end=\"1310\">\n<p data-start=\"1275\" data-end=\"1310\"><strong data-start=\"1275\" data-end=\"1310\">Disponible en plusieurs tailles<\/strong><\/p>\n<\/li>\n<\/ul>\n","protected":false},"excerpt":{"rendered":"<h3 data-start=\"105\" data-end=\"232\">Costume crois\u00e9 \u2013 \u00c9l\u00e9gance intemporelle et raffinement moderne<\/h3>\n<p data-start=\"234\" data-end=\"606\">D\u00e9marquez-vous avec ce costume crois\u00e9 au style sophistiqu\u00e9, con\u00e7u pour les hommes exigeants en qu\u00eate de prestance et de distinction. Compos\u00e9 d&rsquo;une veste crois\u00e9e double boutonnage, d\u2019un pantalon ajust\u00e9 assorti, d\u2019un n\u0153ud papillon \u00e9l\u00e9gant et d\u2019une pochette de costume contrastante, cet ensemble est parfait pour les grandes occasions, les mariages ou les \u00e9v\u00e9nements formels.<\/p>\n<p data-start=\"608\" data-end=\"730\">Avec sa coupe structur\u00e9e et sa teinte beige lumineuse, il allie tradition et modernit\u00e9 pour un look irr\u00e9sistiblement chic.<\/p>\n<p data-start=\"737\" data-end=\"761\"><strong data-start=\"737\" data-end=\"759\">Caract\u00e9ristiques :<\/strong><\/p>\n<ul data-start=\"762\" data-end=\"1310\">\n<li data-start=\"762\" data-end=\"844\">\n<p data-start=\"764\" data-end=\"844\"><strong data-start=\"764\" data-end=\"799\">Veste crois\u00e9e double boutonnage<\/strong>, coupe cintr\u00e9e pour une silhouette \u00e9lanc\u00e9e<\/p>\n<\/li>\n<li data-start=\"845\" data-end=\"910\">\n<p data-start=\"847\" data-end=\"910\"><strong data-start=\"847\" data-end=\"866\">Pantalon ajust\u00e9<\/strong>, taille classique avec finitions soign\u00e9es<\/p>\n<\/li>\n<li data-start=\"911\" data-end=\"970\">\n<p data-start=\"913\" data-end=\"970\"><strong data-start=\"913\" data-end=\"938\">N\u0153ud papillon \u00e9l\u00e9gant<\/strong>, assorti pour un look complet<\/p>\n<\/li>\n<li data-start=\"971\" data-end=\"1044\">\n<p data-start=\"973\" data-end=\"1044\"><strong data-start=\"973\" data-end=\"1009\">Pochette de costume contrastante<\/strong>, touche finale de sophistication<\/p>\n<\/li>\n<li data-start=\"1045\" data-end=\"1118\">\n<p data-start=\"1047\" data-end=\"1118\"><strong data-start=\"1047\" data-end=\"1078\">Tissu de qualit\u00e9 sup\u00e9rieure<\/strong>, doux au toucher et agr\u00e9able \u00e0 porter<\/p>\n<\/li>\n<li data-start=\"1119\" data-end=\"1186\">\n<p data-start=\"1121\" data-end=\"1186\"><strong data-start=\"1121\" data-end=\"1145\">Couleur beige claire<\/strong>, id\u00e9ale pour les saisons printemps-\u00e9t\u00e9<\/p>\n<\/li>\n<li data-start=\"1187\" data-end=\"1272\">\n<p data-start=\"1189\" data-end=\"1272\"><strong data-start=\"1189\" data-end=\"1213\">Style formel raffin\u00e9<\/strong>, parfait pour c\u00e9r\u00e9monies, soir\u00e9es ou occasions sp\u00e9ciales<\/p>\n<\/li>\n<li data-start=\"1273\" data-end=\"1310\">\n<p data-start=\"1275\" data-end=\"1310\"><strong data-start=\"1275\" data-end=\"1310\">Disponible en plusieurs tailles<\/strong><\/p>\n<\/li>\n<\/ul>\n","protected":false},"featured_media":3132,"template":"","meta":[],"product_brand":[],"product_cat":[54],"product_tag":[],"class_list":{"0":"post-3129","1":"product","2":"type-product","3":"status-publish","4":"has-post-thumbnail","6":"product_cat-costume","8":"first","9":"instock","10":"shipping-taxable","11":"purchasable","12":"product-type-simple","13":"layout-style-1","14":"col-md-4 col-sm-4 col-xs-6","15":"col-lg-3","16":"product-has-gallery","17":"product-style-default"},"yoast_head":"<!-- This site is optimized with the Yoast SEO plugin v25.7 - https:\/\/yoast.com\/wordpress\/plugins\/seo\/ -->\n<title>Costume crois\u00e9 - Vector<\/title>\n<meta name=\"robots\" content=\"index, follow, max-snippet:-1, max-image-preview:large, max-video-preview:-1\" \/>\n<link rel=\"canonical\" href=\"https:\/\/www.vector.tn\/index.php\/product\/costume-beige\/\" \/>\n<meta property=\"og:locale\" content=\"fr_FR\" \/>\n<meta property=\"og:type\" content=\"article\" \/>\n<meta property=\"og:title\" content=\"Costume crois\u00e9 - Vector\" \/>\n<meta property=\"og:description\" content=\"Costume crois\u00e9 \u2013 \u00c9l\u00e9gance intemporelle et raffinement moderne D\u00e9marquez-vous avec ce costume crois\u00e9 au style sophistiqu\u00e9, con\u00e7u pour les hommes exigeants en qu\u00eate de prestance et de distinction. Compos\u00e9 d&#039;une veste crois\u00e9e double boutonnage, d\u2019un pantalon ajust\u00e9 assorti, d\u2019un n\u0153ud papillon \u00e9l\u00e9gant et d\u2019une pochette de costume contrastante, cet ensemble est parfait pour les grandes occasions, les mariages ou les \u00e9v\u00e9nements formels. Avec sa coupe structur\u00e9e et sa teinte beige lumineuse, il allie tradition et modernit\u00e9 pour un look irr\u00e9sistiblement chic. Caract\u00e9ristiques :     Veste crois\u00e9e double boutonnage, coupe cintr\u00e9e pour une silhouette \u00e9lanc\u00e9e    Pantalon ajust\u00e9, taille classique avec finitions soign\u00e9es    N\u0153ud papillon \u00e9l\u00e9gant, assorti pour un look complet    Pochette de costume contrastante, touche finale de sophistication    Tissu de qualit\u00e9 sup\u00e9rieure, doux au toucher et agr\u00e9able \u00e0 porter    Couleur beige claire, id\u00e9ale pour les saisons printemps-\u00e9t\u00e9    Style formel raffin\u00e9, parfait pour c\u00e9r\u00e9monies, soir\u00e9es ou occasions sp\u00e9ciales    Disponible en plusieurs tailles\" \/>\n<meta property=\"og:url\" content=\"https:\/\/www.vector.tn\/index.php\/product\/costume-beige\/\" \/>\n<meta property=\"og:site_name\" content=\"Vector\" \/>\n<meta property=\"article:publisher\" content=\"https:\/\/www.facebook.com\/VECTOR.Tunisie\" \/>\n<meta property=\"article:modified_time\" content=\"2025-12-23T00:00:55+00:00\" \/>\n<meta property=\"og:image\" content=\"https:\/\/www.vector.tn\/wp-content\/uploads\/2025\/07\/IMG_2038-Photoroom-scaled.jpg\" \/>\n\t<meta property=\"og:image:width\" content=\"1707\" \/>\n\t<meta property=\"og:image:height\" content=\"2560\" \/>\n\t<meta property=\"og:image:type\" content=\"image\/jpeg\" \/>\n<meta name=\"twitter:card\" content=\"summary_large_image\" \/>\n<meta name=\"twitter:label1\" content=\"Dur\u00e9e de lecture estim\u00e9e\" \/>\n\t<meta name=\"twitter:data1\" content=\"1 minute\" \/>\n<script type=\"application\/ld+json\" class=\"yoast-schema-graph\">{\"@context\":\"https:\/\/schema.org\",\"@graph\":[{\"@type\":\"WebPage\",\"@id\":\"https:\/\/www.vector.tn\/index.php\/product\/costume-beige\/\",\"url\":\"https:\/\/www.vector.tn\/index.php\/product\/costume-beige\/\",\"name\":\"Costume crois\u00e9 - Vector\",\"isPartOf\":{\"@id\":\"https:\/\/www.vector.tn\/#website\"},\"primaryImageOfPage\":{\"@id\":\"https:\/\/www.vector.tn\/index.php\/product\/costume-beige\/#primaryimage\"},\"image\":{\"@id\":\"https:\/\/www.vector.tn\/index.php\/product\/costume-beige\/#primaryimage\"},\"thumbnailUrl\":\"https:\/\/www.vector.tn\/wp-content\/uploads\/2025\/07\/IMG_2038-Photoroom-scaled.jpg\",\"datePublished\":\"2025-07-24T11:39:15+00:00\",\"dateModified\":\"2025-12-23T00:00:55+00:00\",\"breadcrumb\":{\"@id\":\"https:\/\/www.vector.tn\/index.php\/product\/costume-beige\/#breadcrumb\"},\"inLanguage\":\"fr-FR\",\"potentialAction\":[{\"@type\":\"ReadAction\",\"target\":[\"https:\/\/www.vector.tn\/index.php\/product\/costume-beige\/\"]}]},{\"@type\":\"ImageObject\",\"inLanguage\":\"fr-FR\",\"@id\":\"https:\/\/www.vector.tn\/index.php\/product\/costume-beige\/#primaryimage\",\"url\":\"https:\/\/www.vector.tn\/wp-content\/uploads\/2025\/07\/IMG_2038-Photoroom-scaled.jpg\",\"contentUrl\":\"https:\/\/www.vector.tn\/wp-content\/uploads\/2025\/07\/IMG_2038-Photoroom-scaled.jpg\",\"width\":1707,\"height\":2560},{\"@type\":\"BreadcrumbList\",\"@id\":\"https:\/\/www.vector.tn\/index.php\/product\/costume-beige\/#breadcrumb\",\"itemListElement\":[{\"@type\":\"ListItem\",\"position\":1,\"name\":\"Accueil\",\"item\":\"https:\/\/www.vector.tn\/\"},{\"@type\":\"ListItem\",\"position\":2,\"name\":\"Boutique\",\"item\":\"https:\/\/www.vector.tn\/index.php\/shop\/\"},{\"@type\":\"ListItem\",\"position\":3,\"name\":\"Costume crois\u00e9\"}]},{\"@type\":\"WebSite\",\"@id\":\"https:\/\/www.vector.tn\/#website\",\"url\":\"https:\/\/www.vector.tn\/\",\"name\":\"Vector\",\"description\":\"VECTOR est une marque d\u00e9pos\u00e9e de pr\u00eat \u00e0 porter sp\u00e9cialis\u00e9 dans la vente des v\u00eatements pour hommes.\",\"publisher\":{\"@id\":\"https:\/\/www.vector.tn\/#organization\"},\"potentialAction\":[{\"@type\":\"SearchAction\",\"target\":{\"@type\":\"EntryPoint\",\"urlTemplate\":\"https:\/\/www.vector.tn\/?s={search_term_string}\"},\"query-input\":{\"@type\":\"PropertyValueSpecification\",\"valueRequired\":true,\"valueName\":\"search_term_string\"}}],\"inLanguage\":\"fr-FR\"},{\"@type\":\"Organization\",\"@id\":\"https:\/\/www.vector.tn\/#organization\",\"name\":\"Vector\",\"url\":\"https:\/\/www.vector.tn\/\",\"logo\":{\"@type\":\"ImageObject\",\"inLanguage\":\"fr-FR\",\"@id\":\"https:\/\/www.vector.tn\/#\/schema\/logo\/image\/\",\"url\":\"https:\/\/www.vector.tn\/wp-content\/uploads\/2025\/07\/logo_vector.png\",\"contentUrl\":\"https:\/\/www.vector.tn\/wp-content\/uploads\/2025\/07\/logo_vector.png\",\"width\":160,\"height\":48,\"caption\":\"Vector\"},\"image\":{\"@id\":\"https:\/\/www.vector.tn\/#\/schema\/logo\/image\/\"},\"sameAs\":[\"https:\/\/www.facebook.com\/VECTOR.Tunisie\"]}]}<\/script>\n<!-- \/ Yoast SEO plugin. -->","yoast_head_json":{"title":"Costume crois\u00e9 - Vector","robots":{"index":"index","follow":"follow","max-snippet":"max-snippet:-1","max-image-preview":"max-image-preview:large","max-video-preview":"max-video-preview:-1"},"canonical":"https:\/\/www.vector.tn\/index.php\/product\/costume-beige\/","og_locale":"fr_FR","og_type":"article","og_title":"Costume crois\u00e9 - Vector","og_description":"Costume crois\u00e9 \u2013 \u00c9l\u00e9gance intemporelle et raffinement moderne D\u00e9marquez-vous avec ce costume crois\u00e9 au style sophistiqu\u00e9, con\u00e7u pour les hommes exigeants en qu\u00eate de prestance et de distinction. Compos\u00e9 d'une veste crois\u00e9e double boutonnage, d\u2019un pantalon ajust\u00e9 assorti, d\u2019un n\u0153ud papillon \u00e9l\u00e9gant et d\u2019une pochette de costume contrastante, cet ensemble est parfait pour les grandes occasions, les mariages ou les \u00e9v\u00e9nements formels. Avec sa coupe structur\u00e9e et sa teinte beige lumineuse, il allie tradition et modernit\u00e9 pour un look irr\u00e9sistiblement chic. Caract\u00e9ristiques :     Veste crois\u00e9e double boutonnage, coupe cintr\u00e9e pour une silhouette \u00e9lanc\u00e9e    Pantalon ajust\u00e9, taille classique avec finitions soign\u00e9es    N\u0153ud papillon \u00e9l\u00e9gant, assorti pour un look complet    Pochette de costume contrastante, touche finale de sophistication    Tissu de qualit\u00e9 sup\u00e9rieure, doux au toucher et agr\u00e9able \u00e0 porter    Couleur beige claire, id\u00e9ale pour les saisons printemps-\u00e9t\u00e9    Style formel raffin\u00e9, parfait pour c\u00e9r\u00e9monies, soir\u00e9es ou occasions sp\u00e9ciales    Disponible en plusieurs tailles","og_url":"https:\/\/www.vector.tn\/index.php\/product\/costume-beige\/","og_site_name":"Vector","article_publisher":"https:\/\/www.facebook.com\/VECTOR.Tunisie","article_modified_time":"2025-12-23T00:00:55+00:00","og_image":[{"width":1707,"height":2560,"url":"https:\/\/www.vector.tn\/wp-content\/uploads\/2025\/07\/IMG_2038-Photoroom-scaled.jpg","type":"image\/jpeg"}],"twitter_card":"summary_large_image","twitter_misc":{"Dur\u00e9e de lecture estim\u00e9e":"1 minute"},"schema":{"@context":"https:\/\/schema.org","@graph":[{"@type":"WebPage","@id":"https:\/\/www.vector.tn\/index.php\/product\/costume-beige\/","url":"https:\/\/www.vector.tn\/index.php\/product\/costume-beige\/","name":"Costume crois\u00e9 - Vector","isPartOf":{"@id":"https:\/\/www.vector.tn\/#website"},"primaryImageOfPage":{"@id":"https:\/\/www.vector.tn\/index.php\/product\/costume-beige\/#primaryimage"},"image":{"@id":"https:\/\/www.vector.tn\/index.php\/product\/costume-beige\/#primaryimage"},"thumbnailUrl":"https:\/\/www.vector.tn\/wp-content\/uploads\/2025\/07\/IMG_2038-Photoroom-scaled.jpg","datePublished":"2025-07-24T11:39:15+00:00","dateModified":"2025-12-23T00:00:55+00:00","breadcrumb":{"@id":"https:\/\/www.vector.tn\/index.php\/product\/costume-beige\/#breadcrumb"},"inLanguage":"fr-FR","potentialAction":[{"@type":"ReadAction","target":["https:\/\/www.vector.tn\/index.php\/product\/costume-beige\/"]}]},{"@type":"ImageObject","inLanguage":"fr-FR","@id":"https:\/\/www.vector.tn\/index.php\/product\/costume-beige\/#primaryimage","url":"https:\/\/www.vector.tn\/wp-content\/uploads\/2025\/07\/IMG_2038-Photoroom-scaled.jpg","contentUrl":"https:\/\/www.vector.tn\/wp-content\/uploads\/2025\/07\/IMG_2038-Photoroom-scaled.jpg","width":1707,"height":2560},{"@type":"BreadcrumbList","@id":"https:\/\/www.vector.tn\/index.php\/product\/costume-beige\/#breadcrumb","itemListElement":[{"@type":"ListItem","position":1,"name":"Accueil","item":"https:\/\/www.vector.tn\/"},{"@type":"ListItem","position":2,"name":"Boutique","item":"https:\/\/www.vector.tn\/index.php\/shop\/"},{"@type":"ListItem","position":3,"name":"Costume crois\u00e9"}]},{"@type":"WebSite","@id":"https:\/\/www.vector.tn\/#website","url":"https:\/\/www.vector.tn\/","name":"Vector","description":"VECTOR est une marque d\u00e9pos\u00e9e de pr\u00eat \u00e0 porter sp\u00e9cialis\u00e9 dans la vente des v\u00eatements pour hommes.","publisher":{"@id":"https:\/\/www.vector.tn\/#organization"},"potentialAction":[{"@type":"SearchAction","target":{"@type":"EntryPoint","urlTemplate":"https:\/\/www.vector.tn\/?s={search_term_string}"},"query-input":{"@type":"PropertyValueSpecification","valueRequired":true,"valueName":"search_term_string"}}],"inLanguage":"fr-FR"},{"@type":"Organization","@id":"https:\/\/www.vector.tn\/#organization","name":"Vector","url":"https:\/\/www.vector.tn\/","logo":{"@type":"ImageObject","inLanguage":"fr-FR","@id":"https:\/\/www.vector.tn\/#\/schema\/logo\/image\/","url":"https:\/\/www.vector.tn\/wp-content\/uploads\/2025\/07\/logo_vector.png","contentUrl":"https:\/\/www.vector.tn\/wp-content\/uploads\/2025\/07\/logo_vector.png","width":160,"height":48,"caption":"Vector"},"image":{"@id":"https:\/\/www.vector.tn\/#\/schema\/logo\/image\/"},"sameAs":["https:\/\/www.facebook.com\/VECTOR.Tunisie"]}]}},"_links":{"self":[{"href":"https:\/\/www.vector.tn\/index.php\/wp-json\/wp\/v2\/product\/3129","targetHints":{"allow":["GET"]}}],"collection":[{"href":"https:\/\/www.vector.tn\/index.php\/wp-json\/wp\/v2\/product"}],"about":[{"href":"https:\/\/www.vector.tn\/index.php\/wp-json\/wp\/v2\/types\/product"}],"wp:featuredmedia":[{"embeddable":true,"href":"https:\/\/www.vector.tn\/index.php\/wp-json\/wp\/v2\/media\/3132"}],"wp:attachment":[{"href":"https:\/\/www.vector.tn\/index.php\/wp-json\/wp\/v2\/media?parent=3129"}],"wp:term":[{"taxonomy":"product_brand","embeddable":true,"href":"https:\/\/www.vector.tn\/index.php\/wp-json\/wp\/v2\/product_brand?post=3129"},{"taxonomy":"product_cat","embeddable":true,"href":"https:\/\/www.vector.tn\/index.php\/wp-json\/wp\/v2\/product_cat?post=3129"},{"taxonomy":"product_tag","embeddable":true,"href":"https:\/\/www.vector.tn\/index.php\/wp-json\/wp\/v2\/product_tag?post=3129"}],"curies":[{"name":"wp","href":"https:\/\/api.w.org\/{rel}","templated":true}]}}