{"id":3107,"date":"2025-07-24T11:31:14","date_gmt":"2025-07-24T11:31:14","guid":{"rendered":"https:\/\/www.vector.tn\/?post_type=product&#038;p=3107"},"modified":"2025-08-16T14:26:26","modified_gmt":"2025-08-16T14:26:26","slug":"tot-look-noir-beige","status":"publish","type":"product","link":"https:\/\/www.vector.tn\/index.php\/product\/tot-look-noir-beige\/","title":{"rendered":"Ensemble Sport"},"content":{"rendered":"<p data-start=\"121\" data-end=\"168\"><strong data-start=\"121\" data-end=\"166\">Ensemble Sport \u2013 Confort et style moderne (t-shirt + short + chaussure sport chic)<\/strong><\/p>\n<p data-start=\"170\" data-end=\"450\">Adoptez un look d\u00e9contract\u00e9 et tendance avec cet <strong data-start=\"219\" data-end=\"237\">ensemble sport<\/strong> compos\u00e9 d\u2019un <strong data-start=\"251\" data-end=\"268\">t-shirt l\u00e9ger<\/strong>, d\u2019un <strong data-start=\"275\" data-end=\"296\">short confortable<\/strong> et de <strong data-start=\"303\" data-end=\"328\">chaussures sport chic<\/strong>. Id\u00e9al pour vos entra\u00eenements, vos sorties ou vos activit\u00e9s quotidiennes, il allie confort, praticit\u00e9 et style moderne.<\/p>\n<p data-start=\"452\" data-end=\"476\"><strong data-start=\"452\" data-end=\"474\">Caract\u00e9ristiques :<\/strong><\/p>\n<ul data-start=\"477\" data-end=\"668\">\n<li data-start=\"477\" data-end=\"506\">\n<p data-start=\"479\" data-end=\"506\">T-shirt doux et respirant<\/p>\n<\/li>\n<li data-start=\"507\" data-end=\"537\">\n<p data-start=\"509\" data-end=\"537\">Short confortable et l\u00e9ger<\/p>\n<\/li>\n<li data-start=\"538\" data-end=\"588\">\n<p data-start=\"540\" data-end=\"588\">Chaussures sport chic, styl\u00e9es et confortables<\/p>\n<\/li>\n<li data-start=\"589\" data-end=\"621\">\n<p data-start=\"591\" data-end=\"621\">Style d\u00e9contract\u00e9 et moderne<\/p>\n<\/li>\n<li data-start=\"622\" data-end=\"668\">\n<p data-start=\"624\" data-end=\"668\">Disponible en plusieurs tailles et coloris<\/p>\n<\/li>\n<\/ul>\n","protected":false},"excerpt":{"rendered":"<p data-start=\"121\" data-end=\"168\"><strong data-start=\"121\" data-end=\"166\">Ensemble Sport \u2013 Confort et style moderne (t-shirt + short + chaussure sport chic)<\/strong><\/p>\n<p data-start=\"170\" data-end=\"450\">Adoptez un look d\u00e9contract\u00e9 et tendance avec cet <strong data-start=\"219\" data-end=\"237\">ensemble sport<\/strong> compos\u00e9 d\u2019un <strong data-start=\"251\" data-end=\"268\">t-shirt l\u00e9ger<\/strong>, d\u2019un <strong data-start=\"275\" data-end=\"296\">short confortable<\/strong> et de <strong data-start=\"303\" data-end=\"328\">chaussures sport chic<\/strong>. Id\u00e9al pour vos entra\u00eenements, vos sorties ou vos activit\u00e9s quotidiennes, il allie confort, praticit\u00e9 et style moderne.<\/p>\n<p data-start=\"452\" data-end=\"476\"><strong data-start=\"452\" data-end=\"474\">Caract\u00e9ristiques :<\/strong><\/p>\n<ul data-start=\"477\" data-end=\"668\">\n<li data-start=\"477\" data-end=\"506\">\n<p data-start=\"479\" data-end=\"506\">T-shirt doux et respirant<\/p>\n<\/li>\n<li data-start=\"507\" data-end=\"537\">\n<p data-start=\"509\" data-end=\"537\">Short confortable et l\u00e9ger<\/p>\n<\/li>\n<li data-start=\"538\" data-end=\"588\">\n<p data-start=\"540\" data-end=\"588\">Chaussures sport chic, styl\u00e9es et confortables<\/p>\n<\/li>\n<li data-start=\"589\" data-end=\"621\">\n<p data-start=\"591\" data-end=\"621\">Style d\u00e9contract\u00e9 et moderne<\/p>\n<\/li>\n<li data-start=\"622\" data-end=\"668\">\n<p data-start=\"624\" data-end=\"668\">Disponible en plusieurs tailles et coloris<\/p>\n<\/li>\n<\/ul>\n","protected":false},"featured_media":3094,"template":"","meta":[],"product_brand":[],"product_cat":[55],"product_tag":[],"class_list":{"0":"post-3107","1":"product","2":"type-product","3":"status-publish","4":"has-post-thumbnail","6":"product_cat-total-look","8":"first","9":"instock","10":"sale","11":"shipping-taxable","12":"purchasable","13":"product-type-simple","14":"layout-style-1","15":"col-md-4 col-sm-4 col-xs-6","16":"col-lg-3","17":"product-has-gallery","18":"product-style-default"},"yoast_head":"<!-- This site is optimized with the Yoast SEO plugin v25.7 - https:\/\/yoast.com\/wordpress\/plugins\/seo\/ -->\n<title>Ensemble Sport - Vector<\/title>\n<meta name=\"robots\" content=\"index, follow, max-snippet:-1, max-image-preview:large, max-video-preview:-1\" \/>\n<link rel=\"canonical\" href=\"https:\/\/www.vector.tn\/index.php\/product\/tot-look-noir-beige\/\" \/>\n<meta property=\"og:locale\" content=\"fr_FR\" \/>\n<meta property=\"og:type\" content=\"article\" \/>\n<meta property=\"og:title\" content=\"Ensemble Sport - Vector\" \/>\n<meta property=\"og:description\" content=\"Ensemble Sport \u2013 Confort et style moderne (t-shirt + short + chaussure sport chic) Adoptez un look d\u00e9contract\u00e9 et tendance avec cet ensemble sport compos\u00e9 d\u2019un t-shirt l\u00e9ger, d\u2019un short confortable et de chaussures sport chic. Id\u00e9al pour vos entra\u00eenements, vos sorties ou vos activit\u00e9s quotidiennes, il allie confort, praticit\u00e9 et style moderne. Caract\u00e9ristiques :     T-shirt doux et respirant    Short confortable et l\u00e9ger    Chaussures sport chic, styl\u00e9es et confortables    Style d\u00e9contract\u00e9 et moderne    Disponible en plusieurs tailles et coloris\" \/>\n<meta property=\"og:url\" content=\"https:\/\/www.vector.tn\/index.php\/product\/tot-look-noir-beige\/\" \/>\n<meta property=\"og:site_name\" content=\"Vector\" \/>\n<meta property=\"article:publisher\" content=\"https:\/\/www.facebook.com\/VECTOR.Tunisie\" \/>\n<meta property=\"article:modified_time\" content=\"2025-08-16T14:26:26+00:00\" \/>\n<meta property=\"og:image\" content=\"https:\/\/www.vector.tn\/wp-content\/uploads\/2025\/07\/IMG_1437-Photoroom-7-scaled.jpg\" \/>\n\t<meta property=\"og:image:width\" content=\"1707\" \/>\n\t<meta property=\"og:image:height\" content=\"2560\" \/>\n\t<meta property=\"og:image:type\" content=\"image\/jpeg\" \/>\n<meta name=\"twitter:card\" content=\"summary_large_image\" \/>\n<meta name=\"twitter:label1\" content=\"Dur\u00e9e de lecture estim\u00e9e\" \/>\n\t<meta name=\"twitter:data1\" content=\"1 minute\" \/>\n<script type=\"application\/ld+json\" class=\"yoast-schema-graph\">{\"@context\":\"https:\/\/schema.org\",\"@graph\":[{\"@type\":\"WebPage\",\"@id\":\"https:\/\/www.vector.tn\/index.php\/product\/tot-look-noir-beige\/\",\"url\":\"https:\/\/www.vector.tn\/index.php\/product\/tot-look-noir-beige\/\",\"name\":\"Ensemble Sport - Vector\",\"isPartOf\":{\"@id\":\"https:\/\/www.vector.tn\/#website\"},\"primaryImageOfPage\":{\"@id\":\"https:\/\/www.vector.tn\/index.php\/product\/tot-look-noir-beige\/#primaryimage\"},\"image\":{\"@id\":\"https:\/\/www.vector.tn\/index.php\/product\/tot-look-noir-beige\/#primaryimage\"},\"thumbnailUrl\":\"https:\/\/www.vector.tn\/wp-content\/uploads\/2025\/07\/IMG_1437-Photoroom-7-scaled.jpg\",\"datePublished\":\"2025-07-24T11:31:14+00:00\",\"dateModified\":\"2025-08-16T14:26:26+00:00\",\"breadcrumb\":{\"@id\":\"https:\/\/www.vector.tn\/index.php\/product\/tot-look-noir-beige\/#breadcrumb\"},\"inLanguage\":\"fr-FR\",\"potentialAction\":[{\"@type\":\"ReadAction\",\"target\":[\"https:\/\/www.vector.tn\/index.php\/product\/tot-look-noir-beige\/\"]}]},{\"@type\":\"ImageObject\",\"inLanguage\":\"fr-FR\",\"@id\":\"https:\/\/www.vector.tn\/index.php\/product\/tot-look-noir-beige\/#primaryimage\",\"url\":\"https:\/\/www.vector.tn\/wp-content\/uploads\/2025\/07\/IMG_1437-Photoroom-7-scaled.jpg\",\"contentUrl\":\"https:\/\/www.vector.tn\/wp-content\/uploads\/2025\/07\/IMG_1437-Photoroom-7-scaled.jpg\",\"width\":1707,\"height\":2560},{\"@type\":\"BreadcrumbList\",\"@id\":\"https:\/\/www.vector.tn\/index.php\/product\/tot-look-noir-beige\/#breadcrumb\",\"itemListElement\":[{\"@type\":\"ListItem\",\"position\":1,\"name\":\"Accueil\",\"item\":\"https:\/\/www.vector.tn\/\"},{\"@type\":\"ListItem\",\"position\":2,\"name\":\"Boutique\",\"item\":\"https:\/\/www.vector.tn\/index.php\/shop\/\"},{\"@type\":\"ListItem\",\"position\":3,\"name\":\"Ensemble Sport\"}]},{\"@type\":\"WebSite\",\"@id\":\"https:\/\/www.vector.tn\/#website\",\"url\":\"https:\/\/www.vector.tn\/\",\"name\":\"Vector\",\"description\":\"VECTOR est une marque d\u00e9pos\u00e9e de pr\u00eat \u00e0 porter sp\u00e9cialis\u00e9 dans la vente des v\u00eatements pour hommes.\",\"publisher\":{\"@id\":\"https:\/\/www.vector.tn\/#organization\"},\"potentialAction\":[{\"@type\":\"SearchAction\",\"target\":{\"@type\":\"EntryPoint\",\"urlTemplate\":\"https:\/\/www.vector.tn\/?s={search_term_string}\"},\"query-input\":{\"@type\":\"PropertyValueSpecification\",\"valueRequired\":true,\"valueName\":\"search_term_string\"}}],\"inLanguage\":\"fr-FR\"},{\"@type\":\"Organization\",\"@id\":\"https:\/\/www.vector.tn\/#organization\",\"name\":\"Vector\",\"url\":\"https:\/\/www.vector.tn\/\",\"logo\":{\"@type\":\"ImageObject\",\"inLanguage\":\"fr-FR\",\"@id\":\"https:\/\/www.vector.tn\/#\/schema\/logo\/image\/\",\"url\":\"https:\/\/www.vector.tn\/wp-content\/uploads\/2025\/07\/logo_vector.png\",\"contentUrl\":\"https:\/\/www.vector.tn\/wp-content\/uploads\/2025\/07\/logo_vector.png\",\"width\":160,\"height\":48,\"caption\":\"Vector\"},\"image\":{\"@id\":\"https:\/\/www.vector.tn\/#\/schema\/logo\/image\/\"},\"sameAs\":[\"https:\/\/www.facebook.com\/VECTOR.Tunisie\"]}]}<\/script>\n<!-- \/ Yoast SEO plugin. -->","yoast_head_json":{"title":"Ensemble Sport - Vector","robots":{"index":"index","follow":"follow","max-snippet":"max-snippet:-1","max-image-preview":"max-image-preview:large","max-video-preview":"max-video-preview:-1"},"canonical":"https:\/\/www.vector.tn\/index.php\/product\/tot-look-noir-beige\/","og_locale":"fr_FR","og_type":"article","og_title":"Ensemble Sport - Vector","og_description":"Ensemble Sport \u2013 Confort et style moderne (t-shirt + short + chaussure sport chic) Adoptez un look d\u00e9contract\u00e9 et tendance avec cet ensemble sport compos\u00e9 d\u2019un t-shirt l\u00e9ger, d\u2019un short confortable et de chaussures sport chic. Id\u00e9al pour vos entra\u00eenements, vos sorties ou vos activit\u00e9s quotidiennes, il allie confort, praticit\u00e9 et style moderne. Caract\u00e9ristiques :     T-shirt doux et respirant    Short confortable et l\u00e9ger    Chaussures sport chic, styl\u00e9es et confortables    Style d\u00e9contract\u00e9 et moderne    Disponible en plusieurs tailles et coloris","og_url":"https:\/\/www.vector.tn\/index.php\/product\/tot-look-noir-beige\/","og_site_name":"Vector","article_publisher":"https:\/\/www.facebook.com\/VECTOR.Tunisie","article_modified_time":"2025-08-16T14:26:26+00:00","og_image":[{"width":1707,"height":2560,"url":"https:\/\/www.vector.tn\/wp-content\/uploads\/2025\/07\/IMG_1437-Photoroom-7-scaled.jpg","type":"image\/jpeg"}],"twitter_card":"summary_large_image","twitter_misc":{"Dur\u00e9e de lecture estim\u00e9e":"1 minute"},"schema":{"@context":"https:\/\/schema.org","@graph":[{"@type":"WebPage","@id":"https:\/\/www.vector.tn\/index.php\/product\/tot-look-noir-beige\/","url":"https:\/\/www.vector.tn\/index.php\/product\/tot-look-noir-beige\/","name":"Ensemble Sport - Vector","isPartOf":{"@id":"https:\/\/www.vector.tn\/#website"},"primaryImageOfPage":{"@id":"https:\/\/www.vector.tn\/index.php\/product\/tot-look-noir-beige\/#primaryimage"},"image":{"@id":"https:\/\/www.vector.tn\/index.php\/product\/tot-look-noir-beige\/#primaryimage"},"thumbnailUrl":"https:\/\/www.vector.tn\/wp-content\/uploads\/2025\/07\/IMG_1437-Photoroom-7-scaled.jpg","datePublished":"2025-07-24T11:31:14+00:00","dateModified":"2025-08-16T14:26:26+00:00","breadcrumb":{"@id":"https:\/\/www.vector.tn\/index.php\/product\/tot-look-noir-beige\/#breadcrumb"},"inLanguage":"fr-FR","potentialAction":[{"@type":"ReadAction","target":["https:\/\/www.vector.tn\/index.php\/product\/tot-look-noir-beige\/"]}]},{"@type":"ImageObject","inLanguage":"fr-FR","@id":"https:\/\/www.vector.tn\/index.php\/product\/tot-look-noir-beige\/#primaryimage","url":"https:\/\/www.vector.tn\/wp-content\/uploads\/2025\/07\/IMG_1437-Photoroom-7-scaled.jpg","contentUrl":"https:\/\/www.vector.tn\/wp-content\/uploads\/2025\/07\/IMG_1437-Photoroom-7-scaled.jpg","width":1707,"height":2560},{"@type":"BreadcrumbList","@id":"https:\/\/www.vector.tn\/index.php\/product\/tot-look-noir-beige\/#breadcrumb","itemListElement":[{"@type":"ListItem","position":1,"name":"Accueil","item":"https:\/\/www.vector.tn\/"},{"@type":"ListItem","position":2,"name":"Boutique","item":"https:\/\/www.vector.tn\/index.php\/shop\/"},{"@type":"ListItem","position":3,"name":"Ensemble Sport"}]},{"@type":"WebSite","@id":"https:\/\/www.vector.tn\/#website","url":"https:\/\/www.vector.tn\/","name":"Vector","description":"VECTOR est une marque d\u00e9pos\u00e9e de pr\u00eat \u00e0 porter sp\u00e9cialis\u00e9 dans la vente des v\u00eatements pour hommes.","publisher":{"@id":"https:\/\/www.vector.tn\/#organization"},"potentialAction":[{"@type":"SearchAction","target":{"@type":"EntryPoint","urlTemplate":"https:\/\/www.vector.tn\/?s={search_term_string}"},"query-input":{"@type":"PropertyValueSpecification","valueRequired":true,"valueName":"search_term_string"}}],"inLanguage":"fr-FR"},{"@type":"Organization","@id":"https:\/\/www.vector.tn\/#organization","name":"Vector","url":"https:\/\/www.vector.tn\/","logo":{"@type":"ImageObject","inLanguage":"fr-FR","@id":"https:\/\/www.vector.tn\/#\/schema\/logo\/image\/","url":"https:\/\/www.vector.tn\/wp-content\/uploads\/2025\/07\/logo_vector.png","contentUrl":"https:\/\/www.vector.tn\/wp-content\/uploads\/2025\/07\/logo_vector.png","width":160,"height":48,"caption":"Vector"},"image":{"@id":"https:\/\/www.vector.tn\/#\/schema\/logo\/image\/"},"sameAs":["https:\/\/www.facebook.com\/VECTOR.Tunisie"]}]}},"_links":{"self":[{"href":"https:\/\/www.vector.tn\/index.php\/wp-json\/wp\/v2\/product\/3107","targetHints":{"allow":["GET"]}}],"collection":[{"href":"https:\/\/www.vector.tn\/index.php\/wp-json\/wp\/v2\/product"}],"about":[{"href":"https:\/\/www.vector.tn\/index.php\/wp-json\/wp\/v2\/types\/product"}],"wp:featuredmedia":[{"embeddable":true,"href":"https:\/\/www.vector.tn\/index.php\/wp-json\/wp\/v2\/media\/3094"}],"wp:attachment":[{"href":"https:\/\/www.vector.tn\/index.php\/wp-json\/wp\/v2\/media?parent=3107"}],"wp:term":[{"taxonomy":"product_brand","embeddable":true,"href":"https:\/\/www.vector.tn\/index.php\/wp-json\/wp\/v2\/product_brand?post=3107"},{"taxonomy":"product_cat","embeddable":true,"href":"https:\/\/www.vector.tn\/index.php\/wp-json\/wp\/v2\/product_cat?post=3107"},{"taxonomy":"product_tag","embeddable":true,"href":"https:\/\/www.vector.tn\/index.php\/wp-json\/wp\/v2\/product_tag?post=3107"}],"curies":[{"name":"wp","href":"https:\/\/api.w.org\/{rel}","templated":true}]}}