{"id":3082,"date":"2025-07-24T11:26:15","date_gmt":"2025-07-24T11:26:15","guid":{"rendered":"https:\/\/www.vector.tn\/?post_type=product&#038;p=3082"},"modified":"2025-12-23T00:00:56","modified_gmt":"2025-12-23T00:00:56","slug":"pantacourt-chino-avec-poche-combat","status":"publish","type":"product","link":"https:\/\/www.vector.tn\/index.php\/product\/pantacourt-chino-avec-poche-combat\/","title":{"rendered":"Pantacourt chino avec poche combat"},"content":{"rendered":"<p data-start=\"113\" data-end=\"174\"><strong data-start=\"113\" data-end=\"172\">Pantacourt chino avec poche combat \u2013 Style et praticit\u00e9<\/strong><\/p>\n<p data-start=\"176\" data-end=\"494\">Optez pour un look moderne et fonctionnel avec ce <strong data-start=\"226\" data-end=\"264\">pantacourt chino avec poche combat<\/strong>. Con\u00e7u en coton confortable, il assure libert\u00e9 de mouvement et respirabilit\u00e9. Sa <strong data-start=\"346\" data-end=\"371\">poche combat pratique<\/strong> ajoute une touche utilitaire tout en gardant une coupe \u00e9l\u00e9gante et d\u00e9contract\u00e9e, parfaite pour vos sorties quotidiennes.<\/p>\n<p data-start=\"496\" data-end=\"520\"><strong data-start=\"496\" data-end=\"518\">Caract\u00e9ristiques :<\/strong><\/p>\n<ul data-start=\"521\" data-end=\"726\">\n<li data-start=\"521\" data-end=\"554\">\n<p data-start=\"523\" data-end=\"554\">100\u202f% coton doux et r\u00e9sistant<\/p>\n<\/li>\n<li data-start=\"555\" data-end=\"578\">\n<p data-start=\"557\" data-end=\"578\">Coupe chino moderne<\/p>\n<\/li>\n<li data-start=\"579\" data-end=\"616\">\n<p data-start=\"581\" data-end=\"616\">Poche combat pratique sur le c\u00f4t\u00e9<\/p>\n<\/li>\n<li data-start=\"617\" data-end=\"648\">\n<p data-start=\"619\" data-end=\"648\">Poches lat\u00e9rales et arri\u00e8re<\/p>\n<\/li>\n<li data-start=\"649\" data-end=\"678\">\n<p data-start=\"651\" data-end=\"678\">Confortable et polyvalent<\/p>\n<\/li>\n<li data-start=\"679\" data-end=\"726\">\n<p data-start=\"681\" data-end=\"726\">Disponible en plusieurs tailles et couleurs<\/p>\n<\/li>\n<\/ul>\n","protected":false},"excerpt":{"rendered":"<p data-start=\"113\" data-end=\"174\"><strong data-start=\"113\" data-end=\"172\">Pantacourt chino avec poche combat \u2013 Style et praticit\u00e9<\/strong><\/p>\n<p data-start=\"176\" data-end=\"494\">Optez pour un look moderne et fonctionnel avec ce <strong data-start=\"226\" data-end=\"264\">pantacourt chino avec poche combat<\/strong>. Con\u00e7u en coton confortable, il assure libert\u00e9 de mouvement et respirabilit\u00e9. Sa <strong data-start=\"346\" data-end=\"371\">poche combat pratique<\/strong> ajoute une touche utilitaire tout en gardant une coupe \u00e9l\u00e9gante et d\u00e9contract\u00e9e, parfaite pour vos sorties quotidiennes.<\/p>\n<p data-start=\"496\" data-end=\"520\"><strong data-start=\"496\" data-end=\"518\">Caract\u00e9ristiques :<\/strong><\/p>\n<ul data-start=\"521\" data-end=\"726\">\n<li data-start=\"521\" data-end=\"554\">\n<p data-start=\"523\" data-end=\"554\">100\u202f% coton doux et r\u00e9sistant<\/p>\n<\/li>\n<li data-start=\"555\" data-end=\"578\">\n<p data-start=\"557\" data-end=\"578\">Coupe chino moderne<\/p>\n<\/li>\n<li data-start=\"579\" data-end=\"616\">\n<p data-start=\"581\" data-end=\"616\">Poche combat pratique sur le c\u00f4t\u00e9<\/p>\n<\/li>\n<li data-start=\"617\" data-end=\"648\">\n<p data-start=\"619\" data-end=\"648\">Poches lat\u00e9rales et arri\u00e8re<\/p>\n<\/li>\n<li data-start=\"649\" data-end=\"678\">\n<p data-start=\"651\" data-end=\"678\">Confortable et polyvalent<\/p>\n<\/li>\n<li data-start=\"679\" data-end=\"726\">\n<p data-start=\"681\" data-end=\"726\">Disponible en plusieurs tailles et couleurs<\/p>\n<\/li>\n<\/ul>\n","protected":false},"featured_media":3067,"template":"","meta":[],"product_brand":[],"product_cat":[56],"product_tag":[],"class_list":{"0":"post-3082","1":"product","2":"type-product","3":"status-publish","4":"has-post-thumbnail","6":"product_cat-bermudas","8":"first","9":"instock","10":"shipping-taxable","11":"purchasable","12":"product-type-simple","13":"layout-style-1","14":"col-md-4 col-sm-4 col-xs-6","15":"col-lg-3","16":"product-has-gallery","17":"product-style-default"},"yoast_head":"<!-- This site is optimized with the Yoast SEO plugin v25.7 - https:\/\/yoast.com\/wordpress\/plugins\/seo\/ -->\n<title>Pantacourt chino avec poche combat - Vector<\/title>\n<meta name=\"robots\" content=\"index, follow, max-snippet:-1, max-image-preview:large, max-video-preview:-1\" \/>\n<link rel=\"canonical\" href=\"https:\/\/www.vector.tn\/index.php\/product\/pantacourt-chino-avec-poche-combat\/\" \/>\n<meta property=\"og:locale\" content=\"fr_FR\" \/>\n<meta property=\"og:type\" content=\"article\" \/>\n<meta property=\"og:title\" content=\"Pantacourt chino avec poche combat - Vector\" \/>\n<meta property=\"og:description\" content=\"Pantacourt chino avec poche combat \u2013 Style et praticit\u00e9 Optez pour un look moderne et fonctionnel avec ce pantacourt chino avec poche combat. Con\u00e7u en coton confortable, il assure libert\u00e9 de mouvement et respirabilit\u00e9. Sa poche combat pratique ajoute une touche utilitaire tout en gardant une coupe \u00e9l\u00e9gante et d\u00e9contract\u00e9e, parfaite pour vos sorties quotidiennes. Caract\u00e9ristiques :     100\u202f% coton doux et r\u00e9sistant    Coupe chino moderne    Poche combat pratique sur le c\u00f4t\u00e9    Poches lat\u00e9rales et arri\u00e8re    Confortable et polyvalent    Disponible en plusieurs tailles et couleurs\" \/>\n<meta property=\"og:url\" content=\"https:\/\/www.vector.tn\/index.php\/product\/pantacourt-chino-avec-poche-combat\/\" \/>\n<meta property=\"og:site_name\" content=\"Vector\" \/>\n<meta property=\"article:publisher\" content=\"https:\/\/www.facebook.com\/VECTOR.Tunisie\" \/>\n<meta property=\"article:modified_time\" content=\"2025-12-23T00:00:56+00:00\" \/>\n<meta property=\"og:image\" content=\"https:\/\/www.vector.tn\/wp-content\/uploads\/2025\/07\/IMG_1679-Photoroom-22-scaled.jpg\" \/>\n\t<meta property=\"og:image:width\" content=\"1707\" \/>\n\t<meta property=\"og:image:height\" content=\"2560\" \/>\n\t<meta property=\"og:image:type\" content=\"image\/jpeg\" \/>\n<meta name=\"twitter:card\" content=\"summary_large_image\" \/>\n<meta name=\"twitter:label1\" content=\"Dur\u00e9e de lecture estim\u00e9e\" \/>\n\t<meta name=\"twitter:data1\" content=\"1 minute\" \/>\n<script type=\"application\/ld+json\" class=\"yoast-schema-graph\">{\"@context\":\"https:\/\/schema.org\",\"@graph\":[{\"@type\":\"WebPage\",\"@id\":\"https:\/\/www.vector.tn\/index.php\/product\/pantacourt-chino-avec-poche-combat\/\",\"url\":\"https:\/\/www.vector.tn\/index.php\/product\/pantacourt-chino-avec-poche-combat\/\",\"name\":\"Pantacourt chino avec poche combat - Vector\",\"isPartOf\":{\"@id\":\"https:\/\/www.vector.tn\/#website\"},\"primaryImageOfPage\":{\"@id\":\"https:\/\/www.vector.tn\/index.php\/product\/pantacourt-chino-avec-poche-combat\/#primaryimage\"},\"image\":{\"@id\":\"https:\/\/www.vector.tn\/index.php\/product\/pantacourt-chino-avec-poche-combat\/#primaryimage\"},\"thumbnailUrl\":\"https:\/\/www.vector.tn\/wp-content\/uploads\/2025\/07\/IMG_1679-Photoroom-22-scaled.jpg\",\"datePublished\":\"2025-07-24T11:26:15+00:00\",\"dateModified\":\"2025-12-23T00:00:56+00:00\",\"breadcrumb\":{\"@id\":\"https:\/\/www.vector.tn\/index.php\/product\/pantacourt-chino-avec-poche-combat\/#breadcrumb\"},\"inLanguage\":\"fr-FR\",\"potentialAction\":[{\"@type\":\"ReadAction\",\"target\":[\"https:\/\/www.vector.tn\/index.php\/product\/pantacourt-chino-avec-poche-combat\/\"]}]},{\"@type\":\"ImageObject\",\"inLanguage\":\"fr-FR\",\"@id\":\"https:\/\/www.vector.tn\/index.php\/product\/pantacourt-chino-avec-poche-combat\/#primaryimage\",\"url\":\"https:\/\/www.vector.tn\/wp-content\/uploads\/2025\/07\/IMG_1679-Photoroom-22-scaled.jpg\",\"contentUrl\":\"https:\/\/www.vector.tn\/wp-content\/uploads\/2025\/07\/IMG_1679-Photoroom-22-scaled.jpg\",\"width\":1707,\"height\":2560},{\"@type\":\"BreadcrumbList\",\"@id\":\"https:\/\/www.vector.tn\/index.php\/product\/pantacourt-chino-avec-poche-combat\/#breadcrumb\",\"itemListElement\":[{\"@type\":\"ListItem\",\"position\":1,\"name\":\"Accueil\",\"item\":\"https:\/\/www.vector.tn\/\"},{\"@type\":\"ListItem\",\"position\":2,\"name\":\"Boutique\",\"item\":\"https:\/\/www.vector.tn\/index.php\/shop\/\"},{\"@type\":\"ListItem\",\"position\":3,\"name\":\"Pantacourt chino avec poche combat\"}]},{\"@type\":\"WebSite\",\"@id\":\"https:\/\/www.vector.tn\/#website\",\"url\":\"https:\/\/www.vector.tn\/\",\"name\":\"Vector\",\"description\":\"VECTOR est une marque d\u00e9pos\u00e9e de pr\u00eat \u00e0 porter sp\u00e9cialis\u00e9 dans la vente des v\u00eatements pour hommes.\",\"publisher\":{\"@id\":\"https:\/\/www.vector.tn\/#organization\"},\"potentialAction\":[{\"@type\":\"SearchAction\",\"target\":{\"@type\":\"EntryPoint\",\"urlTemplate\":\"https:\/\/www.vector.tn\/?s={search_term_string}\"},\"query-input\":{\"@type\":\"PropertyValueSpecification\",\"valueRequired\":true,\"valueName\":\"search_term_string\"}}],\"inLanguage\":\"fr-FR\"},{\"@type\":\"Organization\",\"@id\":\"https:\/\/www.vector.tn\/#organization\",\"name\":\"Vector\",\"url\":\"https:\/\/www.vector.tn\/\",\"logo\":{\"@type\":\"ImageObject\",\"inLanguage\":\"fr-FR\",\"@id\":\"https:\/\/www.vector.tn\/#\/schema\/logo\/image\/\",\"url\":\"https:\/\/www.vector.tn\/wp-content\/uploads\/2025\/07\/logo_vector.png\",\"contentUrl\":\"https:\/\/www.vector.tn\/wp-content\/uploads\/2025\/07\/logo_vector.png\",\"width\":160,\"height\":48,\"caption\":\"Vector\"},\"image\":{\"@id\":\"https:\/\/www.vector.tn\/#\/schema\/logo\/image\/\"},\"sameAs\":[\"https:\/\/www.facebook.com\/VECTOR.Tunisie\"]}]}<\/script>\n<!-- \/ Yoast SEO plugin. -->","yoast_head_json":{"title":"Pantacourt chino avec poche combat - Vector","robots":{"index":"index","follow":"follow","max-snippet":"max-snippet:-1","max-image-preview":"max-image-preview:large","max-video-preview":"max-video-preview:-1"},"canonical":"https:\/\/www.vector.tn\/index.php\/product\/pantacourt-chino-avec-poche-combat\/","og_locale":"fr_FR","og_type":"article","og_title":"Pantacourt chino avec poche combat - Vector","og_description":"Pantacourt chino avec poche combat \u2013 Style et praticit\u00e9 Optez pour un look moderne et fonctionnel avec ce pantacourt chino avec poche combat. Con\u00e7u en coton confortable, il assure libert\u00e9 de mouvement et respirabilit\u00e9. Sa poche combat pratique ajoute une touche utilitaire tout en gardant une coupe \u00e9l\u00e9gante et d\u00e9contract\u00e9e, parfaite pour vos sorties quotidiennes. Caract\u00e9ristiques :     100\u202f% coton doux et r\u00e9sistant    Coupe chino moderne    Poche combat pratique sur le c\u00f4t\u00e9    Poches lat\u00e9rales et arri\u00e8re    Confortable et polyvalent    Disponible en plusieurs tailles et couleurs","og_url":"https:\/\/www.vector.tn\/index.php\/product\/pantacourt-chino-avec-poche-combat\/","og_site_name":"Vector","article_publisher":"https:\/\/www.facebook.com\/VECTOR.Tunisie","article_modified_time":"2025-12-23T00:00:56+00:00","og_image":[{"width":1707,"height":2560,"url":"https:\/\/www.vector.tn\/wp-content\/uploads\/2025\/07\/IMG_1679-Photoroom-22-scaled.jpg","type":"image\/jpeg"}],"twitter_card":"summary_large_image","twitter_misc":{"Dur\u00e9e de lecture estim\u00e9e":"1 minute"},"schema":{"@context":"https:\/\/schema.org","@graph":[{"@type":"WebPage","@id":"https:\/\/www.vector.tn\/index.php\/product\/pantacourt-chino-avec-poche-combat\/","url":"https:\/\/www.vector.tn\/index.php\/product\/pantacourt-chino-avec-poche-combat\/","name":"Pantacourt chino avec poche combat - Vector","isPartOf":{"@id":"https:\/\/www.vector.tn\/#website"},"primaryImageOfPage":{"@id":"https:\/\/www.vector.tn\/index.php\/product\/pantacourt-chino-avec-poche-combat\/#primaryimage"},"image":{"@id":"https:\/\/www.vector.tn\/index.php\/product\/pantacourt-chino-avec-poche-combat\/#primaryimage"},"thumbnailUrl":"https:\/\/www.vector.tn\/wp-content\/uploads\/2025\/07\/IMG_1679-Photoroom-22-scaled.jpg","datePublished":"2025-07-24T11:26:15+00:00","dateModified":"2025-12-23T00:00:56+00:00","breadcrumb":{"@id":"https:\/\/www.vector.tn\/index.php\/product\/pantacourt-chino-avec-poche-combat\/#breadcrumb"},"inLanguage":"fr-FR","potentialAction":[{"@type":"ReadAction","target":["https:\/\/www.vector.tn\/index.php\/product\/pantacourt-chino-avec-poche-combat\/"]}]},{"@type":"ImageObject","inLanguage":"fr-FR","@id":"https:\/\/www.vector.tn\/index.php\/product\/pantacourt-chino-avec-poche-combat\/#primaryimage","url":"https:\/\/www.vector.tn\/wp-content\/uploads\/2025\/07\/IMG_1679-Photoroom-22-scaled.jpg","contentUrl":"https:\/\/www.vector.tn\/wp-content\/uploads\/2025\/07\/IMG_1679-Photoroom-22-scaled.jpg","width":1707,"height":2560},{"@type":"BreadcrumbList","@id":"https:\/\/www.vector.tn\/index.php\/product\/pantacourt-chino-avec-poche-combat\/#breadcrumb","itemListElement":[{"@type":"ListItem","position":1,"name":"Accueil","item":"https:\/\/www.vector.tn\/"},{"@type":"ListItem","position":2,"name":"Boutique","item":"https:\/\/www.vector.tn\/index.php\/shop\/"},{"@type":"ListItem","position":3,"name":"Pantacourt chino avec poche combat"}]},{"@type":"WebSite","@id":"https:\/\/www.vector.tn\/#website","url":"https:\/\/www.vector.tn\/","name":"Vector","description":"VECTOR est une marque d\u00e9pos\u00e9e de pr\u00eat \u00e0 porter sp\u00e9cialis\u00e9 dans la vente des v\u00eatements pour hommes.","publisher":{"@id":"https:\/\/www.vector.tn\/#organization"},"potentialAction":[{"@type":"SearchAction","target":{"@type":"EntryPoint","urlTemplate":"https:\/\/www.vector.tn\/?s={search_term_string}"},"query-input":{"@type":"PropertyValueSpecification","valueRequired":true,"valueName":"search_term_string"}}],"inLanguage":"fr-FR"},{"@type":"Organization","@id":"https:\/\/www.vector.tn\/#organization","name":"Vector","url":"https:\/\/www.vector.tn\/","logo":{"@type":"ImageObject","inLanguage":"fr-FR","@id":"https:\/\/www.vector.tn\/#\/schema\/logo\/image\/","url":"https:\/\/www.vector.tn\/wp-content\/uploads\/2025\/07\/logo_vector.png","contentUrl":"https:\/\/www.vector.tn\/wp-content\/uploads\/2025\/07\/logo_vector.png","width":160,"height":48,"caption":"Vector"},"image":{"@id":"https:\/\/www.vector.tn\/#\/schema\/logo\/image\/"},"sameAs":["https:\/\/www.facebook.com\/VECTOR.Tunisie"]}]}},"_links":{"self":[{"href":"https:\/\/www.vector.tn\/index.php\/wp-json\/wp\/v2\/product\/3082","targetHints":{"allow":["GET"]}}],"collection":[{"href":"https:\/\/www.vector.tn\/index.php\/wp-json\/wp\/v2\/product"}],"about":[{"href":"https:\/\/www.vector.tn\/index.php\/wp-json\/wp\/v2\/types\/product"}],"wp:featuredmedia":[{"embeddable":true,"href":"https:\/\/www.vector.tn\/index.php\/wp-json\/wp\/v2\/media\/3067"}],"wp:attachment":[{"href":"https:\/\/www.vector.tn\/index.php\/wp-json\/wp\/v2\/media?parent=3082"}],"wp:term":[{"taxonomy":"product_brand","embeddable":true,"href":"https:\/\/www.vector.tn\/index.php\/wp-json\/wp\/v2\/product_brand?post=3082"},{"taxonomy":"product_cat","embeddable":true,"href":"https:\/\/www.vector.tn\/index.php\/wp-json\/wp\/v2\/product_cat?post=3082"},{"taxonomy":"product_tag","embeddable":true,"href":"https:\/\/www.vector.tn\/index.php\/wp-json\/wp\/v2\/product_tag?post=3082"}],"curies":[{"name":"wp","href":"https:\/\/api.w.org\/{rel}","templated":true}]}}