{"id":3051,"date":"2025-07-24T11:21:38","date_gmt":"2025-07-24T11:21:38","guid":{"rendered":"https:\/\/www.vector.tn\/?post_type=product&#038;p=3051"},"modified":"2025-12-23T00:00:57","modified_gmt":"2025-12-23T00:00:57","slug":"ensemble-sport","status":"publish","type":"product","link":"https:\/\/www.vector.tn\/index.php\/product\/ensemble-sport\/","title":{"rendered":"Ensemble Sport"},"content":{"rendered":"<p data-start=\"128\" data-end=\"183\"><strong data-start=\"128\" data-end=\"181\">Ensemble sport \u2013 Confort et \u00e9l\u00e9gance d\u00e9contract\u00e9e (polo + pantacourt + mocassin daim)<\/strong><\/p>\n<p data-start=\"185\" data-end=\"469\">Alliez style et praticit\u00e9 avec cet <strong data-start=\"220\" data-end=\"238\">ensemble sport<\/strong> compos\u00e9 d\u2019un <strong data-start=\"252\" data-end=\"268\">polo moderne<\/strong>, d\u2019un <strong data-start=\"275\" data-end=\"301\">pantacourt confortable<\/strong> et de <strong data-start=\"308\" data-end=\"338\">mocassins en daim raffin\u00e9s<\/strong>. Parfait pour vos journ\u00e9es estivales, il offre un look chic-d\u00e9contract\u00e9 adapt\u00e9 aussi bien aux sorties qu\u2019aux moments de d\u00e9tente.<\/p>\n<p data-start=\"471\" data-end=\"495\"><strong data-start=\"471\" data-end=\"493\">Caract\u00e9ristiques :<\/strong><\/p>\n<ul data-start=\"496\" data-end=\"676\">\n<li data-start=\"496\" data-end=\"522\">\n<p data-start=\"498\" data-end=\"522\">Polo doux et respirant<\/p>\n<\/li>\n<li data-start=\"523\" data-end=\"566\">\n<p data-start=\"525\" data-end=\"566\">Pantacourt coupe moderne et confortable<\/p>\n<\/li>\n<li data-start=\"567\" data-end=\"597\">\n<p data-start=\"569\" data-end=\"597\">Mocassins en daim \u00e9l\u00e9gants<\/p>\n<\/li>\n<li data-start=\"598\" data-end=\"629\">\n<p data-start=\"600\" data-end=\"629\">Style sport chic polyvalent<\/p>\n<\/li>\n<li data-start=\"630\" data-end=\"676\">\n<p data-start=\"632\" data-end=\"676\">Disponible en plusieurs tailles et coloris<\/p>\n<\/li>\n<\/ul>\n","protected":false},"excerpt":{"rendered":"<p data-start=\"128\" data-end=\"183\"><strong data-start=\"128\" data-end=\"181\">Ensemble sport \u2013 Confort et \u00e9l\u00e9gance d\u00e9contract\u00e9e (polo + pantacourt + mocassin daim)<\/strong><\/p>\n<p data-start=\"185\" data-end=\"469\">Alliez style et praticit\u00e9 avec cet <strong data-start=\"220\" data-end=\"238\">ensemble sport<\/strong> compos\u00e9 d\u2019un <strong data-start=\"252\" data-end=\"268\">polo moderne<\/strong>, d\u2019un <strong data-start=\"275\" data-end=\"301\">pantacourt confortable<\/strong> et de <strong data-start=\"308\" data-end=\"338\">mocassins en daim raffin\u00e9s<\/strong>. Parfait pour vos journ\u00e9es estivales, il offre un look chic-d\u00e9contract\u00e9 adapt\u00e9 aussi bien aux sorties qu\u2019aux moments de d\u00e9tente.<\/p>\n<p data-start=\"471\" data-end=\"495\"><strong data-start=\"471\" data-end=\"493\">Caract\u00e9ristiques :<\/strong><\/p>\n<ul data-start=\"496\" data-end=\"676\">\n<li data-start=\"496\" data-end=\"522\">\n<p data-start=\"498\" data-end=\"522\">Polo doux et respirant<\/p>\n<\/li>\n<li data-start=\"523\" data-end=\"566\">\n<p data-start=\"525\" data-end=\"566\">Pantacourt coupe moderne et confortable<\/p>\n<\/li>\n<li data-start=\"567\" data-end=\"597\">\n<p data-start=\"569\" data-end=\"597\">Mocassins en daim \u00e9l\u00e9gants<\/p>\n<\/li>\n<li data-start=\"598\" data-end=\"629\">\n<p data-start=\"600\" data-end=\"629\">Style sport chic polyvalent<\/p>\n<\/li>\n<li data-start=\"630\" data-end=\"676\">\n<p data-start=\"632\" data-end=\"676\">Disponible en plusieurs tailles et coloris<\/p>\n<\/li>\n<\/ul>\n","protected":false},"featured_media":3063,"template":"","meta":[],"product_brand":[],"product_cat":[55],"product_tag":[],"class_list":{"0":"post-3051","1":"product","2":"type-product","3":"status-publish","4":"has-post-thumbnail","6":"product_cat-total-look","8":"first","9":"instock","10":"shipping-taxable","11":"purchasable","12":"product-type-simple","13":"layout-style-1","14":"col-md-4 col-sm-4 col-xs-6","15":"col-lg-3","16":"product-has-gallery","17":"product-style-default"},"yoast_head":"<!-- This site is optimized with the Yoast SEO plugin v25.7 - https:\/\/yoast.com\/wordpress\/plugins\/seo\/ -->\n<title>Ensemble Sport - Vector<\/title>\n<meta name=\"robots\" content=\"index, follow, max-snippet:-1, max-image-preview:large, max-video-preview:-1\" \/>\n<link rel=\"canonical\" href=\"https:\/\/www.vector.tn\/index.php\/product\/ensemble-sport\/\" \/>\n<meta property=\"og:locale\" content=\"fr_FR\" \/>\n<meta property=\"og:type\" content=\"article\" \/>\n<meta property=\"og:title\" content=\"Ensemble Sport - Vector\" \/>\n<meta property=\"og:description\" content=\"Ensemble sport \u2013 Confort et \u00e9l\u00e9gance d\u00e9contract\u00e9e (polo + pantacourt + mocassin daim) Alliez style et praticit\u00e9 avec cet ensemble sport compos\u00e9 d\u2019un polo moderne, d\u2019un pantacourt confortable et de mocassins en daim raffin\u00e9s. Parfait pour vos journ\u00e9es estivales, il offre un look chic-d\u00e9contract\u00e9 adapt\u00e9 aussi bien aux sorties qu\u2019aux moments de d\u00e9tente. Caract\u00e9ristiques :     Polo doux et respirant    Pantacourt coupe moderne et confortable    Mocassins en daim \u00e9l\u00e9gants    Style sport chic polyvalent    Disponible en plusieurs tailles et coloris\" \/>\n<meta property=\"og:url\" content=\"https:\/\/www.vector.tn\/index.php\/product\/ensemble-sport\/\" \/>\n<meta property=\"og:site_name\" content=\"Vector\" \/>\n<meta property=\"article:publisher\" content=\"https:\/\/www.facebook.com\/VECTOR.Tunisie\" \/>\n<meta property=\"article:modified_time\" content=\"2025-12-23T00:00:57+00:00\" \/>\n<meta property=\"og:image\" content=\"https:\/\/www.vector.tn\/wp-content\/uploads\/2025\/07\/IMG_1679-Photoroom-10-scaled.jpg\" \/>\n\t<meta property=\"og:image:width\" content=\"1707\" \/>\n\t<meta property=\"og:image:height\" content=\"2560\" \/>\n\t<meta property=\"og:image:type\" content=\"image\/jpeg\" \/>\n<meta name=\"twitter:card\" content=\"summary_large_image\" \/>\n<meta name=\"twitter:label1\" content=\"Dur\u00e9e de lecture estim\u00e9e\" \/>\n\t<meta name=\"twitter:data1\" content=\"1 minute\" \/>\n<script type=\"application\/ld+json\" class=\"yoast-schema-graph\">{\"@context\":\"https:\/\/schema.org\",\"@graph\":[{\"@type\":\"WebPage\",\"@id\":\"https:\/\/www.vector.tn\/index.php\/product\/ensemble-sport\/\",\"url\":\"https:\/\/www.vector.tn\/index.php\/product\/ensemble-sport\/\",\"name\":\"Ensemble Sport - Vector\",\"isPartOf\":{\"@id\":\"https:\/\/www.vector.tn\/#website\"},\"primaryImageOfPage\":{\"@id\":\"https:\/\/www.vector.tn\/index.php\/product\/ensemble-sport\/#primaryimage\"},\"image\":{\"@id\":\"https:\/\/www.vector.tn\/index.php\/product\/ensemble-sport\/#primaryimage\"},\"thumbnailUrl\":\"https:\/\/www.vector.tn\/wp-content\/uploads\/2025\/07\/IMG_1679-Photoroom-10-scaled.jpg\",\"datePublished\":\"2025-07-24T11:21:38+00:00\",\"dateModified\":\"2025-12-23T00:00:57+00:00\",\"breadcrumb\":{\"@id\":\"https:\/\/www.vector.tn\/index.php\/product\/ensemble-sport\/#breadcrumb\"},\"inLanguage\":\"fr-FR\",\"potentialAction\":[{\"@type\":\"ReadAction\",\"target\":[\"https:\/\/www.vector.tn\/index.php\/product\/ensemble-sport\/\"]}]},{\"@type\":\"ImageObject\",\"inLanguage\":\"fr-FR\",\"@id\":\"https:\/\/www.vector.tn\/index.php\/product\/ensemble-sport\/#primaryimage\",\"url\":\"https:\/\/www.vector.tn\/wp-content\/uploads\/2025\/07\/IMG_1679-Photoroom-10-scaled.jpg\",\"contentUrl\":\"https:\/\/www.vector.tn\/wp-content\/uploads\/2025\/07\/IMG_1679-Photoroom-10-scaled.jpg\",\"width\":1707,\"height\":2560},{\"@type\":\"BreadcrumbList\",\"@id\":\"https:\/\/www.vector.tn\/index.php\/product\/ensemble-sport\/#breadcrumb\",\"itemListElement\":[{\"@type\":\"ListItem\",\"position\":1,\"name\":\"Accueil\",\"item\":\"https:\/\/www.vector.tn\/\"},{\"@type\":\"ListItem\",\"position\":2,\"name\":\"Boutique\",\"item\":\"https:\/\/www.vector.tn\/index.php\/shop\/\"},{\"@type\":\"ListItem\",\"position\":3,\"name\":\"Ensemble Sport\"}]},{\"@type\":\"WebSite\",\"@id\":\"https:\/\/www.vector.tn\/#website\",\"url\":\"https:\/\/www.vector.tn\/\",\"name\":\"Vector\",\"description\":\"VECTOR est une marque d\u00e9pos\u00e9e de pr\u00eat \u00e0 porter sp\u00e9cialis\u00e9 dans la vente des v\u00eatements pour hommes.\",\"publisher\":{\"@id\":\"https:\/\/www.vector.tn\/#organization\"},\"potentialAction\":[{\"@type\":\"SearchAction\",\"target\":{\"@type\":\"EntryPoint\",\"urlTemplate\":\"https:\/\/www.vector.tn\/?s={search_term_string}\"},\"query-input\":{\"@type\":\"PropertyValueSpecification\",\"valueRequired\":true,\"valueName\":\"search_term_string\"}}],\"inLanguage\":\"fr-FR\"},{\"@type\":\"Organization\",\"@id\":\"https:\/\/www.vector.tn\/#organization\",\"name\":\"Vector\",\"url\":\"https:\/\/www.vector.tn\/\",\"logo\":{\"@type\":\"ImageObject\",\"inLanguage\":\"fr-FR\",\"@id\":\"https:\/\/www.vector.tn\/#\/schema\/logo\/image\/\",\"url\":\"https:\/\/www.vector.tn\/wp-content\/uploads\/2025\/07\/logo_vector.png\",\"contentUrl\":\"https:\/\/www.vector.tn\/wp-content\/uploads\/2025\/07\/logo_vector.png\",\"width\":160,\"height\":48,\"caption\":\"Vector\"},\"image\":{\"@id\":\"https:\/\/www.vector.tn\/#\/schema\/logo\/image\/\"},\"sameAs\":[\"https:\/\/www.facebook.com\/VECTOR.Tunisie\"]}]}<\/script>\n<!-- \/ Yoast SEO plugin. -->","yoast_head_json":{"title":"Ensemble Sport - Vector","robots":{"index":"index","follow":"follow","max-snippet":"max-snippet:-1","max-image-preview":"max-image-preview:large","max-video-preview":"max-video-preview:-1"},"canonical":"https:\/\/www.vector.tn\/index.php\/product\/ensemble-sport\/","og_locale":"fr_FR","og_type":"article","og_title":"Ensemble Sport - Vector","og_description":"Ensemble sport \u2013 Confort et \u00e9l\u00e9gance d\u00e9contract\u00e9e (polo + pantacourt + mocassin daim) Alliez style et praticit\u00e9 avec cet ensemble sport compos\u00e9 d\u2019un polo moderne, d\u2019un pantacourt confortable et de mocassins en daim raffin\u00e9s. Parfait pour vos journ\u00e9es estivales, il offre un look chic-d\u00e9contract\u00e9 adapt\u00e9 aussi bien aux sorties qu\u2019aux moments de d\u00e9tente. Caract\u00e9ristiques :     Polo doux et respirant    Pantacourt coupe moderne et confortable    Mocassins en daim \u00e9l\u00e9gants    Style sport chic polyvalent    Disponible en plusieurs tailles et coloris","og_url":"https:\/\/www.vector.tn\/index.php\/product\/ensemble-sport\/","og_site_name":"Vector","article_publisher":"https:\/\/www.facebook.com\/VECTOR.Tunisie","article_modified_time":"2025-12-23T00:00:57+00:00","og_image":[{"width":1707,"height":2560,"url":"https:\/\/www.vector.tn\/wp-content\/uploads\/2025\/07\/IMG_1679-Photoroom-10-scaled.jpg","type":"image\/jpeg"}],"twitter_card":"summary_large_image","twitter_misc":{"Dur\u00e9e de lecture estim\u00e9e":"1 minute"},"schema":{"@context":"https:\/\/schema.org","@graph":[{"@type":"WebPage","@id":"https:\/\/www.vector.tn\/index.php\/product\/ensemble-sport\/","url":"https:\/\/www.vector.tn\/index.php\/product\/ensemble-sport\/","name":"Ensemble Sport - Vector","isPartOf":{"@id":"https:\/\/www.vector.tn\/#website"},"primaryImageOfPage":{"@id":"https:\/\/www.vector.tn\/index.php\/product\/ensemble-sport\/#primaryimage"},"image":{"@id":"https:\/\/www.vector.tn\/index.php\/product\/ensemble-sport\/#primaryimage"},"thumbnailUrl":"https:\/\/www.vector.tn\/wp-content\/uploads\/2025\/07\/IMG_1679-Photoroom-10-scaled.jpg","datePublished":"2025-07-24T11:21:38+00:00","dateModified":"2025-12-23T00:00:57+00:00","breadcrumb":{"@id":"https:\/\/www.vector.tn\/index.php\/product\/ensemble-sport\/#breadcrumb"},"inLanguage":"fr-FR","potentialAction":[{"@type":"ReadAction","target":["https:\/\/www.vector.tn\/index.php\/product\/ensemble-sport\/"]}]},{"@type":"ImageObject","inLanguage":"fr-FR","@id":"https:\/\/www.vector.tn\/index.php\/product\/ensemble-sport\/#primaryimage","url":"https:\/\/www.vector.tn\/wp-content\/uploads\/2025\/07\/IMG_1679-Photoroom-10-scaled.jpg","contentUrl":"https:\/\/www.vector.tn\/wp-content\/uploads\/2025\/07\/IMG_1679-Photoroom-10-scaled.jpg","width":1707,"height":2560},{"@type":"BreadcrumbList","@id":"https:\/\/www.vector.tn\/index.php\/product\/ensemble-sport\/#breadcrumb","itemListElement":[{"@type":"ListItem","position":1,"name":"Accueil","item":"https:\/\/www.vector.tn\/"},{"@type":"ListItem","position":2,"name":"Boutique","item":"https:\/\/www.vector.tn\/index.php\/shop\/"},{"@type":"ListItem","position":3,"name":"Ensemble Sport"}]},{"@type":"WebSite","@id":"https:\/\/www.vector.tn\/#website","url":"https:\/\/www.vector.tn\/","name":"Vector","description":"VECTOR est une marque d\u00e9pos\u00e9e de pr\u00eat \u00e0 porter sp\u00e9cialis\u00e9 dans la vente des v\u00eatements pour hommes.","publisher":{"@id":"https:\/\/www.vector.tn\/#organization"},"potentialAction":[{"@type":"SearchAction","target":{"@type":"EntryPoint","urlTemplate":"https:\/\/www.vector.tn\/?s={search_term_string}"},"query-input":{"@type":"PropertyValueSpecification","valueRequired":true,"valueName":"search_term_string"}}],"inLanguage":"fr-FR"},{"@type":"Organization","@id":"https:\/\/www.vector.tn\/#organization","name":"Vector","url":"https:\/\/www.vector.tn\/","logo":{"@type":"ImageObject","inLanguage":"fr-FR","@id":"https:\/\/www.vector.tn\/#\/schema\/logo\/image\/","url":"https:\/\/www.vector.tn\/wp-content\/uploads\/2025\/07\/logo_vector.png","contentUrl":"https:\/\/www.vector.tn\/wp-content\/uploads\/2025\/07\/logo_vector.png","width":160,"height":48,"caption":"Vector"},"image":{"@id":"https:\/\/www.vector.tn\/#\/schema\/logo\/image\/"},"sameAs":["https:\/\/www.facebook.com\/VECTOR.Tunisie"]}]}},"_links":{"self":[{"href":"https:\/\/www.vector.tn\/index.php\/wp-json\/wp\/v2\/product\/3051","targetHints":{"allow":["GET"]}}],"collection":[{"href":"https:\/\/www.vector.tn\/index.php\/wp-json\/wp\/v2\/product"}],"about":[{"href":"https:\/\/www.vector.tn\/index.php\/wp-json\/wp\/v2\/types\/product"}],"wp:featuredmedia":[{"embeddable":true,"href":"https:\/\/www.vector.tn\/index.php\/wp-json\/wp\/v2\/media\/3063"}],"wp:attachment":[{"href":"https:\/\/www.vector.tn\/index.php\/wp-json\/wp\/v2\/media?parent=3051"}],"wp:term":[{"taxonomy":"product_brand","embeddable":true,"href":"https:\/\/www.vector.tn\/index.php\/wp-json\/wp\/v2\/product_brand?post=3051"},{"taxonomy":"product_cat","embeddable":true,"href":"https:\/\/www.vector.tn\/index.php\/wp-json\/wp\/v2\/product_cat?post=3051"},{"taxonomy":"product_tag","embeddable":true,"href":"https:\/\/www.vector.tn\/index.php\/wp-json\/wp\/v2\/product_tag?post=3051"}],"curies":[{"name":"wp","href":"https:\/\/api.w.org\/{rel}","templated":true}]}}