{"id":3033,"date":"2025-07-24T11:12:41","date_gmt":"2025-07-24T11:12:41","guid":{"rendered":"https:\/\/www.vector.tn\/?post_type=product&#038;p=3033"},"modified":"2025-12-23T00:00:57","modified_gmt":"2025-12-23T00:00:57","slug":"full-loook","status":"publish","type":"product","link":"https:\/\/www.vector.tn\/index.php\/product\/full-loook\/","title":{"rendered":"Ensemble Coton"},"content":{"rendered":"<p data-start=\"210\" data-end=\"331\"><strong data-start=\"210\" data-end=\"228\">Ensemble Coton<\/strong><br data-start=\"228\" data-end=\"231\" \/>Ensemble 100 % coton compos\u00e9 <strong>d\u2019un haut \u00e0 col polo<\/strong> et <strong>d\u2019un pantalon<\/strong> assorti dans un blanc \u00e9clatant.<\/p>\n<p data-start=\"333\" data-end=\"595\">\u00c0 la fois l\u00e9ger, respirant et \u00e9l\u00e9gant, il garantit un confort optimal tout en apportant une touche chic et moderne \u00e0 votre style. Id\u00e9al pour les journ\u00e9es estivales, les sorties en ville ou les moments de d\u00e9tente, cet ensemble combine simplicit\u00e9 et raffinement.<\/p>\n<p data-start=\"597\" data-end=\"621\"><strong data-start=\"597\" data-end=\"619\">Caract\u00e9ristiques :<\/strong><\/p>\n<ul data-start=\"622\" data-end=\"843\">\n<li data-start=\"622\" data-end=\"668\">\n<p data-start=\"624\" data-end=\"668\">Haut \u00e0 col polo en coton doux et respirant<\/p>\n<\/li>\n<li data-start=\"669\" data-end=\"707\">\n<p data-start=\"671\" data-end=\"707\">Pantalon assorti au design estival<\/p>\n<\/li>\n<li data-start=\"708\" data-end=\"753\">\n<p data-start=\"710\" data-end=\"753\">Mati\u00e8re 100 % coton l\u00e9g\u00e8re et confortable<\/p>\n<\/li>\n<li data-start=\"754\" data-end=\"796\">\n<p data-start=\"756\" data-end=\"796\">Style polyvalent : chic et d\u00e9contract\u00e9<\/p>\n<\/li>\n<li data-start=\"797\" data-end=\"843\">\n<p data-start=\"799\" data-end=\"843\">Disponible en plusieurs tailles et coloris<\/p>\n<\/li>\n<\/ul>\n","protected":false},"excerpt":{"rendered":"<p data-start=\"210\" data-end=\"331\"><strong data-start=\"210\" data-end=\"228\">Ensemble Coton<\/strong><br data-start=\"228\" data-end=\"231\" \/>Ensemble 100 % coton compos\u00e9 <strong>d\u2019un haut \u00e0 col polo<\/strong> et <strong>d\u2019un pantalon<\/strong> assorti dans un blanc \u00e9clatant.<\/p>\n<p data-start=\"333\" data-end=\"595\">\u00c0 la fois l\u00e9ger, respirant et \u00e9l\u00e9gant, il garantit un confort optimal tout en apportant une touche chic et moderne \u00e0 votre style. Id\u00e9al pour les journ\u00e9es estivales, les sorties en ville ou les moments de d\u00e9tente, cet ensemble combine simplicit\u00e9 et raffinement.<\/p>\n<p data-start=\"597\" data-end=\"621\"><strong data-start=\"597\" data-end=\"619\">Caract\u00e9ristiques :<\/strong><\/p>\n<ul data-start=\"622\" data-end=\"843\">\n<li data-start=\"622\" data-end=\"668\">\n<p data-start=\"624\" data-end=\"668\">Haut \u00e0 col polo en coton doux et respirant<\/p>\n<\/li>\n<li data-start=\"669\" data-end=\"707\">\n<p data-start=\"671\" data-end=\"707\">Pantalon assorti au design estival<\/p>\n<\/li>\n<li data-start=\"708\" data-end=\"753\">\n<p data-start=\"710\" data-end=\"753\">Mati\u00e8re 100 % coton l\u00e9g\u00e8re et confortable<\/p>\n<\/li>\n<li data-start=\"754\" data-end=\"796\">\n<p data-start=\"756\" data-end=\"796\">Style polyvalent : chic et d\u00e9contract\u00e9<\/p>\n<\/li>\n<li data-start=\"797\" data-end=\"843\">\n<p data-start=\"799\" data-end=\"843\">Disponible en plusieurs tailles et coloris<\/p>\n<\/li>\n<\/ul>\n","protected":false},"featured_media":3020,"template":"","meta":[],"product_brand":[],"product_cat":[55],"product_tag":[],"class_list":{"0":"post-3033","1":"product","2":"type-product","3":"status-publish","4":"has-post-thumbnail","6":"product_cat-total-look","8":"first","9":"instock","10":"shipping-taxable","11":"purchasable","12":"product-type-simple","13":"layout-style-1","14":"col-md-4 col-sm-4 col-xs-6","15":"col-lg-3","16":"product-has-gallery","17":"product-style-default"},"yoast_head":"<!-- This site is optimized with the Yoast SEO plugin v25.7 - https:\/\/yoast.com\/wordpress\/plugins\/seo\/ -->\n<title>Ensemble Coton - Vector<\/title>\n<meta name=\"robots\" content=\"index, follow, max-snippet:-1, max-image-preview:large, max-video-preview:-1\" \/>\n<link rel=\"canonical\" href=\"https:\/\/www.vector.tn\/index.php\/product\/full-loook\/\" \/>\n<meta property=\"og:locale\" content=\"fr_FR\" \/>\n<meta property=\"og:type\" content=\"article\" \/>\n<meta property=\"og:title\" content=\"Ensemble Coton - Vector\" \/>\n<meta property=\"og:description\" content=\"Ensemble CotonEnsemble 100 % coton compos\u00e9 d\u2019un haut \u00e0 col polo et d\u2019un pantalon assorti dans un blanc \u00e9clatant. \u00c0 la fois l\u00e9ger, respirant et \u00e9l\u00e9gant, il garantit un confort optimal tout en apportant une touche chic et moderne \u00e0 votre style. Id\u00e9al pour les journ\u00e9es estivales, les sorties en ville ou les moments de d\u00e9tente, cet ensemble combine simplicit\u00e9 et raffinement. Caract\u00e9ristiques :     Haut \u00e0 col polo en coton doux et respirant    Pantalon assorti au design estival    Mati\u00e8re 100 % coton l\u00e9g\u00e8re et confortable    Style polyvalent : chic et d\u00e9contract\u00e9    Disponible en plusieurs tailles et coloris\" \/>\n<meta property=\"og:url\" content=\"https:\/\/www.vector.tn\/index.php\/product\/full-loook\/\" \/>\n<meta property=\"og:site_name\" content=\"Vector\" \/>\n<meta property=\"article:publisher\" content=\"https:\/\/www.facebook.com\/VECTOR.Tunisie\" \/>\n<meta property=\"article:modified_time\" content=\"2025-12-23T00:00:57+00:00\" \/>\n<meta property=\"og:image\" content=\"https:\/\/www.vector.tn\/wp-content\/uploads\/2025\/07\/IMG_1334-Photoroom-1-scaled.jpg\" \/>\n\t<meta property=\"og:image:width\" content=\"1707\" \/>\n\t<meta property=\"og:image:height\" content=\"2560\" \/>\n\t<meta property=\"og:image:type\" content=\"image\/jpeg\" \/>\n<meta name=\"twitter:card\" content=\"summary_large_image\" \/>\n<meta name=\"twitter:label1\" content=\"Dur\u00e9e de lecture estim\u00e9e\" \/>\n\t<meta name=\"twitter:data1\" content=\"1 minute\" \/>\n<script type=\"application\/ld+json\" class=\"yoast-schema-graph\">{\"@context\":\"https:\/\/schema.org\",\"@graph\":[{\"@type\":\"WebPage\",\"@id\":\"https:\/\/www.vector.tn\/index.php\/product\/full-loook\/\",\"url\":\"https:\/\/www.vector.tn\/index.php\/product\/full-loook\/\",\"name\":\"Ensemble Coton - Vector\",\"isPartOf\":{\"@id\":\"https:\/\/www.vector.tn\/#website\"},\"primaryImageOfPage\":{\"@id\":\"https:\/\/www.vector.tn\/index.php\/product\/full-loook\/#primaryimage\"},\"image\":{\"@id\":\"https:\/\/www.vector.tn\/index.php\/product\/full-loook\/#primaryimage\"},\"thumbnailUrl\":\"https:\/\/www.vector.tn\/wp-content\/uploads\/2025\/07\/IMG_1334-Photoroom-1-scaled.jpg\",\"datePublished\":\"2025-07-24T11:12:41+00:00\",\"dateModified\":\"2025-12-23T00:00:57+00:00\",\"breadcrumb\":{\"@id\":\"https:\/\/www.vector.tn\/index.php\/product\/full-loook\/#breadcrumb\"},\"inLanguage\":\"fr-FR\",\"potentialAction\":[{\"@type\":\"ReadAction\",\"target\":[\"https:\/\/www.vector.tn\/index.php\/product\/full-loook\/\"]}]},{\"@type\":\"ImageObject\",\"inLanguage\":\"fr-FR\",\"@id\":\"https:\/\/www.vector.tn\/index.php\/product\/full-loook\/#primaryimage\",\"url\":\"https:\/\/www.vector.tn\/wp-content\/uploads\/2025\/07\/IMG_1334-Photoroom-1-scaled.jpg\",\"contentUrl\":\"https:\/\/www.vector.tn\/wp-content\/uploads\/2025\/07\/IMG_1334-Photoroom-1-scaled.jpg\",\"width\":1707,\"height\":2560},{\"@type\":\"BreadcrumbList\",\"@id\":\"https:\/\/www.vector.tn\/index.php\/product\/full-loook\/#breadcrumb\",\"itemListElement\":[{\"@type\":\"ListItem\",\"position\":1,\"name\":\"Accueil\",\"item\":\"https:\/\/www.vector.tn\/\"},{\"@type\":\"ListItem\",\"position\":2,\"name\":\"Boutique\",\"item\":\"https:\/\/www.vector.tn\/index.php\/shop\/\"},{\"@type\":\"ListItem\",\"position\":3,\"name\":\"Ensemble Coton\"}]},{\"@type\":\"WebSite\",\"@id\":\"https:\/\/www.vector.tn\/#website\",\"url\":\"https:\/\/www.vector.tn\/\",\"name\":\"Vector\",\"description\":\"VECTOR est une marque d\u00e9pos\u00e9e de pr\u00eat \u00e0 porter sp\u00e9cialis\u00e9 dans la vente des v\u00eatements pour hommes.\",\"publisher\":{\"@id\":\"https:\/\/www.vector.tn\/#organization\"},\"potentialAction\":[{\"@type\":\"SearchAction\",\"target\":{\"@type\":\"EntryPoint\",\"urlTemplate\":\"https:\/\/www.vector.tn\/?s={search_term_string}\"},\"query-input\":{\"@type\":\"PropertyValueSpecification\",\"valueRequired\":true,\"valueName\":\"search_term_string\"}}],\"inLanguage\":\"fr-FR\"},{\"@type\":\"Organization\",\"@id\":\"https:\/\/www.vector.tn\/#organization\",\"name\":\"Vector\",\"url\":\"https:\/\/www.vector.tn\/\",\"logo\":{\"@type\":\"ImageObject\",\"inLanguage\":\"fr-FR\",\"@id\":\"https:\/\/www.vector.tn\/#\/schema\/logo\/image\/\",\"url\":\"https:\/\/www.vector.tn\/wp-content\/uploads\/2025\/07\/logo_vector.png\",\"contentUrl\":\"https:\/\/www.vector.tn\/wp-content\/uploads\/2025\/07\/logo_vector.png\",\"width\":160,\"height\":48,\"caption\":\"Vector\"},\"image\":{\"@id\":\"https:\/\/www.vector.tn\/#\/schema\/logo\/image\/\"},\"sameAs\":[\"https:\/\/www.facebook.com\/VECTOR.Tunisie\"]}]}<\/script>\n<!-- \/ Yoast SEO plugin. -->","yoast_head_json":{"title":"Ensemble Coton - Vector","robots":{"index":"index","follow":"follow","max-snippet":"max-snippet:-1","max-image-preview":"max-image-preview:large","max-video-preview":"max-video-preview:-1"},"canonical":"https:\/\/www.vector.tn\/index.php\/product\/full-loook\/","og_locale":"fr_FR","og_type":"article","og_title":"Ensemble Coton - Vector","og_description":"Ensemble CotonEnsemble 100 % coton compos\u00e9 d\u2019un haut \u00e0 col polo et d\u2019un pantalon assorti dans un blanc \u00e9clatant. \u00c0 la fois l\u00e9ger, respirant et \u00e9l\u00e9gant, il garantit un confort optimal tout en apportant une touche chic et moderne \u00e0 votre style. Id\u00e9al pour les journ\u00e9es estivales, les sorties en ville ou les moments de d\u00e9tente, cet ensemble combine simplicit\u00e9 et raffinement. Caract\u00e9ristiques :     Haut \u00e0 col polo en coton doux et respirant    Pantalon assorti au design estival    Mati\u00e8re 100 % coton l\u00e9g\u00e8re et confortable    Style polyvalent : chic et d\u00e9contract\u00e9    Disponible en plusieurs tailles et coloris","og_url":"https:\/\/www.vector.tn\/index.php\/product\/full-loook\/","og_site_name":"Vector","article_publisher":"https:\/\/www.facebook.com\/VECTOR.Tunisie","article_modified_time":"2025-12-23T00:00:57+00:00","og_image":[{"width":1707,"height":2560,"url":"https:\/\/www.vector.tn\/wp-content\/uploads\/2025\/07\/IMG_1334-Photoroom-1-scaled.jpg","type":"image\/jpeg"}],"twitter_card":"summary_large_image","twitter_misc":{"Dur\u00e9e de lecture estim\u00e9e":"1 minute"},"schema":{"@context":"https:\/\/schema.org","@graph":[{"@type":"WebPage","@id":"https:\/\/www.vector.tn\/index.php\/product\/full-loook\/","url":"https:\/\/www.vector.tn\/index.php\/product\/full-loook\/","name":"Ensemble Coton - Vector","isPartOf":{"@id":"https:\/\/www.vector.tn\/#website"},"primaryImageOfPage":{"@id":"https:\/\/www.vector.tn\/index.php\/product\/full-loook\/#primaryimage"},"image":{"@id":"https:\/\/www.vector.tn\/index.php\/product\/full-loook\/#primaryimage"},"thumbnailUrl":"https:\/\/www.vector.tn\/wp-content\/uploads\/2025\/07\/IMG_1334-Photoroom-1-scaled.jpg","datePublished":"2025-07-24T11:12:41+00:00","dateModified":"2025-12-23T00:00:57+00:00","breadcrumb":{"@id":"https:\/\/www.vector.tn\/index.php\/product\/full-loook\/#breadcrumb"},"inLanguage":"fr-FR","potentialAction":[{"@type":"ReadAction","target":["https:\/\/www.vector.tn\/index.php\/product\/full-loook\/"]}]},{"@type":"ImageObject","inLanguage":"fr-FR","@id":"https:\/\/www.vector.tn\/index.php\/product\/full-loook\/#primaryimage","url":"https:\/\/www.vector.tn\/wp-content\/uploads\/2025\/07\/IMG_1334-Photoroom-1-scaled.jpg","contentUrl":"https:\/\/www.vector.tn\/wp-content\/uploads\/2025\/07\/IMG_1334-Photoroom-1-scaled.jpg","width":1707,"height":2560},{"@type":"BreadcrumbList","@id":"https:\/\/www.vector.tn\/index.php\/product\/full-loook\/#breadcrumb","itemListElement":[{"@type":"ListItem","position":1,"name":"Accueil","item":"https:\/\/www.vector.tn\/"},{"@type":"ListItem","position":2,"name":"Boutique","item":"https:\/\/www.vector.tn\/index.php\/shop\/"},{"@type":"ListItem","position":3,"name":"Ensemble Coton"}]},{"@type":"WebSite","@id":"https:\/\/www.vector.tn\/#website","url":"https:\/\/www.vector.tn\/","name":"Vector","description":"VECTOR est une marque d\u00e9pos\u00e9e de pr\u00eat \u00e0 porter sp\u00e9cialis\u00e9 dans la vente des v\u00eatements pour hommes.","publisher":{"@id":"https:\/\/www.vector.tn\/#organization"},"potentialAction":[{"@type":"SearchAction","target":{"@type":"EntryPoint","urlTemplate":"https:\/\/www.vector.tn\/?s={search_term_string}"},"query-input":{"@type":"PropertyValueSpecification","valueRequired":true,"valueName":"search_term_string"}}],"inLanguage":"fr-FR"},{"@type":"Organization","@id":"https:\/\/www.vector.tn\/#organization","name":"Vector","url":"https:\/\/www.vector.tn\/","logo":{"@type":"ImageObject","inLanguage":"fr-FR","@id":"https:\/\/www.vector.tn\/#\/schema\/logo\/image\/","url":"https:\/\/www.vector.tn\/wp-content\/uploads\/2025\/07\/logo_vector.png","contentUrl":"https:\/\/www.vector.tn\/wp-content\/uploads\/2025\/07\/logo_vector.png","width":160,"height":48,"caption":"Vector"},"image":{"@id":"https:\/\/www.vector.tn\/#\/schema\/logo\/image\/"},"sameAs":["https:\/\/www.facebook.com\/VECTOR.Tunisie"]}]}},"_links":{"self":[{"href":"https:\/\/www.vector.tn\/index.php\/wp-json\/wp\/v2\/product\/3033","targetHints":{"allow":["GET"]}}],"collection":[{"href":"https:\/\/www.vector.tn\/index.php\/wp-json\/wp\/v2\/product"}],"about":[{"href":"https:\/\/www.vector.tn\/index.php\/wp-json\/wp\/v2\/types\/product"}],"wp:featuredmedia":[{"embeddable":true,"href":"https:\/\/www.vector.tn\/index.php\/wp-json\/wp\/v2\/media\/3020"}],"wp:attachment":[{"href":"https:\/\/www.vector.tn\/index.php\/wp-json\/wp\/v2\/media?parent=3033"}],"wp:term":[{"taxonomy":"product_brand","embeddable":true,"href":"https:\/\/www.vector.tn\/index.php\/wp-json\/wp\/v2\/product_brand?post=3033"},{"taxonomy":"product_cat","embeddable":true,"href":"https:\/\/www.vector.tn\/index.php\/wp-json\/wp\/v2\/product_cat?post=3033"},{"taxonomy":"product_tag","embeddable":true,"href":"https:\/\/www.vector.tn\/index.php\/wp-json\/wp\/v2\/product_tag?post=3033"}],"curies":[{"name":"wp","href":"https:\/\/api.w.org\/{rel}","templated":true}]}}