{"id":3014,"date":"2025-07-24T11:10:50","date_gmt":"2025-07-24T11:10:50","guid":{"rendered":"https:\/\/www.vector.tn\/?post_type=product&#038;p=3014"},"modified":"2025-12-23T00:00:57","modified_gmt":"2025-12-23T00:00:57","slug":"vert-militaire","status":"publish","type":"product","link":"https:\/\/www.vector.tn\/index.php\/product\/vert-militaire\/","title":{"rendered":"Ensemble Sport"},"content":{"rendered":"<p data-start=\"161\" data-end=\"309\"><strong data-start=\"161\" data-end=\"179\">Ensemble Sport \u00a0(t-shirt + short + mocassins daim)<\/strong><br data-start=\"179\" data-end=\"182\" \/>Look urbain et confortable compos\u00e9 d\u2019un <strong>t-shirt blanc<\/strong> imprim\u00e9, d\u2019un <strong>short vert<\/strong> militaire et de <strong>mocassins en daim<\/strong> beige clair.<\/p>\n<p data-start=\"311\" data-end=\"528\">Alliant d\u00e9contraction et \u00e9l\u00e9gance, cet ensemble est id\u00e9al pour les journ\u00e9es estivales et les sorties d\u00e9contract\u00e9es. Il apporte une touche moderne et soign\u00e9e \u00e0 votre style, tout en restant l\u00e9ger et agr\u00e9able \u00e0 porter.<\/p>\n<p data-start=\"530\" data-end=\"554\"><strong data-start=\"530\" data-end=\"552\">Caract\u00e9ristiques :<\/strong><\/p>\n<ul data-start=\"555\" data-end=\"771\">\n<li data-start=\"555\" data-end=\"595\">\n<p data-start=\"557\" data-end=\"595\">T-shirt blanc imprim\u00e9, coupe moderne<\/p>\n<\/li>\n<li data-start=\"596\" data-end=\"644\">\n<p data-start=\"598\" data-end=\"644\">Short vert militaire confortable et pratique<\/p>\n<\/li>\n<li data-start=\"645\" data-end=\"702\">\n<p data-start=\"647\" data-end=\"702\">Mocassins en daim beige clair, \u00e9l\u00e9gants et r\u00e9sistants<\/p>\n<\/li>\n<li data-start=\"703\" data-end=\"735\">\n<p data-start=\"705\" data-end=\"735\">Style urbain relax et soign\u00e9<\/p>\n<\/li>\n<li data-start=\"736\" data-end=\"771\">\n<p data-start=\"738\" data-end=\"771\">Disponible en plusieurs tailles<\/p>\n<\/li>\n<\/ul>\n","protected":false},"excerpt":{"rendered":"<p data-start=\"161\" data-end=\"309\"><strong data-start=\"161\" data-end=\"179\">Ensemble Sport \u00a0(t-shirt + short + mocassins daim)<\/strong><br data-start=\"179\" data-end=\"182\" \/>Look urbain et confortable compos\u00e9 d\u2019un <strong>t-shirt blanc<\/strong> imprim\u00e9, d\u2019un <strong>short vert<\/strong> militaire et de <strong>mocassins en daim<\/strong> beige clair.<\/p>\n<p data-start=\"311\" data-end=\"528\">Alliant d\u00e9contraction et \u00e9l\u00e9gance, cet ensemble est id\u00e9al pour les journ\u00e9es estivales et les sorties d\u00e9contract\u00e9es. Il apporte une touche moderne et soign\u00e9e \u00e0 votre style, tout en restant l\u00e9ger et agr\u00e9able \u00e0 porter.<\/p>\n<p data-start=\"530\" data-end=\"554\"><strong data-start=\"530\" data-end=\"552\">Caract\u00e9ristiques :<\/strong><\/p>\n<ul data-start=\"555\" data-end=\"771\">\n<li data-start=\"555\" data-end=\"595\">\n<p data-start=\"557\" data-end=\"595\">T-shirt blanc imprim\u00e9, coupe moderne<\/p>\n<\/li>\n<li data-start=\"596\" data-end=\"644\">\n<p data-start=\"598\" data-end=\"644\">Short vert militaire confortable et pratique<\/p>\n<\/li>\n<li data-start=\"645\" data-end=\"702\">\n<p data-start=\"647\" data-end=\"702\">Mocassins en daim beige clair, \u00e9l\u00e9gants et r\u00e9sistants<\/p>\n<\/li>\n<li data-start=\"703\" data-end=\"735\">\n<p data-start=\"705\" data-end=\"735\">Style urbain relax et soign\u00e9<\/p>\n<\/li>\n<li data-start=\"736\" data-end=\"771\">\n<p data-start=\"738\" data-end=\"771\">Disponible en plusieurs tailles<\/p>\n<\/li>\n<\/ul>\n","protected":false},"featured_media":3016,"template":"","meta":[],"product_brand":[],"product_cat":[55],"product_tag":[],"class_list":{"0":"post-3014","1":"product","2":"type-product","3":"status-publish","4":"has-post-thumbnail","6":"product_cat-total-look","8":"first","9":"instock","10":"shipping-taxable","11":"purchasable","12":"product-type-simple","13":"layout-style-1","14":"col-md-4 col-sm-4 col-xs-6","15":"col-lg-3","16":"product-has-gallery","17":"product-style-default"},"yoast_head":"<!-- This site is optimized with the Yoast SEO plugin v25.7 - https:\/\/yoast.com\/wordpress\/plugins\/seo\/ -->\n<title>Ensemble Sport - Vector<\/title>\n<meta name=\"robots\" content=\"index, follow, max-snippet:-1, max-image-preview:large, max-video-preview:-1\" \/>\n<link rel=\"canonical\" href=\"https:\/\/www.vector.tn\/index.php\/product\/vert-militaire\/\" \/>\n<meta property=\"og:locale\" content=\"fr_FR\" \/>\n<meta property=\"og:type\" content=\"article\" \/>\n<meta property=\"og:title\" content=\"Ensemble Sport - Vector\" \/>\n<meta property=\"og:description\" content=\"Ensemble Sport \u00a0(t-shirt + short + mocassins daim)Look urbain et confortable compos\u00e9 d\u2019un t-shirt blanc imprim\u00e9, d\u2019un short vert militaire et de mocassins en daim beige clair. Alliant d\u00e9contraction et \u00e9l\u00e9gance, cet ensemble est id\u00e9al pour les journ\u00e9es estivales et les sorties d\u00e9contract\u00e9es. Il apporte une touche moderne et soign\u00e9e \u00e0 votre style, tout en restant l\u00e9ger et agr\u00e9able \u00e0 porter. Caract\u00e9ristiques :     T-shirt blanc imprim\u00e9, coupe moderne    Short vert militaire confortable et pratique    Mocassins en daim beige clair, \u00e9l\u00e9gants et r\u00e9sistants    Style urbain relax et soign\u00e9    Disponible en plusieurs tailles\" \/>\n<meta property=\"og:url\" content=\"https:\/\/www.vector.tn\/index.php\/product\/vert-militaire\/\" \/>\n<meta property=\"og:site_name\" content=\"Vector\" \/>\n<meta property=\"article:publisher\" content=\"https:\/\/www.facebook.com\/VECTOR.Tunisie\" \/>\n<meta property=\"article:modified_time\" content=\"2025-12-23T00:00:57+00:00\" \/>\n<meta property=\"og:image\" content=\"https:\/\/www.vector.tn\/wp-content\/uploads\/2025\/07\/IMG_1645-Photoroom-1-scaled.jpg\" \/>\n\t<meta property=\"og:image:width\" content=\"1707\" \/>\n\t<meta property=\"og:image:height\" content=\"2560\" \/>\n\t<meta property=\"og:image:type\" content=\"image\/jpeg\" \/>\n<meta name=\"twitter:card\" content=\"summary_large_image\" \/>\n<meta name=\"twitter:label1\" content=\"Dur\u00e9e de lecture estim\u00e9e\" \/>\n\t<meta name=\"twitter:data1\" content=\"1 minute\" \/>\n<script type=\"application\/ld+json\" class=\"yoast-schema-graph\">{\"@context\":\"https:\/\/schema.org\",\"@graph\":[{\"@type\":\"WebPage\",\"@id\":\"https:\/\/www.vector.tn\/index.php\/product\/vert-militaire\/\",\"url\":\"https:\/\/www.vector.tn\/index.php\/product\/vert-militaire\/\",\"name\":\"Ensemble Sport - Vector\",\"isPartOf\":{\"@id\":\"https:\/\/www.vector.tn\/#website\"},\"primaryImageOfPage\":{\"@id\":\"https:\/\/www.vector.tn\/index.php\/product\/vert-militaire\/#primaryimage\"},\"image\":{\"@id\":\"https:\/\/www.vector.tn\/index.php\/product\/vert-militaire\/#primaryimage\"},\"thumbnailUrl\":\"https:\/\/www.vector.tn\/wp-content\/uploads\/2025\/07\/IMG_1645-Photoroom-1-scaled.jpg\",\"datePublished\":\"2025-07-24T11:10:50+00:00\",\"dateModified\":\"2025-12-23T00:00:57+00:00\",\"breadcrumb\":{\"@id\":\"https:\/\/www.vector.tn\/index.php\/product\/vert-militaire\/#breadcrumb\"},\"inLanguage\":\"fr-FR\",\"potentialAction\":[{\"@type\":\"ReadAction\",\"target\":[\"https:\/\/www.vector.tn\/index.php\/product\/vert-militaire\/\"]}]},{\"@type\":\"ImageObject\",\"inLanguage\":\"fr-FR\",\"@id\":\"https:\/\/www.vector.tn\/index.php\/product\/vert-militaire\/#primaryimage\",\"url\":\"https:\/\/www.vector.tn\/wp-content\/uploads\/2025\/07\/IMG_1645-Photoroom-1-scaled.jpg\",\"contentUrl\":\"https:\/\/www.vector.tn\/wp-content\/uploads\/2025\/07\/IMG_1645-Photoroom-1-scaled.jpg\",\"width\":1707,\"height\":2560},{\"@type\":\"BreadcrumbList\",\"@id\":\"https:\/\/www.vector.tn\/index.php\/product\/vert-militaire\/#breadcrumb\",\"itemListElement\":[{\"@type\":\"ListItem\",\"position\":1,\"name\":\"Accueil\",\"item\":\"https:\/\/www.vector.tn\/\"},{\"@type\":\"ListItem\",\"position\":2,\"name\":\"Boutique\",\"item\":\"https:\/\/www.vector.tn\/index.php\/shop\/\"},{\"@type\":\"ListItem\",\"position\":3,\"name\":\"Ensemble Sport\"}]},{\"@type\":\"WebSite\",\"@id\":\"https:\/\/www.vector.tn\/#website\",\"url\":\"https:\/\/www.vector.tn\/\",\"name\":\"Vector\",\"description\":\"VECTOR est une marque d\u00e9pos\u00e9e de pr\u00eat \u00e0 porter sp\u00e9cialis\u00e9 dans la vente des v\u00eatements pour hommes.\",\"publisher\":{\"@id\":\"https:\/\/www.vector.tn\/#organization\"},\"potentialAction\":[{\"@type\":\"SearchAction\",\"target\":{\"@type\":\"EntryPoint\",\"urlTemplate\":\"https:\/\/www.vector.tn\/?s={search_term_string}\"},\"query-input\":{\"@type\":\"PropertyValueSpecification\",\"valueRequired\":true,\"valueName\":\"search_term_string\"}}],\"inLanguage\":\"fr-FR\"},{\"@type\":\"Organization\",\"@id\":\"https:\/\/www.vector.tn\/#organization\",\"name\":\"Vector\",\"url\":\"https:\/\/www.vector.tn\/\",\"logo\":{\"@type\":\"ImageObject\",\"inLanguage\":\"fr-FR\",\"@id\":\"https:\/\/www.vector.tn\/#\/schema\/logo\/image\/\",\"url\":\"https:\/\/www.vector.tn\/wp-content\/uploads\/2025\/07\/logo_vector.png\",\"contentUrl\":\"https:\/\/www.vector.tn\/wp-content\/uploads\/2025\/07\/logo_vector.png\",\"width\":160,\"height\":48,\"caption\":\"Vector\"},\"image\":{\"@id\":\"https:\/\/www.vector.tn\/#\/schema\/logo\/image\/\"},\"sameAs\":[\"https:\/\/www.facebook.com\/VECTOR.Tunisie\"]}]}<\/script>\n<!-- \/ Yoast SEO plugin. -->","yoast_head_json":{"title":"Ensemble Sport - Vector","robots":{"index":"index","follow":"follow","max-snippet":"max-snippet:-1","max-image-preview":"max-image-preview:large","max-video-preview":"max-video-preview:-1"},"canonical":"https:\/\/www.vector.tn\/index.php\/product\/vert-militaire\/","og_locale":"fr_FR","og_type":"article","og_title":"Ensemble Sport - Vector","og_description":"Ensemble Sport \u00a0(t-shirt + short + mocassins daim)Look urbain et confortable compos\u00e9 d\u2019un t-shirt blanc imprim\u00e9, d\u2019un short vert militaire et de mocassins en daim beige clair. Alliant d\u00e9contraction et \u00e9l\u00e9gance, cet ensemble est id\u00e9al pour les journ\u00e9es estivales et les sorties d\u00e9contract\u00e9es. Il apporte une touche moderne et soign\u00e9e \u00e0 votre style, tout en restant l\u00e9ger et agr\u00e9able \u00e0 porter. Caract\u00e9ristiques :     T-shirt blanc imprim\u00e9, coupe moderne    Short vert militaire confortable et pratique    Mocassins en daim beige clair, \u00e9l\u00e9gants et r\u00e9sistants    Style urbain relax et soign\u00e9    Disponible en plusieurs tailles","og_url":"https:\/\/www.vector.tn\/index.php\/product\/vert-militaire\/","og_site_name":"Vector","article_publisher":"https:\/\/www.facebook.com\/VECTOR.Tunisie","article_modified_time":"2025-12-23T00:00:57+00:00","og_image":[{"width":1707,"height":2560,"url":"https:\/\/www.vector.tn\/wp-content\/uploads\/2025\/07\/IMG_1645-Photoroom-1-scaled.jpg","type":"image\/jpeg"}],"twitter_card":"summary_large_image","twitter_misc":{"Dur\u00e9e de lecture estim\u00e9e":"1 minute"},"schema":{"@context":"https:\/\/schema.org","@graph":[{"@type":"WebPage","@id":"https:\/\/www.vector.tn\/index.php\/product\/vert-militaire\/","url":"https:\/\/www.vector.tn\/index.php\/product\/vert-militaire\/","name":"Ensemble Sport - Vector","isPartOf":{"@id":"https:\/\/www.vector.tn\/#website"},"primaryImageOfPage":{"@id":"https:\/\/www.vector.tn\/index.php\/product\/vert-militaire\/#primaryimage"},"image":{"@id":"https:\/\/www.vector.tn\/index.php\/product\/vert-militaire\/#primaryimage"},"thumbnailUrl":"https:\/\/www.vector.tn\/wp-content\/uploads\/2025\/07\/IMG_1645-Photoroom-1-scaled.jpg","datePublished":"2025-07-24T11:10:50+00:00","dateModified":"2025-12-23T00:00:57+00:00","breadcrumb":{"@id":"https:\/\/www.vector.tn\/index.php\/product\/vert-militaire\/#breadcrumb"},"inLanguage":"fr-FR","potentialAction":[{"@type":"ReadAction","target":["https:\/\/www.vector.tn\/index.php\/product\/vert-militaire\/"]}]},{"@type":"ImageObject","inLanguage":"fr-FR","@id":"https:\/\/www.vector.tn\/index.php\/product\/vert-militaire\/#primaryimage","url":"https:\/\/www.vector.tn\/wp-content\/uploads\/2025\/07\/IMG_1645-Photoroom-1-scaled.jpg","contentUrl":"https:\/\/www.vector.tn\/wp-content\/uploads\/2025\/07\/IMG_1645-Photoroom-1-scaled.jpg","width":1707,"height":2560},{"@type":"BreadcrumbList","@id":"https:\/\/www.vector.tn\/index.php\/product\/vert-militaire\/#breadcrumb","itemListElement":[{"@type":"ListItem","position":1,"name":"Accueil","item":"https:\/\/www.vector.tn\/"},{"@type":"ListItem","position":2,"name":"Boutique","item":"https:\/\/www.vector.tn\/index.php\/shop\/"},{"@type":"ListItem","position":3,"name":"Ensemble Sport"}]},{"@type":"WebSite","@id":"https:\/\/www.vector.tn\/#website","url":"https:\/\/www.vector.tn\/","name":"Vector","description":"VECTOR est une marque d\u00e9pos\u00e9e de pr\u00eat \u00e0 porter sp\u00e9cialis\u00e9 dans la vente des v\u00eatements pour hommes.","publisher":{"@id":"https:\/\/www.vector.tn\/#organization"},"potentialAction":[{"@type":"SearchAction","target":{"@type":"EntryPoint","urlTemplate":"https:\/\/www.vector.tn\/?s={search_term_string}"},"query-input":{"@type":"PropertyValueSpecification","valueRequired":true,"valueName":"search_term_string"}}],"inLanguage":"fr-FR"},{"@type":"Organization","@id":"https:\/\/www.vector.tn\/#organization","name":"Vector","url":"https:\/\/www.vector.tn\/","logo":{"@type":"ImageObject","inLanguage":"fr-FR","@id":"https:\/\/www.vector.tn\/#\/schema\/logo\/image\/","url":"https:\/\/www.vector.tn\/wp-content\/uploads\/2025\/07\/logo_vector.png","contentUrl":"https:\/\/www.vector.tn\/wp-content\/uploads\/2025\/07\/logo_vector.png","width":160,"height":48,"caption":"Vector"},"image":{"@id":"https:\/\/www.vector.tn\/#\/schema\/logo\/image\/"},"sameAs":["https:\/\/www.facebook.com\/VECTOR.Tunisie"]}]}},"_links":{"self":[{"href":"https:\/\/www.vector.tn\/index.php\/wp-json\/wp\/v2\/product\/3014","targetHints":{"allow":["GET"]}}],"collection":[{"href":"https:\/\/www.vector.tn\/index.php\/wp-json\/wp\/v2\/product"}],"about":[{"href":"https:\/\/www.vector.tn\/index.php\/wp-json\/wp\/v2\/types\/product"}],"wp:featuredmedia":[{"embeddable":true,"href":"https:\/\/www.vector.tn\/index.php\/wp-json\/wp\/v2\/media\/3016"}],"wp:attachment":[{"href":"https:\/\/www.vector.tn\/index.php\/wp-json\/wp\/v2\/media?parent=3014"}],"wp:term":[{"taxonomy":"product_brand","embeddable":true,"href":"https:\/\/www.vector.tn\/index.php\/wp-json\/wp\/v2\/product_brand?post=3014"},{"taxonomy":"product_cat","embeddable":true,"href":"https:\/\/www.vector.tn\/index.php\/wp-json\/wp\/v2\/product_cat?post=3014"},{"taxonomy":"product_tag","embeddable":true,"href":"https:\/\/www.vector.tn\/index.php\/wp-json\/wp\/v2\/product_tag?post=3014"}],"curies":[{"name":"wp","href":"https:\/\/api.w.org\/{rel}","templated":true}]}}