{"id":3011,"date":"2025-07-24T11:07:13","date_gmt":"2025-07-24T11:07:13","guid":{"rendered":"https:\/\/www.vector.tn\/?post_type=product&#038;p=3011"},"modified":"2025-12-23T00:00:57","modified_gmt":"2025-12-23T00:00:57","slug":"ensemble-sport-chic","status":"publish","type":"product","link":"https:\/\/www.vector.tn\/index.php\/product\/ensemble-sport-chic\/","title":{"rendered":"Ensemble sport chic"},"content":{"rendered":"<p data-start=\"147\" data-end=\"199\"><strong data-start=\"147\" data-end=\"197\">Ensemble sport chic (veste + pantalon chevill\u00e9 + t-shirt + mocassin + ceinture)<\/strong><\/p>\n<p data-start=\"201\" data-end=\"571\">Adoptez une allure \u00e9l\u00e9gante et d\u00e9contract\u00e9e avec cet <strong data-start=\"254\" data-end=\"277\">ensemble sport chic<\/strong> compos\u00e9 d\u2019une <strong data-start=\"292\" data-end=\"310\">veste tendance<\/strong>, d\u2019un <strong data-start=\"317\" data-end=\"338\">pantalon chevill\u00e9<\/strong>, d\u2019un <strong data-start=\"345\" data-end=\"368\">t-shirt confortable<\/strong>, de <strong data-start=\"373\" data-end=\"395\">mocassins raffin\u00e9s<\/strong> et d\u2019une <strong data-start=\"405\" data-end=\"426\">ceinture assortie<\/strong>. Con\u00e7u pour allier confort et \u00e9l\u00e9gance, il est parfait pour vos sorties, vos occasions sp\u00e9ciales ou vos moments quotidiens o\u00f9 le style compte.<\/p>\n<p data-start=\"573\" data-end=\"597\"><strong data-start=\"573\" data-end=\"595\">Caract\u00e9ristiques :<\/strong><\/p>\n<ul data-start=\"598\" data-end=\"821\">\n<li data-start=\"598\" data-end=\"625\">\n<p data-start=\"600\" data-end=\"625\">Veste moderne et l\u00e9g\u00e8re<\/p>\n<\/li>\n<li data-start=\"626\" data-end=\"663\">\n<p data-start=\"628\" data-end=\"663\">Pantalon chevill\u00e9 \u00e0 coupe ajust\u00e9e<\/p>\n<\/li>\n<li data-start=\"664\" data-end=\"702\">\n<p data-start=\"666\" data-end=\"702\">T-shirt en coton doux et respirant<\/p>\n<\/li>\n<li data-start=\"703\" data-end=\"756\">\n<p data-start=\"705\" data-end=\"756\">Mocassins \u00e9l\u00e9gants pour une finition sophistiqu\u00e9e<\/p>\n<\/li>\n<li data-start=\"757\" data-end=\"786\">\n<p data-start=\"759\" data-end=\"786\">Ceinture assortie incluse<\/p>\n<\/li>\n<li data-start=\"787\" data-end=\"821\">\n<p data-start=\"789\" data-end=\"821\">Ensemble complet et polyvalent<\/p>\n<\/li>\n<\/ul>\n","protected":false},"excerpt":{"rendered":"<p data-start=\"147\" data-end=\"199\"><strong data-start=\"147\" data-end=\"197\">Ensemble sport chic (veste + pantalon chevill\u00e9 + t-shirt + mocassin + ceinture)<\/strong><\/p>\n<p data-start=\"201\" data-end=\"571\">Adoptez une allure \u00e9l\u00e9gante et d\u00e9contract\u00e9e avec cet <strong data-start=\"254\" data-end=\"277\">ensemble sport chic<\/strong> compos\u00e9 d\u2019une <strong data-start=\"292\" data-end=\"310\">veste tendance<\/strong>, d\u2019un <strong data-start=\"317\" data-end=\"338\">pantalon chevill\u00e9<\/strong>, d\u2019un <strong data-start=\"345\" data-end=\"368\">t-shirt confortable<\/strong>, de <strong data-start=\"373\" data-end=\"395\">mocassins raffin\u00e9s<\/strong> et d\u2019une <strong data-start=\"405\" data-end=\"426\">ceinture assortie<\/strong>. Con\u00e7u pour allier confort et \u00e9l\u00e9gance, il est parfait pour vos sorties, vos occasions sp\u00e9ciales ou vos moments quotidiens o\u00f9 le style compte.<\/p>\n<p data-start=\"573\" data-end=\"597\"><strong data-start=\"573\" data-end=\"595\">Caract\u00e9ristiques :<\/strong><\/p>\n<ul data-start=\"598\" data-end=\"821\">\n<li data-start=\"598\" data-end=\"625\">\n<p data-start=\"600\" data-end=\"625\">Veste moderne et l\u00e9g\u00e8re<\/p>\n<\/li>\n<li data-start=\"626\" data-end=\"663\">\n<p data-start=\"628\" data-end=\"663\">Pantalon chevill\u00e9 \u00e0 coupe ajust\u00e9e<\/p>\n<\/li>\n<li data-start=\"664\" data-end=\"702\">\n<p data-start=\"666\" data-end=\"702\">T-shirt en coton doux et respirant<\/p>\n<\/li>\n<li data-start=\"703\" data-end=\"756\">\n<p data-start=\"705\" data-end=\"756\">Mocassins \u00e9l\u00e9gants pour une finition sophistiqu\u00e9e<\/p>\n<\/li>\n<li data-start=\"757\" data-end=\"786\">\n<p data-start=\"759\" data-end=\"786\">Ceinture assortie incluse<\/p>\n<\/li>\n<li data-start=\"787\" data-end=\"821\">\n<p data-start=\"789\" data-end=\"821\">Ensemble complet et polyvalent<\/p>\n<\/li>\n<\/ul>\n","protected":false},"featured_media":2940,"template":"","meta":[],"product_brand":[],"product_cat":[55],"product_tag":[],"class_list":{"0":"post-3011","1":"product","2":"type-product","3":"status-publish","4":"has-post-thumbnail","6":"product_cat-total-look","8":"first","9":"instock","10":"shipping-taxable","11":"purchasable","12":"product-type-simple","13":"layout-style-1","14":"col-md-4 col-sm-4 col-xs-6","15":"col-lg-3","16":"product-has-gallery","17":"product-style-default"},"yoast_head":"<!-- This site is optimized with the Yoast SEO plugin v25.7 - https:\/\/yoast.com\/wordpress\/plugins\/seo\/ -->\n<title>Ensemble sport chic - Vector<\/title>\n<meta name=\"robots\" content=\"index, follow, max-snippet:-1, max-image-preview:large, max-video-preview:-1\" \/>\n<link rel=\"canonical\" href=\"https:\/\/www.vector.tn\/index.php\/product\/ensemble-sport-chic\/\" \/>\n<meta property=\"og:locale\" content=\"fr_FR\" \/>\n<meta property=\"og:type\" content=\"article\" \/>\n<meta property=\"og:title\" content=\"Ensemble sport chic - Vector\" \/>\n<meta property=\"og:description\" content=\"Ensemble sport chic (veste + pantalon chevill\u00e9 + t-shirt + mocassin + ceinture) Adoptez une allure \u00e9l\u00e9gante et d\u00e9contract\u00e9e avec cet ensemble sport chic compos\u00e9 d\u2019une veste tendance, d\u2019un pantalon chevill\u00e9, d\u2019un t-shirt confortable, de mocassins raffin\u00e9s et d\u2019une ceinture assortie. Con\u00e7u pour allier confort et \u00e9l\u00e9gance, il est parfait pour vos sorties, vos occasions sp\u00e9ciales ou vos moments quotidiens o\u00f9 le style compte. Caract\u00e9ristiques :     Veste moderne et l\u00e9g\u00e8re    Pantalon chevill\u00e9 \u00e0 coupe ajust\u00e9e    T-shirt en coton doux et respirant    Mocassins \u00e9l\u00e9gants pour une finition sophistiqu\u00e9e    Ceinture assortie incluse    Ensemble complet et polyvalent\" \/>\n<meta property=\"og:url\" content=\"https:\/\/www.vector.tn\/index.php\/product\/ensemble-sport-chic\/\" \/>\n<meta property=\"og:site_name\" content=\"Vector\" \/>\n<meta property=\"article:publisher\" content=\"https:\/\/www.facebook.com\/VECTOR.Tunisie\" \/>\n<meta property=\"article:modified_time\" content=\"2025-12-23T00:00:57+00:00\" \/>\n<meta property=\"og:image\" content=\"https:\/\/www.vector.tn\/wp-content\/uploads\/2025\/07\/IMG_1271-Photoroom-scaled.jpg\" \/>\n\t<meta property=\"og:image:width\" content=\"1707\" \/>\n\t<meta property=\"og:image:height\" content=\"2560\" \/>\n\t<meta property=\"og:image:type\" content=\"image\/jpeg\" \/>\n<meta name=\"twitter:card\" content=\"summary_large_image\" \/>\n<meta name=\"twitter:label1\" content=\"Dur\u00e9e de lecture estim\u00e9e\" \/>\n\t<meta name=\"twitter:data1\" content=\"1 minute\" \/>\n<script type=\"application\/ld+json\" class=\"yoast-schema-graph\">{\"@context\":\"https:\/\/schema.org\",\"@graph\":[{\"@type\":\"WebPage\",\"@id\":\"https:\/\/www.vector.tn\/index.php\/product\/ensemble-sport-chic\/\",\"url\":\"https:\/\/www.vector.tn\/index.php\/product\/ensemble-sport-chic\/\",\"name\":\"Ensemble sport chic - Vector\",\"isPartOf\":{\"@id\":\"https:\/\/www.vector.tn\/#website\"},\"primaryImageOfPage\":{\"@id\":\"https:\/\/www.vector.tn\/index.php\/product\/ensemble-sport-chic\/#primaryimage\"},\"image\":{\"@id\":\"https:\/\/www.vector.tn\/index.php\/product\/ensemble-sport-chic\/#primaryimage\"},\"thumbnailUrl\":\"https:\/\/www.vector.tn\/wp-content\/uploads\/2025\/07\/IMG_1271-Photoroom-scaled.jpg\",\"datePublished\":\"2025-07-24T11:07:13+00:00\",\"dateModified\":\"2025-12-23T00:00:57+00:00\",\"breadcrumb\":{\"@id\":\"https:\/\/www.vector.tn\/index.php\/product\/ensemble-sport-chic\/#breadcrumb\"},\"inLanguage\":\"fr-FR\",\"potentialAction\":[{\"@type\":\"ReadAction\",\"target\":[\"https:\/\/www.vector.tn\/index.php\/product\/ensemble-sport-chic\/\"]}]},{\"@type\":\"ImageObject\",\"inLanguage\":\"fr-FR\",\"@id\":\"https:\/\/www.vector.tn\/index.php\/product\/ensemble-sport-chic\/#primaryimage\",\"url\":\"https:\/\/www.vector.tn\/wp-content\/uploads\/2025\/07\/IMG_1271-Photoroom-scaled.jpg\",\"contentUrl\":\"https:\/\/www.vector.tn\/wp-content\/uploads\/2025\/07\/IMG_1271-Photoroom-scaled.jpg\",\"width\":1707,\"height\":2560},{\"@type\":\"BreadcrumbList\",\"@id\":\"https:\/\/www.vector.tn\/index.php\/product\/ensemble-sport-chic\/#breadcrumb\",\"itemListElement\":[{\"@type\":\"ListItem\",\"position\":1,\"name\":\"Accueil\",\"item\":\"https:\/\/www.vector.tn\/\"},{\"@type\":\"ListItem\",\"position\":2,\"name\":\"Boutique\",\"item\":\"https:\/\/www.vector.tn\/index.php\/shop\/\"},{\"@type\":\"ListItem\",\"position\":3,\"name\":\"Ensemble sport chic\"}]},{\"@type\":\"WebSite\",\"@id\":\"https:\/\/www.vector.tn\/#website\",\"url\":\"https:\/\/www.vector.tn\/\",\"name\":\"Vector\",\"description\":\"VECTOR est une marque d\u00e9pos\u00e9e de pr\u00eat \u00e0 porter sp\u00e9cialis\u00e9 dans la vente des v\u00eatements pour hommes.\",\"publisher\":{\"@id\":\"https:\/\/www.vector.tn\/#organization\"},\"potentialAction\":[{\"@type\":\"SearchAction\",\"target\":{\"@type\":\"EntryPoint\",\"urlTemplate\":\"https:\/\/www.vector.tn\/?s={search_term_string}\"},\"query-input\":{\"@type\":\"PropertyValueSpecification\",\"valueRequired\":true,\"valueName\":\"search_term_string\"}}],\"inLanguage\":\"fr-FR\"},{\"@type\":\"Organization\",\"@id\":\"https:\/\/www.vector.tn\/#organization\",\"name\":\"Vector\",\"url\":\"https:\/\/www.vector.tn\/\",\"logo\":{\"@type\":\"ImageObject\",\"inLanguage\":\"fr-FR\",\"@id\":\"https:\/\/www.vector.tn\/#\/schema\/logo\/image\/\",\"url\":\"https:\/\/www.vector.tn\/wp-content\/uploads\/2025\/07\/logo_vector.png\",\"contentUrl\":\"https:\/\/www.vector.tn\/wp-content\/uploads\/2025\/07\/logo_vector.png\",\"width\":160,\"height\":48,\"caption\":\"Vector\"},\"image\":{\"@id\":\"https:\/\/www.vector.tn\/#\/schema\/logo\/image\/\"},\"sameAs\":[\"https:\/\/www.facebook.com\/VECTOR.Tunisie\"]}]}<\/script>\n<!-- \/ Yoast SEO plugin. -->","yoast_head_json":{"title":"Ensemble sport chic - Vector","robots":{"index":"index","follow":"follow","max-snippet":"max-snippet:-1","max-image-preview":"max-image-preview:large","max-video-preview":"max-video-preview:-1"},"canonical":"https:\/\/www.vector.tn\/index.php\/product\/ensemble-sport-chic\/","og_locale":"fr_FR","og_type":"article","og_title":"Ensemble sport chic - Vector","og_description":"Ensemble sport chic (veste + pantalon chevill\u00e9 + t-shirt + mocassin + ceinture) Adoptez une allure \u00e9l\u00e9gante et d\u00e9contract\u00e9e avec cet ensemble sport chic compos\u00e9 d\u2019une veste tendance, d\u2019un pantalon chevill\u00e9, d\u2019un t-shirt confortable, de mocassins raffin\u00e9s et d\u2019une ceinture assortie. Con\u00e7u pour allier confort et \u00e9l\u00e9gance, il est parfait pour vos sorties, vos occasions sp\u00e9ciales ou vos moments quotidiens o\u00f9 le style compte. Caract\u00e9ristiques :     Veste moderne et l\u00e9g\u00e8re    Pantalon chevill\u00e9 \u00e0 coupe ajust\u00e9e    T-shirt en coton doux et respirant    Mocassins \u00e9l\u00e9gants pour une finition sophistiqu\u00e9e    Ceinture assortie incluse    Ensemble complet et polyvalent","og_url":"https:\/\/www.vector.tn\/index.php\/product\/ensemble-sport-chic\/","og_site_name":"Vector","article_publisher":"https:\/\/www.facebook.com\/VECTOR.Tunisie","article_modified_time":"2025-12-23T00:00:57+00:00","og_image":[{"width":1707,"height":2560,"url":"https:\/\/www.vector.tn\/wp-content\/uploads\/2025\/07\/IMG_1271-Photoroom-scaled.jpg","type":"image\/jpeg"}],"twitter_card":"summary_large_image","twitter_misc":{"Dur\u00e9e de lecture estim\u00e9e":"1 minute"},"schema":{"@context":"https:\/\/schema.org","@graph":[{"@type":"WebPage","@id":"https:\/\/www.vector.tn\/index.php\/product\/ensemble-sport-chic\/","url":"https:\/\/www.vector.tn\/index.php\/product\/ensemble-sport-chic\/","name":"Ensemble sport chic - Vector","isPartOf":{"@id":"https:\/\/www.vector.tn\/#website"},"primaryImageOfPage":{"@id":"https:\/\/www.vector.tn\/index.php\/product\/ensemble-sport-chic\/#primaryimage"},"image":{"@id":"https:\/\/www.vector.tn\/index.php\/product\/ensemble-sport-chic\/#primaryimage"},"thumbnailUrl":"https:\/\/www.vector.tn\/wp-content\/uploads\/2025\/07\/IMG_1271-Photoroom-scaled.jpg","datePublished":"2025-07-24T11:07:13+00:00","dateModified":"2025-12-23T00:00:57+00:00","breadcrumb":{"@id":"https:\/\/www.vector.tn\/index.php\/product\/ensemble-sport-chic\/#breadcrumb"},"inLanguage":"fr-FR","potentialAction":[{"@type":"ReadAction","target":["https:\/\/www.vector.tn\/index.php\/product\/ensemble-sport-chic\/"]}]},{"@type":"ImageObject","inLanguage":"fr-FR","@id":"https:\/\/www.vector.tn\/index.php\/product\/ensemble-sport-chic\/#primaryimage","url":"https:\/\/www.vector.tn\/wp-content\/uploads\/2025\/07\/IMG_1271-Photoroom-scaled.jpg","contentUrl":"https:\/\/www.vector.tn\/wp-content\/uploads\/2025\/07\/IMG_1271-Photoroom-scaled.jpg","width":1707,"height":2560},{"@type":"BreadcrumbList","@id":"https:\/\/www.vector.tn\/index.php\/product\/ensemble-sport-chic\/#breadcrumb","itemListElement":[{"@type":"ListItem","position":1,"name":"Accueil","item":"https:\/\/www.vector.tn\/"},{"@type":"ListItem","position":2,"name":"Boutique","item":"https:\/\/www.vector.tn\/index.php\/shop\/"},{"@type":"ListItem","position":3,"name":"Ensemble sport chic"}]},{"@type":"WebSite","@id":"https:\/\/www.vector.tn\/#website","url":"https:\/\/www.vector.tn\/","name":"Vector","description":"VECTOR est une marque d\u00e9pos\u00e9e de pr\u00eat \u00e0 porter sp\u00e9cialis\u00e9 dans la vente des v\u00eatements pour hommes.","publisher":{"@id":"https:\/\/www.vector.tn\/#organization"},"potentialAction":[{"@type":"SearchAction","target":{"@type":"EntryPoint","urlTemplate":"https:\/\/www.vector.tn\/?s={search_term_string}"},"query-input":{"@type":"PropertyValueSpecification","valueRequired":true,"valueName":"search_term_string"}}],"inLanguage":"fr-FR"},{"@type":"Organization","@id":"https:\/\/www.vector.tn\/#organization","name":"Vector","url":"https:\/\/www.vector.tn\/","logo":{"@type":"ImageObject","inLanguage":"fr-FR","@id":"https:\/\/www.vector.tn\/#\/schema\/logo\/image\/","url":"https:\/\/www.vector.tn\/wp-content\/uploads\/2025\/07\/logo_vector.png","contentUrl":"https:\/\/www.vector.tn\/wp-content\/uploads\/2025\/07\/logo_vector.png","width":160,"height":48,"caption":"Vector"},"image":{"@id":"https:\/\/www.vector.tn\/#\/schema\/logo\/image\/"},"sameAs":["https:\/\/www.facebook.com\/VECTOR.Tunisie"]}]}},"_links":{"self":[{"href":"https:\/\/www.vector.tn\/index.php\/wp-json\/wp\/v2\/product\/3011","targetHints":{"allow":["GET"]}}],"collection":[{"href":"https:\/\/www.vector.tn\/index.php\/wp-json\/wp\/v2\/product"}],"about":[{"href":"https:\/\/www.vector.tn\/index.php\/wp-json\/wp\/v2\/types\/product"}],"wp:featuredmedia":[{"embeddable":true,"href":"https:\/\/www.vector.tn\/index.php\/wp-json\/wp\/v2\/media\/2940"}],"wp:attachment":[{"href":"https:\/\/www.vector.tn\/index.php\/wp-json\/wp\/v2\/media?parent=3011"}],"wp:term":[{"taxonomy":"product_brand","embeddable":true,"href":"https:\/\/www.vector.tn\/index.php\/wp-json\/wp\/v2\/product_brand?post=3011"},{"taxonomy":"product_cat","embeddable":true,"href":"https:\/\/www.vector.tn\/index.php\/wp-json\/wp\/v2\/product_cat?post=3011"},{"taxonomy":"product_tag","embeddable":true,"href":"https:\/\/www.vector.tn\/index.php\/wp-json\/wp\/v2\/product_tag?post=3011"}],"curies":[{"name":"wp","href":"https:\/\/api.w.org\/{rel}","templated":true}]}}