{"id":2997,"date":"2025-07-24T11:07:45","date_gmt":"2025-07-24T11:07:45","guid":{"rendered":"https:\/\/www.vector.tn\/?post_type=product&#038;p=2997"},"modified":"2025-12-23T00:00:57","modified_gmt":"2025-12-23T00:00:57","slug":"chemise-sport-shorte-chino-mocassin-loafer","status":"publish","type":"product","link":"https:\/\/www.vector.tn\/index.php\/product\/chemise-sport-shorte-chino-mocassin-loafer\/","title":{"rendered":"Chemise sport + Shorte chino + mocassin loafer"},"content":{"rendered":"<p data-start=\"125\" data-end=\"203\"><strong data-start=\"125\" data-end=\"201\">Chemise sport + short chino + mocassin loafer \u2013 Look chic et d\u00e9contract\u00e9<\/strong><\/p>\n<p data-start=\"205\" data-end=\"622\">Affichez un style \u00e9l\u00e9gant et moderne avec cet ensemble compos\u00e9 d\u2019une <strong data-start=\"274\" data-end=\"298\">chemise sport l\u00e9g\u00e8re<\/strong>, d\u2019un <strong data-start=\"305\" data-end=\"329\">short chino en coton<\/strong> et de <strong data-start=\"336\" data-end=\"365\">mocassins loafer tendance<\/strong>. Parfait pour la saison estivale, il allie confort, praticit\u00e9 et raffinement. La chemise offre une allure d\u00e9contract\u00e9e chic, le short chino apporte confort et libert\u00e9 de mouvement, tandis que les mocassins finalisent le look avec une touche sophistiqu\u00e9e.<\/p>\n<p data-start=\"624\" data-end=\"648\"><strong data-start=\"624\" data-end=\"646\">Caract\u00e9ristiques :<\/strong><\/p>\n<ul data-start=\"649\" data-end=\"868\">\n<li data-start=\"649\" data-end=\"685\">\n<p data-start=\"651\" data-end=\"685\">Chemise sport en coton respirant<\/p>\n<\/li>\n<li data-start=\"686\" data-end=\"730\">\n<p data-start=\"688\" data-end=\"730\">Short chino coupe moderne et confortable<\/p>\n<\/li>\n<li data-start=\"731\" data-end=\"780\">\n<p data-start=\"733\" data-end=\"780\">Mocassins loafer \u00e9l\u00e9gants et faciles \u00e0 porter<\/p>\n<\/li>\n<li data-start=\"781\" data-end=\"821\">\n<p data-start=\"783\" data-end=\"821\">Ensemble polyvalent : chic et casual<\/p>\n<\/li>\n<li data-start=\"822\" data-end=\"868\">\n<p data-start=\"824\" data-end=\"868\">Disponible en plusieurs tailles et coloris<\/p>\n<\/li>\n<\/ul>\n","protected":false},"excerpt":{"rendered":"<p data-start=\"125\" data-end=\"203\"><strong data-start=\"125\" data-end=\"201\">Chemise sport + short chino + mocassin loafer \u2013 Look chic et d\u00e9contract\u00e9<\/strong><\/p>\n<p data-start=\"205\" data-end=\"622\">Affichez un style \u00e9l\u00e9gant et moderne avec cet ensemble compos\u00e9 d\u2019une <strong data-start=\"274\" data-end=\"298\">chemise sport l\u00e9g\u00e8re<\/strong>, d\u2019un <strong data-start=\"305\" data-end=\"329\">short chino en coton<\/strong> et de <strong data-start=\"336\" data-end=\"365\">mocassins loafer tendance<\/strong>. Parfait pour la saison estivale, il allie confort, praticit\u00e9 et raffinement. La chemise offre une allure d\u00e9contract\u00e9e chic, le short chino apporte confort et libert\u00e9 de mouvement, tandis que les mocassins finalisent le look avec une touche sophistiqu\u00e9e.<\/p>\n<p data-start=\"624\" data-end=\"648\"><strong data-start=\"624\" data-end=\"646\">Caract\u00e9ristiques :<\/strong><\/p>\n<ul data-start=\"649\" data-end=\"868\">\n<li data-start=\"649\" data-end=\"685\">\n<p data-start=\"651\" data-end=\"685\">Chemise sport en coton respirant<\/p>\n<\/li>\n<li data-start=\"686\" data-end=\"730\">\n<p data-start=\"688\" data-end=\"730\">Short chino coupe moderne et confortable<\/p>\n<\/li>\n<li data-start=\"731\" data-end=\"780\">\n<p data-start=\"733\" data-end=\"780\">Mocassins loafer \u00e9l\u00e9gants et faciles \u00e0 porter<\/p>\n<\/li>\n<li data-start=\"781\" data-end=\"821\">\n<p data-start=\"783\" data-end=\"821\">Ensemble polyvalent : chic et casual<\/p>\n<\/li>\n<li data-start=\"822\" data-end=\"868\">\n<p data-start=\"824\" data-end=\"868\">Disponible en plusieurs tailles et coloris<\/p>\n<\/li>\n<\/ul>\n","protected":false},"featured_media":3000,"template":"","meta":[],"product_brand":[],"product_cat":[55],"product_tag":[],"class_list":{"0":"post-2997","1":"product","2":"type-product","3":"status-publish","4":"has-post-thumbnail","6":"product_cat-total-look","8":"first","9":"instock","10":"shipping-taxable","11":"purchasable","12":"product-type-simple","13":"layout-style-1","14":"col-md-4 col-sm-4 col-xs-6","15":"col-lg-3","16":"product-has-gallery","17":"product-style-default"},"yoast_head":"<!-- This site is optimized with the Yoast SEO plugin v25.7 - https:\/\/yoast.com\/wordpress\/plugins\/seo\/ -->\n<title>Chemise sport + Shorte chino + mocassin loafer - Vector<\/title>\n<meta name=\"robots\" content=\"index, follow, max-snippet:-1, max-image-preview:large, max-video-preview:-1\" \/>\n<link rel=\"canonical\" href=\"https:\/\/www.vector.tn\/index.php\/product\/chemise-sport-shorte-chino-mocassin-loafer\/\" \/>\n<meta property=\"og:locale\" content=\"fr_FR\" \/>\n<meta property=\"og:type\" content=\"article\" \/>\n<meta property=\"og:title\" content=\"Chemise sport + Shorte chino + mocassin loafer - Vector\" \/>\n<meta property=\"og:description\" content=\"Chemise sport + short chino + mocassin loafer \u2013 Look chic et d\u00e9contract\u00e9 Affichez un style \u00e9l\u00e9gant et moderne avec cet ensemble compos\u00e9 d\u2019une chemise sport l\u00e9g\u00e8re, d\u2019un short chino en coton et de mocassins loafer tendance. Parfait pour la saison estivale, il allie confort, praticit\u00e9 et raffinement. La chemise offre une allure d\u00e9contract\u00e9e chic, le short chino apporte confort et libert\u00e9 de mouvement, tandis que les mocassins finalisent le look avec une touche sophistiqu\u00e9e. Caract\u00e9ristiques :     Chemise sport en coton respirant    Short chino coupe moderne et confortable    Mocassins loafer \u00e9l\u00e9gants et faciles \u00e0 porter    Ensemble polyvalent : chic et casual    Disponible en plusieurs tailles et coloris\" \/>\n<meta property=\"og:url\" content=\"https:\/\/www.vector.tn\/index.php\/product\/chemise-sport-shorte-chino-mocassin-loafer\/\" \/>\n<meta property=\"og:site_name\" content=\"Vector\" \/>\n<meta property=\"article:publisher\" content=\"https:\/\/www.facebook.com\/VECTOR.Tunisie\" \/>\n<meta property=\"article:modified_time\" content=\"2025-12-23T00:00:57+00:00\" \/>\n<meta property=\"og:image\" content=\"https:\/\/www.vector.tn\/wp-content\/uploads\/2025\/07\/IMG_1580-Photoroom-scaled.jpg\" \/>\n\t<meta property=\"og:image:width\" content=\"1707\" \/>\n\t<meta property=\"og:image:height\" content=\"2560\" \/>\n\t<meta property=\"og:image:type\" content=\"image\/jpeg\" \/>\n<meta name=\"twitter:card\" content=\"summary_large_image\" \/>\n<meta name=\"twitter:label1\" content=\"Dur\u00e9e de lecture estim\u00e9e\" \/>\n\t<meta name=\"twitter:data1\" content=\"1 minute\" \/>\n<script type=\"application\/ld+json\" class=\"yoast-schema-graph\">{\"@context\":\"https:\/\/schema.org\",\"@graph\":[{\"@type\":\"WebPage\",\"@id\":\"https:\/\/www.vector.tn\/index.php\/product\/chemise-sport-shorte-chino-mocassin-loafer\/\",\"url\":\"https:\/\/www.vector.tn\/index.php\/product\/chemise-sport-shorte-chino-mocassin-loafer\/\",\"name\":\"Chemise sport + Shorte chino + mocassin loafer - Vector\",\"isPartOf\":{\"@id\":\"https:\/\/www.vector.tn\/#website\"},\"primaryImageOfPage\":{\"@id\":\"https:\/\/www.vector.tn\/index.php\/product\/chemise-sport-shorte-chino-mocassin-loafer\/#primaryimage\"},\"image\":{\"@id\":\"https:\/\/www.vector.tn\/index.php\/product\/chemise-sport-shorte-chino-mocassin-loafer\/#primaryimage\"},\"thumbnailUrl\":\"https:\/\/www.vector.tn\/wp-content\/uploads\/2025\/07\/IMG_1580-Photoroom-scaled.jpg\",\"datePublished\":\"2025-07-24T11:07:45+00:00\",\"dateModified\":\"2025-12-23T00:00:57+00:00\",\"breadcrumb\":{\"@id\":\"https:\/\/www.vector.tn\/index.php\/product\/chemise-sport-shorte-chino-mocassin-loafer\/#breadcrumb\"},\"inLanguage\":\"fr-FR\",\"potentialAction\":[{\"@type\":\"ReadAction\",\"target\":[\"https:\/\/www.vector.tn\/index.php\/product\/chemise-sport-shorte-chino-mocassin-loafer\/\"]}]},{\"@type\":\"ImageObject\",\"inLanguage\":\"fr-FR\",\"@id\":\"https:\/\/www.vector.tn\/index.php\/product\/chemise-sport-shorte-chino-mocassin-loafer\/#primaryimage\",\"url\":\"https:\/\/www.vector.tn\/wp-content\/uploads\/2025\/07\/IMG_1580-Photoroom-scaled.jpg\",\"contentUrl\":\"https:\/\/www.vector.tn\/wp-content\/uploads\/2025\/07\/IMG_1580-Photoroom-scaled.jpg\",\"width\":1707,\"height\":2560},{\"@type\":\"BreadcrumbList\",\"@id\":\"https:\/\/www.vector.tn\/index.php\/product\/chemise-sport-shorte-chino-mocassin-loafer\/#breadcrumb\",\"itemListElement\":[{\"@type\":\"ListItem\",\"position\":1,\"name\":\"Accueil\",\"item\":\"https:\/\/www.vector.tn\/\"},{\"@type\":\"ListItem\",\"position\":2,\"name\":\"Boutique\",\"item\":\"https:\/\/www.vector.tn\/index.php\/shop\/\"},{\"@type\":\"ListItem\",\"position\":3,\"name\":\"Chemise sport + Shorte chino + mocassin loafer\"}]},{\"@type\":\"WebSite\",\"@id\":\"https:\/\/www.vector.tn\/#website\",\"url\":\"https:\/\/www.vector.tn\/\",\"name\":\"Vector\",\"description\":\"VECTOR est une marque d\u00e9pos\u00e9e de pr\u00eat \u00e0 porter sp\u00e9cialis\u00e9 dans la vente des v\u00eatements pour hommes.\",\"publisher\":{\"@id\":\"https:\/\/www.vector.tn\/#organization\"},\"potentialAction\":[{\"@type\":\"SearchAction\",\"target\":{\"@type\":\"EntryPoint\",\"urlTemplate\":\"https:\/\/www.vector.tn\/?s={search_term_string}\"},\"query-input\":{\"@type\":\"PropertyValueSpecification\",\"valueRequired\":true,\"valueName\":\"search_term_string\"}}],\"inLanguage\":\"fr-FR\"},{\"@type\":\"Organization\",\"@id\":\"https:\/\/www.vector.tn\/#organization\",\"name\":\"Vector\",\"url\":\"https:\/\/www.vector.tn\/\",\"logo\":{\"@type\":\"ImageObject\",\"inLanguage\":\"fr-FR\",\"@id\":\"https:\/\/www.vector.tn\/#\/schema\/logo\/image\/\",\"url\":\"https:\/\/www.vector.tn\/wp-content\/uploads\/2025\/07\/logo_vector.png\",\"contentUrl\":\"https:\/\/www.vector.tn\/wp-content\/uploads\/2025\/07\/logo_vector.png\",\"width\":160,\"height\":48,\"caption\":\"Vector\"},\"image\":{\"@id\":\"https:\/\/www.vector.tn\/#\/schema\/logo\/image\/\"},\"sameAs\":[\"https:\/\/www.facebook.com\/VECTOR.Tunisie\"]}]}<\/script>\n<!-- \/ Yoast SEO plugin. -->","yoast_head_json":{"title":"Chemise sport + Shorte chino + mocassin loafer - Vector","robots":{"index":"index","follow":"follow","max-snippet":"max-snippet:-1","max-image-preview":"max-image-preview:large","max-video-preview":"max-video-preview:-1"},"canonical":"https:\/\/www.vector.tn\/index.php\/product\/chemise-sport-shorte-chino-mocassin-loafer\/","og_locale":"fr_FR","og_type":"article","og_title":"Chemise sport + Shorte chino + mocassin loafer - Vector","og_description":"Chemise sport + short chino + mocassin loafer \u2013 Look chic et d\u00e9contract\u00e9 Affichez un style \u00e9l\u00e9gant et moderne avec cet ensemble compos\u00e9 d\u2019une chemise sport l\u00e9g\u00e8re, d\u2019un short chino en coton et de mocassins loafer tendance. Parfait pour la saison estivale, il allie confort, praticit\u00e9 et raffinement. La chemise offre une allure d\u00e9contract\u00e9e chic, le short chino apporte confort et libert\u00e9 de mouvement, tandis que les mocassins finalisent le look avec une touche sophistiqu\u00e9e. Caract\u00e9ristiques :     Chemise sport en coton respirant    Short chino coupe moderne et confortable    Mocassins loafer \u00e9l\u00e9gants et faciles \u00e0 porter    Ensemble polyvalent : chic et casual    Disponible en plusieurs tailles et coloris","og_url":"https:\/\/www.vector.tn\/index.php\/product\/chemise-sport-shorte-chino-mocassin-loafer\/","og_site_name":"Vector","article_publisher":"https:\/\/www.facebook.com\/VECTOR.Tunisie","article_modified_time":"2025-12-23T00:00:57+00:00","og_image":[{"width":1707,"height":2560,"url":"https:\/\/www.vector.tn\/wp-content\/uploads\/2025\/07\/IMG_1580-Photoroom-scaled.jpg","type":"image\/jpeg"}],"twitter_card":"summary_large_image","twitter_misc":{"Dur\u00e9e de lecture estim\u00e9e":"1 minute"},"schema":{"@context":"https:\/\/schema.org","@graph":[{"@type":"WebPage","@id":"https:\/\/www.vector.tn\/index.php\/product\/chemise-sport-shorte-chino-mocassin-loafer\/","url":"https:\/\/www.vector.tn\/index.php\/product\/chemise-sport-shorte-chino-mocassin-loafer\/","name":"Chemise sport + Shorte chino + mocassin loafer - Vector","isPartOf":{"@id":"https:\/\/www.vector.tn\/#website"},"primaryImageOfPage":{"@id":"https:\/\/www.vector.tn\/index.php\/product\/chemise-sport-shorte-chino-mocassin-loafer\/#primaryimage"},"image":{"@id":"https:\/\/www.vector.tn\/index.php\/product\/chemise-sport-shorte-chino-mocassin-loafer\/#primaryimage"},"thumbnailUrl":"https:\/\/www.vector.tn\/wp-content\/uploads\/2025\/07\/IMG_1580-Photoroom-scaled.jpg","datePublished":"2025-07-24T11:07:45+00:00","dateModified":"2025-12-23T00:00:57+00:00","breadcrumb":{"@id":"https:\/\/www.vector.tn\/index.php\/product\/chemise-sport-shorte-chino-mocassin-loafer\/#breadcrumb"},"inLanguage":"fr-FR","potentialAction":[{"@type":"ReadAction","target":["https:\/\/www.vector.tn\/index.php\/product\/chemise-sport-shorte-chino-mocassin-loafer\/"]}]},{"@type":"ImageObject","inLanguage":"fr-FR","@id":"https:\/\/www.vector.tn\/index.php\/product\/chemise-sport-shorte-chino-mocassin-loafer\/#primaryimage","url":"https:\/\/www.vector.tn\/wp-content\/uploads\/2025\/07\/IMG_1580-Photoroom-scaled.jpg","contentUrl":"https:\/\/www.vector.tn\/wp-content\/uploads\/2025\/07\/IMG_1580-Photoroom-scaled.jpg","width":1707,"height":2560},{"@type":"BreadcrumbList","@id":"https:\/\/www.vector.tn\/index.php\/product\/chemise-sport-shorte-chino-mocassin-loafer\/#breadcrumb","itemListElement":[{"@type":"ListItem","position":1,"name":"Accueil","item":"https:\/\/www.vector.tn\/"},{"@type":"ListItem","position":2,"name":"Boutique","item":"https:\/\/www.vector.tn\/index.php\/shop\/"},{"@type":"ListItem","position":3,"name":"Chemise sport + Shorte chino + mocassin loafer"}]},{"@type":"WebSite","@id":"https:\/\/www.vector.tn\/#website","url":"https:\/\/www.vector.tn\/","name":"Vector","description":"VECTOR est une marque d\u00e9pos\u00e9e de pr\u00eat \u00e0 porter sp\u00e9cialis\u00e9 dans la vente des v\u00eatements pour hommes.","publisher":{"@id":"https:\/\/www.vector.tn\/#organization"},"potentialAction":[{"@type":"SearchAction","target":{"@type":"EntryPoint","urlTemplate":"https:\/\/www.vector.tn\/?s={search_term_string}"},"query-input":{"@type":"PropertyValueSpecification","valueRequired":true,"valueName":"search_term_string"}}],"inLanguage":"fr-FR"},{"@type":"Organization","@id":"https:\/\/www.vector.tn\/#organization","name":"Vector","url":"https:\/\/www.vector.tn\/","logo":{"@type":"ImageObject","inLanguage":"fr-FR","@id":"https:\/\/www.vector.tn\/#\/schema\/logo\/image\/","url":"https:\/\/www.vector.tn\/wp-content\/uploads\/2025\/07\/logo_vector.png","contentUrl":"https:\/\/www.vector.tn\/wp-content\/uploads\/2025\/07\/logo_vector.png","width":160,"height":48,"caption":"Vector"},"image":{"@id":"https:\/\/www.vector.tn\/#\/schema\/logo\/image\/"},"sameAs":["https:\/\/www.facebook.com\/VECTOR.Tunisie"]}]}},"_links":{"self":[{"href":"https:\/\/www.vector.tn\/index.php\/wp-json\/wp\/v2\/product\/2997","targetHints":{"allow":["GET"]}}],"collection":[{"href":"https:\/\/www.vector.tn\/index.php\/wp-json\/wp\/v2\/product"}],"about":[{"href":"https:\/\/www.vector.tn\/index.php\/wp-json\/wp\/v2\/types\/product"}],"wp:featuredmedia":[{"embeddable":true,"href":"https:\/\/www.vector.tn\/index.php\/wp-json\/wp\/v2\/media\/3000"}],"wp:attachment":[{"href":"https:\/\/www.vector.tn\/index.php\/wp-json\/wp\/v2\/media?parent=2997"}],"wp:term":[{"taxonomy":"product_brand","embeddable":true,"href":"https:\/\/www.vector.tn\/index.php\/wp-json\/wp\/v2\/product_brand?post=2997"},{"taxonomy":"product_cat","embeddable":true,"href":"https:\/\/www.vector.tn\/index.php\/wp-json\/wp\/v2\/product_cat?post=2997"},{"taxonomy":"product_tag","embeddable":true,"href":"https:\/\/www.vector.tn\/index.php\/wp-json\/wp\/v2\/product_tag?post=2997"}],"curies":[{"name":"wp","href":"https:\/\/api.w.org\/{rel}","templated":true}]}}