{"id":2989,"date":"2025-07-24T11:03:06","date_gmt":"2025-07-24T11:03:06","guid":{"rendered":"https:\/\/www.vector.tn\/?post_type=product&#038;p=2989"},"modified":"2025-12-23T00:00:56","modified_gmt":"2025-12-23T00:00:56","slug":"polo-coton-pique-3","status":"publish","type":"product","link":"https:\/\/www.vector.tn\/index.php\/product\/polo-coton-pique-3\/","title":{"rendered":"Polo coton piqu\u00e9"},"content":{"rendered":"<p data-start=\"104\" data-end=\"165\"><strong data-start=\"104\" data-end=\"163\">Polo en coton peign\u00e9 \u2013 \u00c9l\u00e9gance et confort au quotidien<\/strong><\/p>\n<p data-start=\"167\" data-end=\"470\">Apportez une touche d\u2019\u00e9l\u00e9gance d\u00e9contract\u00e9e \u00e0 votre tenue avec notre\u00a0<strong data-start=\"236\" data-end=\"260\">polo en coton peign\u00e9<\/strong>, con\u00e7u pour allier confort et style. Fabriqu\u00e9 \u00e0 partir d\u2019un coton peign\u00e9 de haute qualit\u00e9, ce polo offre une texture douce et soyeuse au toucher, tout en garantissant une excellente r\u00e9sistance dans le temps.<\/p>\n<p data-start=\"1130\" data-end=\"1154\"><strong data-start=\"1130\" data-end=\"1152\">Caract\u00e9ristiques :<\/strong><\/p>\n<ul data-start=\"1155\" data-end=\"1342\">\n<li data-start=\"1155\" data-end=\"1198\">\n<p data-start=\"1157\" data-end=\"1198\">92 % coton\u00a0 pour plus de douceur 8 \u00e9lastan pour plus de confort<\/p>\n<\/li>\n<li data-start=\"1199\" data-end=\"1231\">\n<p data-start=\"1201\" data-end=\"1231\">Coupe moderne et confortable<\/p>\n<\/li>\n<li data-start=\"1232\" data-end=\"1267\">\n<p data-start=\"1234\" data-end=\"1267\">Col \u00e0 patte boutonn\u00e9e classique<\/p>\n<\/li>\n<li data-start=\"1268\" data-end=\"1294\">\n<p data-start=\"1270\" data-end=\"1294\">Respirant et r\u00e9sistant<\/p>\n<\/li>\n<li data-start=\"1295\" data-end=\"1342\">\n<p data-start=\"1297\" data-end=\"1342\">Disponible en plusieurs tailles et couleurs<\/p>\n<\/li>\n<\/ul>\n<p data-start=\"1344\" data-end=\"1460\">Adoptez la qualit\u00e9 et le style avec notre\u00a0<strong data-start=\"1386\" data-end=\"1407\">Polo coton peign\u00e9<\/strong>, et profitez d\u2019un confort durable jour apr\u00e8s jour.<\/p>\n","protected":false},"excerpt":{"rendered":"<p data-start=\"104\" data-end=\"165\"><strong data-start=\"104\" data-end=\"163\">Polo en coton peign\u00e9 \u2013 \u00c9l\u00e9gance et confort au quotidien<\/strong><\/p>\n<p data-start=\"167\" data-end=\"470\">Apportez une touche d\u2019\u00e9l\u00e9gance d\u00e9contract\u00e9e \u00e0 votre tenue avec notre\u00a0<strong data-start=\"236\" data-end=\"260\">polo en coton peign\u00e9<\/strong>, con\u00e7u pour allier confort et style. Fabriqu\u00e9 \u00e0 partir d\u2019un coton peign\u00e9 de haute qualit\u00e9, ce polo offre une texture douce et soyeuse au toucher, tout en garantissant une excellente r\u00e9sistance dans le temps.<\/p>\n<p data-start=\"1130\" data-end=\"1154\"><strong data-start=\"1130\" data-end=\"1152\">Caract\u00e9ristiques :<\/strong><\/p>\n<ul data-start=\"1155\" data-end=\"1342\">\n<li data-start=\"1155\" data-end=\"1198\">\n<p data-start=\"1157\" data-end=\"1198\">92 % coton\u00a0 pour plus de douceur 8 \u00e9lastan pour plus de confort<\/p>\n<\/li>\n<li data-start=\"1199\" data-end=\"1231\">\n<p data-start=\"1201\" data-end=\"1231\">Coupe moderne et confortable<\/p>\n<\/li>\n<li data-start=\"1232\" data-end=\"1267\">\n<p data-start=\"1234\" data-end=\"1267\">Col \u00e0 patte boutonn\u00e9e classique<\/p>\n<\/li>\n<li data-start=\"1268\" data-end=\"1294\">\n<p data-start=\"1270\" data-end=\"1294\">Respirant et r\u00e9sistant<\/p>\n<\/li>\n<li data-start=\"1295\" data-end=\"1342\">\n<p data-start=\"1297\" data-end=\"1342\">Disponible en plusieurs tailles et couleurs<\/p>\n<\/li>\n<\/ul>\n<p data-start=\"1344\" data-end=\"1460\">Adoptez la qualit\u00e9 et le style avec notre\u00a0<strong data-start=\"1386\" data-end=\"1407\">Polo coton peign\u00e9<\/strong>, et profitez d\u2019un confort durable jour apr\u00e8s jour.<\/p>\n","protected":false},"featured_media":2992,"template":"","meta":[],"product_brand":[],"product_cat":[53],"product_tag":[],"class_list":{"0":"post-2989","1":"product","2":"type-product","3":"status-publish","4":"has-post-thumbnail","6":"product_cat-polo","8":"first","9":"instock","10":"shipping-taxable","11":"purchasable","12":"product-type-simple","13":"layout-style-1","14":"col-md-4 col-sm-4 col-xs-6","15":"col-lg-3","16":"product-has-gallery","17":"product-style-default"},"yoast_head":"<!-- This site is optimized with the Yoast SEO plugin v25.7 - https:\/\/yoast.com\/wordpress\/plugins\/seo\/ -->\n<title>Polo coton piqu\u00e9 - Vector<\/title>\n<meta name=\"robots\" content=\"index, follow, max-snippet:-1, max-image-preview:large, max-video-preview:-1\" \/>\n<link rel=\"canonical\" href=\"https:\/\/www.vector.tn\/index.php\/product\/polo-coton-pique-3\/\" \/>\n<meta property=\"og:locale\" content=\"fr_FR\" \/>\n<meta property=\"og:type\" content=\"article\" \/>\n<meta property=\"og:title\" content=\"Polo coton piqu\u00e9 - Vector\" \/>\n<meta property=\"og:description\" content=\"Polo en coton peign\u00e9 \u2013 \u00c9l\u00e9gance et confort au quotidien Apportez une touche d\u2019\u00e9l\u00e9gance d\u00e9contract\u00e9e \u00e0 votre tenue avec notre\u00a0polo en coton peign\u00e9, con\u00e7u pour allier confort et style. Fabriqu\u00e9 \u00e0 partir d\u2019un coton peign\u00e9 de haute qualit\u00e9, ce polo offre une texture douce et soyeuse au toucher, tout en garantissant une excellente r\u00e9sistance dans le temps. Caract\u00e9ristiques :     92 % coton\u00a0 pour plus de douceur 8 \u00e9lastan pour plus de confort    Coupe moderne et confortable    Col \u00e0 patte boutonn\u00e9e classique    Respirant et r\u00e9sistant    Disponible en plusieurs tailles et couleurs   Adoptez la qualit\u00e9 et le style avec notre\u00a0Polo coton peign\u00e9, et profitez d\u2019un confort durable jour apr\u00e8s jour.\" \/>\n<meta property=\"og:url\" content=\"https:\/\/www.vector.tn\/index.php\/product\/polo-coton-pique-3\/\" \/>\n<meta property=\"og:site_name\" content=\"Vector\" \/>\n<meta property=\"article:publisher\" content=\"https:\/\/www.facebook.com\/VECTOR.Tunisie\" \/>\n<meta property=\"article:modified_time\" content=\"2025-12-23T00:00:56+00:00\" \/>\n<meta property=\"og:image\" content=\"https:\/\/www.vector.tn\/wp-content\/uploads\/2025\/07\/IMG_1551-Photoroom-scaled.jpg\" \/>\n\t<meta property=\"og:image:width\" content=\"1707\" \/>\n\t<meta property=\"og:image:height\" content=\"2560\" \/>\n\t<meta property=\"og:image:type\" content=\"image\/jpeg\" \/>\n<meta name=\"twitter:card\" content=\"summary_large_image\" \/>\n<meta name=\"twitter:label1\" content=\"Dur\u00e9e de lecture estim\u00e9e\" \/>\n\t<meta name=\"twitter:data1\" content=\"1 minute\" \/>\n<script type=\"application\/ld+json\" class=\"yoast-schema-graph\">{\"@context\":\"https:\/\/schema.org\",\"@graph\":[{\"@type\":\"WebPage\",\"@id\":\"https:\/\/www.vector.tn\/index.php\/product\/polo-coton-pique-3\/\",\"url\":\"https:\/\/www.vector.tn\/index.php\/product\/polo-coton-pique-3\/\",\"name\":\"Polo coton piqu\u00e9 - Vector\",\"isPartOf\":{\"@id\":\"https:\/\/www.vector.tn\/#website\"},\"primaryImageOfPage\":{\"@id\":\"https:\/\/www.vector.tn\/index.php\/product\/polo-coton-pique-3\/#primaryimage\"},\"image\":{\"@id\":\"https:\/\/www.vector.tn\/index.php\/product\/polo-coton-pique-3\/#primaryimage\"},\"thumbnailUrl\":\"https:\/\/www.vector.tn\/wp-content\/uploads\/2025\/07\/IMG_1551-Photoroom-scaled.jpg\",\"datePublished\":\"2025-07-24T11:03:06+00:00\",\"dateModified\":\"2025-12-23T00:00:56+00:00\",\"breadcrumb\":{\"@id\":\"https:\/\/www.vector.tn\/index.php\/product\/polo-coton-pique-3\/#breadcrumb\"},\"inLanguage\":\"fr-FR\",\"potentialAction\":[{\"@type\":\"ReadAction\",\"target\":[\"https:\/\/www.vector.tn\/index.php\/product\/polo-coton-pique-3\/\"]}]},{\"@type\":\"ImageObject\",\"inLanguage\":\"fr-FR\",\"@id\":\"https:\/\/www.vector.tn\/index.php\/product\/polo-coton-pique-3\/#primaryimage\",\"url\":\"https:\/\/www.vector.tn\/wp-content\/uploads\/2025\/07\/IMG_1551-Photoroom-scaled.jpg\",\"contentUrl\":\"https:\/\/www.vector.tn\/wp-content\/uploads\/2025\/07\/IMG_1551-Photoroom-scaled.jpg\",\"width\":1707,\"height\":2560},{\"@type\":\"BreadcrumbList\",\"@id\":\"https:\/\/www.vector.tn\/index.php\/product\/polo-coton-pique-3\/#breadcrumb\",\"itemListElement\":[{\"@type\":\"ListItem\",\"position\":1,\"name\":\"Accueil\",\"item\":\"https:\/\/www.vector.tn\/\"},{\"@type\":\"ListItem\",\"position\":2,\"name\":\"Boutique\",\"item\":\"https:\/\/www.vector.tn\/index.php\/shop\/\"},{\"@type\":\"ListItem\",\"position\":3,\"name\":\"Polo coton piqu\u00e9\"}]},{\"@type\":\"WebSite\",\"@id\":\"https:\/\/www.vector.tn\/#website\",\"url\":\"https:\/\/www.vector.tn\/\",\"name\":\"Vector\",\"description\":\"VECTOR est une marque d\u00e9pos\u00e9e de pr\u00eat \u00e0 porter sp\u00e9cialis\u00e9 dans la vente des v\u00eatements pour hommes.\",\"publisher\":{\"@id\":\"https:\/\/www.vector.tn\/#organization\"},\"potentialAction\":[{\"@type\":\"SearchAction\",\"target\":{\"@type\":\"EntryPoint\",\"urlTemplate\":\"https:\/\/www.vector.tn\/?s={search_term_string}\"},\"query-input\":{\"@type\":\"PropertyValueSpecification\",\"valueRequired\":true,\"valueName\":\"search_term_string\"}}],\"inLanguage\":\"fr-FR\"},{\"@type\":\"Organization\",\"@id\":\"https:\/\/www.vector.tn\/#organization\",\"name\":\"Vector\",\"url\":\"https:\/\/www.vector.tn\/\",\"logo\":{\"@type\":\"ImageObject\",\"inLanguage\":\"fr-FR\",\"@id\":\"https:\/\/www.vector.tn\/#\/schema\/logo\/image\/\",\"url\":\"https:\/\/www.vector.tn\/wp-content\/uploads\/2025\/07\/logo_vector.png\",\"contentUrl\":\"https:\/\/www.vector.tn\/wp-content\/uploads\/2025\/07\/logo_vector.png\",\"width\":160,\"height\":48,\"caption\":\"Vector\"},\"image\":{\"@id\":\"https:\/\/www.vector.tn\/#\/schema\/logo\/image\/\"},\"sameAs\":[\"https:\/\/www.facebook.com\/VECTOR.Tunisie\"]}]}<\/script>\n<!-- \/ Yoast SEO plugin. -->","yoast_head_json":{"title":"Polo coton piqu\u00e9 - Vector","robots":{"index":"index","follow":"follow","max-snippet":"max-snippet:-1","max-image-preview":"max-image-preview:large","max-video-preview":"max-video-preview:-1"},"canonical":"https:\/\/www.vector.tn\/index.php\/product\/polo-coton-pique-3\/","og_locale":"fr_FR","og_type":"article","og_title":"Polo coton piqu\u00e9 - Vector","og_description":"Polo en coton peign\u00e9 \u2013 \u00c9l\u00e9gance et confort au quotidien Apportez une touche d\u2019\u00e9l\u00e9gance d\u00e9contract\u00e9e \u00e0 votre tenue avec notre\u00a0polo en coton peign\u00e9, con\u00e7u pour allier confort et style. Fabriqu\u00e9 \u00e0 partir d\u2019un coton peign\u00e9 de haute qualit\u00e9, ce polo offre une texture douce et soyeuse au toucher, tout en garantissant une excellente r\u00e9sistance dans le temps. Caract\u00e9ristiques :     92 % coton\u00a0 pour plus de douceur 8 \u00e9lastan pour plus de confort    Coupe moderne et confortable    Col \u00e0 patte boutonn\u00e9e classique    Respirant et r\u00e9sistant    Disponible en plusieurs tailles et couleurs   Adoptez la qualit\u00e9 et le style avec notre\u00a0Polo coton peign\u00e9, et profitez d\u2019un confort durable jour apr\u00e8s jour.","og_url":"https:\/\/www.vector.tn\/index.php\/product\/polo-coton-pique-3\/","og_site_name":"Vector","article_publisher":"https:\/\/www.facebook.com\/VECTOR.Tunisie","article_modified_time":"2025-12-23T00:00:56+00:00","og_image":[{"width":1707,"height":2560,"url":"https:\/\/www.vector.tn\/wp-content\/uploads\/2025\/07\/IMG_1551-Photoroom-scaled.jpg","type":"image\/jpeg"}],"twitter_card":"summary_large_image","twitter_misc":{"Dur\u00e9e de lecture estim\u00e9e":"1 minute"},"schema":{"@context":"https:\/\/schema.org","@graph":[{"@type":"WebPage","@id":"https:\/\/www.vector.tn\/index.php\/product\/polo-coton-pique-3\/","url":"https:\/\/www.vector.tn\/index.php\/product\/polo-coton-pique-3\/","name":"Polo coton piqu\u00e9 - Vector","isPartOf":{"@id":"https:\/\/www.vector.tn\/#website"},"primaryImageOfPage":{"@id":"https:\/\/www.vector.tn\/index.php\/product\/polo-coton-pique-3\/#primaryimage"},"image":{"@id":"https:\/\/www.vector.tn\/index.php\/product\/polo-coton-pique-3\/#primaryimage"},"thumbnailUrl":"https:\/\/www.vector.tn\/wp-content\/uploads\/2025\/07\/IMG_1551-Photoroom-scaled.jpg","datePublished":"2025-07-24T11:03:06+00:00","dateModified":"2025-12-23T00:00:56+00:00","breadcrumb":{"@id":"https:\/\/www.vector.tn\/index.php\/product\/polo-coton-pique-3\/#breadcrumb"},"inLanguage":"fr-FR","potentialAction":[{"@type":"ReadAction","target":["https:\/\/www.vector.tn\/index.php\/product\/polo-coton-pique-3\/"]}]},{"@type":"ImageObject","inLanguage":"fr-FR","@id":"https:\/\/www.vector.tn\/index.php\/product\/polo-coton-pique-3\/#primaryimage","url":"https:\/\/www.vector.tn\/wp-content\/uploads\/2025\/07\/IMG_1551-Photoroom-scaled.jpg","contentUrl":"https:\/\/www.vector.tn\/wp-content\/uploads\/2025\/07\/IMG_1551-Photoroom-scaled.jpg","width":1707,"height":2560},{"@type":"BreadcrumbList","@id":"https:\/\/www.vector.tn\/index.php\/product\/polo-coton-pique-3\/#breadcrumb","itemListElement":[{"@type":"ListItem","position":1,"name":"Accueil","item":"https:\/\/www.vector.tn\/"},{"@type":"ListItem","position":2,"name":"Boutique","item":"https:\/\/www.vector.tn\/index.php\/shop\/"},{"@type":"ListItem","position":3,"name":"Polo coton piqu\u00e9"}]},{"@type":"WebSite","@id":"https:\/\/www.vector.tn\/#website","url":"https:\/\/www.vector.tn\/","name":"Vector","description":"VECTOR est une marque d\u00e9pos\u00e9e de pr\u00eat \u00e0 porter sp\u00e9cialis\u00e9 dans la vente des v\u00eatements pour hommes.","publisher":{"@id":"https:\/\/www.vector.tn\/#organization"},"potentialAction":[{"@type":"SearchAction","target":{"@type":"EntryPoint","urlTemplate":"https:\/\/www.vector.tn\/?s={search_term_string}"},"query-input":{"@type":"PropertyValueSpecification","valueRequired":true,"valueName":"search_term_string"}}],"inLanguage":"fr-FR"},{"@type":"Organization","@id":"https:\/\/www.vector.tn\/#organization","name":"Vector","url":"https:\/\/www.vector.tn\/","logo":{"@type":"ImageObject","inLanguage":"fr-FR","@id":"https:\/\/www.vector.tn\/#\/schema\/logo\/image\/","url":"https:\/\/www.vector.tn\/wp-content\/uploads\/2025\/07\/logo_vector.png","contentUrl":"https:\/\/www.vector.tn\/wp-content\/uploads\/2025\/07\/logo_vector.png","width":160,"height":48,"caption":"Vector"},"image":{"@id":"https:\/\/www.vector.tn\/#\/schema\/logo\/image\/"},"sameAs":["https:\/\/www.facebook.com\/VECTOR.Tunisie"]}]}},"_links":{"self":[{"href":"https:\/\/www.vector.tn\/index.php\/wp-json\/wp\/v2\/product\/2989","targetHints":{"allow":["GET"]}}],"collection":[{"href":"https:\/\/www.vector.tn\/index.php\/wp-json\/wp\/v2\/product"}],"about":[{"href":"https:\/\/www.vector.tn\/index.php\/wp-json\/wp\/v2\/types\/product"}],"wp:featuredmedia":[{"embeddable":true,"href":"https:\/\/www.vector.tn\/index.php\/wp-json\/wp\/v2\/media\/2992"}],"wp:attachment":[{"href":"https:\/\/www.vector.tn\/index.php\/wp-json\/wp\/v2\/media?parent=2989"}],"wp:term":[{"taxonomy":"product_brand","embeddable":true,"href":"https:\/\/www.vector.tn\/index.php\/wp-json\/wp\/v2\/product_brand?post=2989"},{"taxonomy":"product_cat","embeddable":true,"href":"https:\/\/www.vector.tn\/index.php\/wp-json\/wp\/v2\/product_cat?post=2989"},{"taxonomy":"product_tag","embeddable":true,"href":"https:\/\/www.vector.tn\/index.php\/wp-json\/wp\/v2\/product_tag?post=2989"}],"curies":[{"name":"wp","href":"https:\/\/api.w.org\/{rel}","templated":true}]}}