{"id":282,"date":"2016-07-29T08:45:03","date_gmt":"2016-07-29T08:45:03","guid":{"rendered":"http:\/\/demo.uix.store\/sober\/?post_type=product&#038;p=282"},"modified":"2025-12-23T00:00:58","modified_gmt":"2025-12-23T00:00:58","slug":"ensemble-sport-chic-4","status":"publish","type":"product","link":"https:\/\/www.vector.tn\/index.php\/product\/ensemble-sport-chic-4\/","title":{"rendered":"Ensemble sport chic"},"content":{"rendered":"<p data-start=\"146\" data-end=\"195\"><strong data-start=\"146\" data-end=\"193\">Ensemble sport chic \u2013 \u00c9l\u00e9gance d\u00e9contract\u00e9e (chemise sport + pantalon lin + mocassin daim)\u00a0<\/strong><\/p>\n<p data-start=\"197\" data-end=\"472\">Optez pour un look raffin\u00e9 et confortable avec cet <strong data-start=\"248\" data-end=\"271\">ensemble sport chic<\/strong> compos\u00e9 d\u2019une <strong data-start=\"286\" data-end=\"310\">chemise sport l\u00e9g\u00e8re<\/strong>, d\u2019un <strong data-start=\"317\" data-end=\"343\">pantalon en lin fluide<\/strong> et de <strong data-start=\"350\" data-end=\"380\">mocassins en daim \u00e9l\u00e9gants<\/strong>. Un choix id\u00e9al pour l\u2019\u00e9t\u00e9, alliant fra\u00eecheur, modernit\u00e9 et \u00e9l\u00e9gance en toute simplicit\u00e9.<\/p>\n<p data-start=\"474\" data-end=\"498\"><strong data-start=\"474\" data-end=\"496\">Caract\u00e9ristiques :<\/strong><\/p>\n<ul data-start=\"499\" data-end=\"695\">\n<li data-start=\"499\" data-end=\"535\">\n<p data-start=\"501\" data-end=\"535\">Chemise sport en coton respirant<\/p>\n<\/li>\n<li data-start=\"536\" data-end=\"576\">\n<p data-start=\"538\" data-end=\"576\">Pantalon en lin l\u00e9ger et confortable<\/p>\n<\/li>\n<li data-start=\"577\" data-end=\"615\">\n<p data-start=\"579\" data-end=\"615\">Mocassins en daim chic et raffin\u00e9s<\/p>\n<\/li>\n<li data-start=\"616\" data-end=\"648\">\n<p data-start=\"618\" data-end=\"648\">Style moderne et d\u00e9contract\u00e9<\/p>\n<\/li>\n<li data-start=\"649\" data-end=\"695\">\n<p data-start=\"651\" data-end=\"695\">Disponible en plusieurs tailles et coloris<\/p>\n<\/li>\n<\/ul>\n","protected":false},"excerpt":{"rendered":"<p data-start=\"146\" data-end=\"195\"><strong data-start=\"146\" data-end=\"193\">Ensemble sport chic \u2013 \u00c9l\u00e9gance d\u00e9contract\u00e9e (chemise sport + pantalon lin + mocassin daim)\u00a0<\/strong><\/p>\n<p data-start=\"197\" data-end=\"472\">Optez pour un look raffin\u00e9 et confortable avec cet <strong data-start=\"248\" data-end=\"271\">ensemble sport chic<\/strong> compos\u00e9 d\u2019une <strong data-start=\"286\" data-end=\"310\">chemise sport l\u00e9g\u00e8re<\/strong>, d\u2019un <strong data-start=\"317\" data-end=\"343\">pantalon en lin fluide<\/strong> et de <strong data-start=\"350\" data-end=\"380\">mocassins en daim \u00e9l\u00e9gants<\/strong>. Un choix id\u00e9al pour l\u2019\u00e9t\u00e9, alliant fra\u00eecheur, modernit\u00e9 et \u00e9l\u00e9gance en toute simplicit\u00e9.<\/p>\n<p data-start=\"474\" data-end=\"498\"><strong data-start=\"474\" data-end=\"496\">Caract\u00e9ristiques :<\/strong><\/p>\n<ul data-start=\"499\" data-end=\"695\">\n<li data-start=\"499\" data-end=\"535\">\n<p data-start=\"501\" data-end=\"535\">Chemise sport en coton respirant<\/p>\n<\/li>\n<li data-start=\"536\" data-end=\"576\">\n<p data-start=\"538\" data-end=\"576\">Pantalon en lin l\u00e9ger et confortable<\/p>\n<\/li>\n<li data-start=\"577\" data-end=\"615\">\n<p data-start=\"579\" data-end=\"615\">Mocassins en daim chic et raffin\u00e9s<\/p>\n<\/li>\n<li data-start=\"616\" data-end=\"648\">\n<p data-start=\"618\" data-end=\"648\">Style moderne et d\u00e9contract\u00e9<\/p>\n<\/li>\n<li data-start=\"649\" data-end=\"695\">\n<p data-start=\"651\" data-end=\"695\">Disponible en plusieurs tailles et coloris<\/p>\n<\/li>\n<\/ul>\n","protected":false},"featured_media":2783,"template":"","meta":[],"product_brand":[],"product_cat":[55],"product_tag":[],"class_list":{"0":"post-282","1":"product","2":"type-product","3":"status-publish","4":"has-post-thumbnail","6":"product_cat-total-look","8":"first","9":"instock","10":"shipping-taxable","11":"purchasable","12":"product-type-simple","13":"new","14":"layout-style-1","15":"col-md-4 col-sm-4 col-xs-6","16":"col-lg-3","17":"product-has-gallery","18":"product-style-default"},"yoast_head":"<!-- This site is optimized with the Yoast SEO plugin v25.7 - https:\/\/yoast.com\/wordpress\/plugins\/seo\/ -->\n<title>Ensemble sport chic - Vector<\/title>\n<meta name=\"robots\" content=\"index, follow, max-snippet:-1, max-image-preview:large, max-video-preview:-1\" \/>\n<link rel=\"canonical\" href=\"https:\/\/www.vector.tn\/index.php\/product\/ensemble-sport-chic-4\/\" \/>\n<meta property=\"og:locale\" content=\"fr_FR\" \/>\n<meta property=\"og:type\" content=\"article\" \/>\n<meta property=\"og:title\" content=\"Ensemble sport chic - Vector\" \/>\n<meta property=\"og:description\" content=\"Ensemble sport chic \u2013 \u00c9l\u00e9gance d\u00e9contract\u00e9e (chemise sport + pantalon lin + mocassin daim)\u00a0 Optez pour un look raffin\u00e9 et confortable avec cet ensemble sport chic compos\u00e9 d\u2019une chemise sport l\u00e9g\u00e8re, d\u2019un pantalon en lin fluide et de mocassins en daim \u00e9l\u00e9gants. Un choix id\u00e9al pour l\u2019\u00e9t\u00e9, alliant fra\u00eecheur, modernit\u00e9 et \u00e9l\u00e9gance en toute simplicit\u00e9. Caract\u00e9ristiques :     Chemise sport en coton respirant    Pantalon en lin l\u00e9ger et confortable    Mocassins en daim chic et raffin\u00e9s    Style moderne et d\u00e9contract\u00e9    Disponible en plusieurs tailles et coloris\" \/>\n<meta property=\"og:url\" content=\"https:\/\/www.vector.tn\/index.php\/product\/ensemble-sport-chic-4\/\" \/>\n<meta property=\"og:site_name\" content=\"Vector\" \/>\n<meta property=\"article:publisher\" content=\"https:\/\/www.facebook.com\/VECTOR.Tunisie\" \/>\n<meta property=\"article:modified_time\" content=\"2025-12-23T00:00:58+00:00\" \/>\n<meta property=\"og:image\" content=\"https:\/\/www.vector.tn\/wp-content\/uploads\/2016\/07\/Nouveau-projet-17.png\" \/>\n\t<meta property=\"og:image:width\" content=\"1700\" \/>\n\t<meta property=\"og:image:height\" content=\"2200\" \/>\n\t<meta property=\"og:image:type\" content=\"image\/png\" \/>\n<meta name=\"twitter:card\" content=\"summary_large_image\" \/>\n<meta name=\"twitter:label1\" content=\"Dur\u00e9e de lecture estim\u00e9e\" \/>\n\t<meta name=\"twitter:data1\" content=\"1 minute\" \/>\n<script type=\"application\/ld+json\" class=\"yoast-schema-graph\">{\"@context\":\"https:\/\/schema.org\",\"@graph\":[{\"@type\":\"WebPage\",\"@id\":\"https:\/\/www.vector.tn\/index.php\/product\/ensemble-sport-chic-4\/\",\"url\":\"https:\/\/www.vector.tn\/index.php\/product\/ensemble-sport-chic-4\/\",\"name\":\"Ensemble sport chic - Vector\",\"isPartOf\":{\"@id\":\"https:\/\/www.vector.tn\/#website\"},\"primaryImageOfPage\":{\"@id\":\"https:\/\/www.vector.tn\/index.php\/product\/ensemble-sport-chic-4\/#primaryimage\"},\"image\":{\"@id\":\"https:\/\/www.vector.tn\/index.php\/product\/ensemble-sport-chic-4\/#primaryimage\"},\"thumbnailUrl\":\"https:\/\/www.vector.tn\/wp-content\/uploads\/2016\/07\/Nouveau-projet-17.png\",\"datePublished\":\"2016-07-29T08:45:03+00:00\",\"dateModified\":\"2025-12-23T00:00:58+00:00\",\"breadcrumb\":{\"@id\":\"https:\/\/www.vector.tn\/index.php\/product\/ensemble-sport-chic-4\/#breadcrumb\"},\"inLanguage\":\"fr-FR\",\"potentialAction\":[{\"@type\":\"ReadAction\",\"target\":[\"https:\/\/www.vector.tn\/index.php\/product\/ensemble-sport-chic-4\/\"]}]},{\"@type\":\"ImageObject\",\"inLanguage\":\"fr-FR\",\"@id\":\"https:\/\/www.vector.tn\/index.php\/product\/ensemble-sport-chic-4\/#primaryimage\",\"url\":\"https:\/\/www.vector.tn\/wp-content\/uploads\/2016\/07\/Nouveau-projet-17.png\",\"contentUrl\":\"https:\/\/www.vector.tn\/wp-content\/uploads\/2016\/07\/Nouveau-projet-17.png\",\"width\":1700,\"height\":2200},{\"@type\":\"BreadcrumbList\",\"@id\":\"https:\/\/www.vector.tn\/index.php\/product\/ensemble-sport-chic-4\/#breadcrumb\",\"itemListElement\":[{\"@type\":\"ListItem\",\"position\":1,\"name\":\"Accueil\",\"item\":\"https:\/\/www.vector.tn\/\"},{\"@type\":\"ListItem\",\"position\":2,\"name\":\"Boutique\",\"item\":\"https:\/\/www.vector.tn\/index.php\/shop\/\"},{\"@type\":\"ListItem\",\"position\":3,\"name\":\"Ensemble sport chic\"}]},{\"@type\":\"WebSite\",\"@id\":\"https:\/\/www.vector.tn\/#website\",\"url\":\"https:\/\/www.vector.tn\/\",\"name\":\"Vector\",\"description\":\"VECTOR est une marque d\u00e9pos\u00e9e de pr\u00eat \u00e0 porter sp\u00e9cialis\u00e9 dans la vente des v\u00eatements pour hommes.\",\"publisher\":{\"@id\":\"https:\/\/www.vector.tn\/#organization\"},\"potentialAction\":[{\"@type\":\"SearchAction\",\"target\":{\"@type\":\"EntryPoint\",\"urlTemplate\":\"https:\/\/www.vector.tn\/?s={search_term_string}\"},\"query-input\":{\"@type\":\"PropertyValueSpecification\",\"valueRequired\":true,\"valueName\":\"search_term_string\"}}],\"inLanguage\":\"fr-FR\"},{\"@type\":\"Organization\",\"@id\":\"https:\/\/www.vector.tn\/#organization\",\"name\":\"Vector\",\"url\":\"https:\/\/www.vector.tn\/\",\"logo\":{\"@type\":\"ImageObject\",\"inLanguage\":\"fr-FR\",\"@id\":\"https:\/\/www.vector.tn\/#\/schema\/logo\/image\/\",\"url\":\"https:\/\/www.vector.tn\/wp-content\/uploads\/2025\/07\/logo_vector.png\",\"contentUrl\":\"https:\/\/www.vector.tn\/wp-content\/uploads\/2025\/07\/logo_vector.png\",\"width\":160,\"height\":48,\"caption\":\"Vector\"},\"image\":{\"@id\":\"https:\/\/www.vector.tn\/#\/schema\/logo\/image\/\"},\"sameAs\":[\"https:\/\/www.facebook.com\/VECTOR.Tunisie\"]}]}<\/script>\n<!-- \/ Yoast SEO plugin. -->","yoast_head_json":{"title":"Ensemble sport chic - Vector","robots":{"index":"index","follow":"follow","max-snippet":"max-snippet:-1","max-image-preview":"max-image-preview:large","max-video-preview":"max-video-preview:-1"},"canonical":"https:\/\/www.vector.tn\/index.php\/product\/ensemble-sport-chic-4\/","og_locale":"fr_FR","og_type":"article","og_title":"Ensemble sport chic - Vector","og_description":"Ensemble sport chic \u2013 \u00c9l\u00e9gance d\u00e9contract\u00e9e (chemise sport + pantalon lin + mocassin daim)\u00a0 Optez pour un look raffin\u00e9 et confortable avec cet ensemble sport chic compos\u00e9 d\u2019une chemise sport l\u00e9g\u00e8re, d\u2019un pantalon en lin fluide et de mocassins en daim \u00e9l\u00e9gants. Un choix id\u00e9al pour l\u2019\u00e9t\u00e9, alliant fra\u00eecheur, modernit\u00e9 et \u00e9l\u00e9gance en toute simplicit\u00e9. Caract\u00e9ristiques :     Chemise sport en coton respirant    Pantalon en lin l\u00e9ger et confortable    Mocassins en daim chic et raffin\u00e9s    Style moderne et d\u00e9contract\u00e9    Disponible en plusieurs tailles et coloris","og_url":"https:\/\/www.vector.tn\/index.php\/product\/ensemble-sport-chic-4\/","og_site_name":"Vector","article_publisher":"https:\/\/www.facebook.com\/VECTOR.Tunisie","article_modified_time":"2025-12-23T00:00:58+00:00","og_image":[{"width":1700,"height":2200,"url":"https:\/\/www.vector.tn\/wp-content\/uploads\/2016\/07\/Nouveau-projet-17.png","type":"image\/png"}],"twitter_card":"summary_large_image","twitter_misc":{"Dur\u00e9e de lecture estim\u00e9e":"1 minute"},"schema":{"@context":"https:\/\/schema.org","@graph":[{"@type":"WebPage","@id":"https:\/\/www.vector.tn\/index.php\/product\/ensemble-sport-chic-4\/","url":"https:\/\/www.vector.tn\/index.php\/product\/ensemble-sport-chic-4\/","name":"Ensemble sport chic - Vector","isPartOf":{"@id":"https:\/\/www.vector.tn\/#website"},"primaryImageOfPage":{"@id":"https:\/\/www.vector.tn\/index.php\/product\/ensemble-sport-chic-4\/#primaryimage"},"image":{"@id":"https:\/\/www.vector.tn\/index.php\/product\/ensemble-sport-chic-4\/#primaryimage"},"thumbnailUrl":"https:\/\/www.vector.tn\/wp-content\/uploads\/2016\/07\/Nouveau-projet-17.png","datePublished":"2016-07-29T08:45:03+00:00","dateModified":"2025-12-23T00:00:58+00:00","breadcrumb":{"@id":"https:\/\/www.vector.tn\/index.php\/product\/ensemble-sport-chic-4\/#breadcrumb"},"inLanguage":"fr-FR","potentialAction":[{"@type":"ReadAction","target":["https:\/\/www.vector.tn\/index.php\/product\/ensemble-sport-chic-4\/"]}]},{"@type":"ImageObject","inLanguage":"fr-FR","@id":"https:\/\/www.vector.tn\/index.php\/product\/ensemble-sport-chic-4\/#primaryimage","url":"https:\/\/www.vector.tn\/wp-content\/uploads\/2016\/07\/Nouveau-projet-17.png","contentUrl":"https:\/\/www.vector.tn\/wp-content\/uploads\/2016\/07\/Nouveau-projet-17.png","width":1700,"height":2200},{"@type":"BreadcrumbList","@id":"https:\/\/www.vector.tn\/index.php\/product\/ensemble-sport-chic-4\/#breadcrumb","itemListElement":[{"@type":"ListItem","position":1,"name":"Accueil","item":"https:\/\/www.vector.tn\/"},{"@type":"ListItem","position":2,"name":"Boutique","item":"https:\/\/www.vector.tn\/index.php\/shop\/"},{"@type":"ListItem","position":3,"name":"Ensemble sport chic"}]},{"@type":"WebSite","@id":"https:\/\/www.vector.tn\/#website","url":"https:\/\/www.vector.tn\/","name":"Vector","description":"VECTOR est une marque d\u00e9pos\u00e9e de pr\u00eat \u00e0 porter sp\u00e9cialis\u00e9 dans la vente des v\u00eatements pour hommes.","publisher":{"@id":"https:\/\/www.vector.tn\/#organization"},"potentialAction":[{"@type":"SearchAction","target":{"@type":"EntryPoint","urlTemplate":"https:\/\/www.vector.tn\/?s={search_term_string}"},"query-input":{"@type":"PropertyValueSpecification","valueRequired":true,"valueName":"search_term_string"}}],"inLanguage":"fr-FR"},{"@type":"Organization","@id":"https:\/\/www.vector.tn\/#organization","name":"Vector","url":"https:\/\/www.vector.tn\/","logo":{"@type":"ImageObject","inLanguage":"fr-FR","@id":"https:\/\/www.vector.tn\/#\/schema\/logo\/image\/","url":"https:\/\/www.vector.tn\/wp-content\/uploads\/2025\/07\/logo_vector.png","contentUrl":"https:\/\/www.vector.tn\/wp-content\/uploads\/2025\/07\/logo_vector.png","width":160,"height":48,"caption":"Vector"},"image":{"@id":"https:\/\/www.vector.tn\/#\/schema\/logo\/image\/"},"sameAs":["https:\/\/www.facebook.com\/VECTOR.Tunisie"]}]}},"_links":{"self":[{"href":"https:\/\/www.vector.tn\/index.php\/wp-json\/wp\/v2\/product\/282","targetHints":{"allow":["GET"]}}],"collection":[{"href":"https:\/\/www.vector.tn\/index.php\/wp-json\/wp\/v2\/product"}],"about":[{"href":"https:\/\/www.vector.tn\/index.php\/wp-json\/wp\/v2\/types\/product"}],"wp:featuredmedia":[{"embeddable":true,"href":"https:\/\/www.vector.tn\/index.php\/wp-json\/wp\/v2\/media\/2783"}],"wp:attachment":[{"href":"https:\/\/www.vector.tn\/index.php\/wp-json\/wp\/v2\/media?parent=282"}],"wp:term":[{"taxonomy":"product_brand","embeddable":true,"href":"https:\/\/www.vector.tn\/index.php\/wp-json\/wp\/v2\/product_brand?post=282"},{"taxonomy":"product_cat","embeddable":true,"href":"https:\/\/www.vector.tn\/index.php\/wp-json\/wp\/v2\/product_cat?post=282"},{"taxonomy":"product_tag","embeddable":true,"href":"https:\/\/www.vector.tn\/index.php\/wp-json\/wp\/v2\/product_tag?post=282"}],"curies":[{"name":"wp","href":"https:\/\/api.w.org\/{rel}","templated":true}]}}