{"id":2798,"date":"2025-07-18T13:19:56","date_gmt":"2025-07-18T13:19:56","guid":{"rendered":"https:\/\/www.vector.tn\/?post_type=product&#038;p=2798"},"modified":"2025-12-23T00:00:57","modified_gmt":"2025-12-23T00:00:57","slug":"2798","status":"publish","type":"product","link":"https:\/\/www.vector.tn\/index.php\/product\/2798\/","title":{"rendered":"Ensemble chic d\u00e9contract\u00e9"},"content":{"rendered":"<p data-start=\"131\" data-end=\"288\"><strong data-start=\"131\" data-end=\"160\">Ensemble Chic D\u00e9contract\u00e9 (polo + pantalon + mocassin loafer)<\/strong><br data-start=\"160\" data-end=\"163\" \/>Tenue \u00e9l\u00e9gante et moderne compos\u00e9e d\u2019un <strong>polo blanc \u00e0 col mao<\/strong>, d\u2019un <strong>pantalon gris<\/strong> \u00e0 ceinture nou\u00e9e et de <strong>mocassins<\/strong> assortis.<\/p>\n<p data-start=\"290\" data-end=\"538\">Cet ensemble allie raffinement et confort, offrant un style chic-d\u00e9contract\u00e9 id\u00e9al pour vos sorties, vos rendez-vous ou vos occasions sp\u00e9ciales. L\u00e9ger et tendance, il vous permet d\u2019affirmer une allure distingu\u00e9e tout en restant agr\u00e9able \u00e0 porter.<\/p>\n<p data-start=\"540\" data-end=\"564\"><strong data-start=\"540\" data-end=\"562\">Caract\u00e9ristiques :<\/strong><\/p>\n<ul data-start=\"565\" data-end=\"794\">\n<li data-start=\"565\" data-end=\"605\">\n<p data-start=\"567\" data-end=\"605\">Polo blanc \u00e0 col mao, coupe \u00e9l\u00e9gante<\/p>\n<\/li>\n<li data-start=\"606\" data-end=\"664\">\n<p data-start=\"608\" data-end=\"664\">Pantalon gris \u00e0 ceinture nou\u00e9e, moderne et confortable<\/p>\n<\/li>\n<li data-start=\"665\" data-end=\"709\">\n<p data-start=\"667\" data-end=\"709\">Mocassins assortis, raffin\u00e9s et durables<\/p>\n<\/li>\n<li data-start=\"710\" data-end=\"747\">\n<p data-start=\"712\" data-end=\"747\">Style chic-d\u00e9contract\u00e9 polyvalent<\/p>\n<\/li>\n<li data-start=\"748\" data-end=\"794\">\n<p data-start=\"750\" data-end=\"794\">Disponible en plusieurs tailles et coloris<\/p>\n<\/li>\n<\/ul>\n","protected":false},"excerpt":{"rendered":"<p data-start=\"131\" data-end=\"288\"><strong data-start=\"131\" data-end=\"160\">Ensemble Chic D\u00e9contract\u00e9 (polo + pantalon + mocassin loafer)<\/strong><br data-start=\"160\" data-end=\"163\" \/>Tenue \u00e9l\u00e9gante et moderne compos\u00e9e d\u2019un <strong>polo blanc \u00e0 col mao<\/strong>, d\u2019un <strong>pantalon gris<\/strong> \u00e0 ceinture nou\u00e9e et de <strong>mocassins<\/strong> assortis.<\/p>\n<p data-start=\"290\" data-end=\"538\">Cet ensemble allie raffinement et confort, offrant un style chic-d\u00e9contract\u00e9 id\u00e9al pour vos sorties, vos rendez-vous ou vos occasions sp\u00e9ciales. L\u00e9ger et tendance, il vous permet d\u2019affirmer une allure distingu\u00e9e tout en restant agr\u00e9able \u00e0 porter.<\/p>\n<p data-start=\"540\" data-end=\"564\"><strong data-start=\"540\" data-end=\"562\">Caract\u00e9ristiques :<\/strong><\/p>\n<ul data-start=\"565\" data-end=\"794\">\n<li data-start=\"565\" data-end=\"605\">\n<p data-start=\"567\" data-end=\"605\">Polo blanc \u00e0 col mao, coupe \u00e9l\u00e9gante<\/p>\n<\/li>\n<li data-start=\"606\" data-end=\"664\">\n<p data-start=\"608\" data-end=\"664\">Pantalon gris \u00e0 ceinture nou\u00e9e, moderne et confortable<\/p>\n<\/li>\n<li data-start=\"665\" data-end=\"709\">\n<p data-start=\"667\" data-end=\"709\">Mocassins assortis, raffin\u00e9s et durables<\/p>\n<\/li>\n<li data-start=\"710\" data-end=\"747\">\n<p data-start=\"712\" data-end=\"747\">Style chic-d\u00e9contract\u00e9 polyvalent<\/p>\n<\/li>\n<li data-start=\"748\" data-end=\"794\">\n<p data-start=\"750\" data-end=\"794\">Disponible en plusieurs tailles et coloris<\/p>\n<\/li>\n<\/ul>\n","protected":false},"featured_media":2800,"template":"..\/public\/views\/revslider-page-template.php","meta":[],"product_brand":[],"product_cat":[55],"product_tag":[],"class_list":{"0":"post-2798","1":"product","2":"type-product","3":"status-publish","4":"has-post-thumbnail","6":"product_cat-total-look","8":"first","9":"instock","10":"shipping-taxable","11":"purchasable","12":"product-type-simple","13":"layout-style-1","14":"col-md-4 col-sm-4 col-xs-6","15":"col-lg-3","16":"product-has-gallery","17":"product-style-default"},"yoast_head":"<!-- This site is optimized with the Yoast SEO plugin v25.7 - https:\/\/yoast.com\/wordpress\/plugins\/seo\/ -->\n<title>Ensemble chic d\u00e9contract\u00e9 - Vector<\/title>\n<meta name=\"robots\" content=\"index, follow, max-snippet:-1, max-image-preview:large, max-video-preview:-1\" \/>\n<link rel=\"canonical\" href=\"https:\/\/www.vector.tn\/index.php\/product\/2798\/\" \/>\n<meta property=\"og:locale\" content=\"fr_FR\" \/>\n<meta property=\"og:type\" content=\"article\" \/>\n<meta property=\"og:title\" content=\"Ensemble chic d\u00e9contract\u00e9 - Vector\" \/>\n<meta property=\"og:description\" content=\"Ensemble Chic D\u00e9contract\u00e9 (polo + pantalon + mocassin loafer)Tenue \u00e9l\u00e9gante et moderne compos\u00e9e d\u2019un polo blanc \u00e0 col mao, d\u2019un pantalon gris \u00e0 ceinture nou\u00e9e et de mocassins assortis. Cet ensemble allie raffinement et confort, offrant un style chic-d\u00e9contract\u00e9 id\u00e9al pour vos sorties, vos rendez-vous ou vos occasions sp\u00e9ciales. L\u00e9ger et tendance, il vous permet d\u2019affirmer une allure distingu\u00e9e tout en restant agr\u00e9able \u00e0 porter. Caract\u00e9ristiques :     Polo blanc \u00e0 col mao, coupe \u00e9l\u00e9gante    Pantalon gris \u00e0 ceinture nou\u00e9e, moderne et confortable    Mocassins assortis, raffin\u00e9s et durables    Style chic-d\u00e9contract\u00e9 polyvalent    Disponible en plusieurs tailles et coloris\" \/>\n<meta property=\"og:url\" content=\"https:\/\/www.vector.tn\/index.php\/product\/2798\/\" \/>\n<meta property=\"og:site_name\" content=\"Vector\" \/>\n<meta property=\"article:publisher\" content=\"https:\/\/www.facebook.com\/VECTOR.Tunisie\" \/>\n<meta property=\"article:modified_time\" content=\"2025-12-23T00:00:57+00:00\" \/>\n<meta property=\"og:image\" content=\"https:\/\/www.vector.tn\/wp-content\/uploads\/2025\/07\/Nouveau-projet-21.png\" \/>\n\t<meta property=\"og:image:width\" content=\"1700\" \/>\n\t<meta property=\"og:image:height\" content=\"2200\" \/>\n\t<meta property=\"og:image:type\" content=\"image\/png\" \/>\n<meta name=\"twitter:card\" content=\"summary_large_image\" \/>\n<meta name=\"twitter:label1\" content=\"Dur\u00e9e de lecture estim\u00e9e\" \/>\n\t<meta name=\"twitter:data1\" content=\"1 minute\" \/>\n<script type=\"application\/ld+json\" class=\"yoast-schema-graph\">{\"@context\":\"https:\/\/schema.org\",\"@graph\":[{\"@type\":\"WebPage\",\"@id\":\"https:\/\/www.vector.tn\/index.php\/product\/2798\/\",\"url\":\"https:\/\/www.vector.tn\/index.php\/product\/2798\/\",\"name\":\"Ensemble chic d\u00e9contract\u00e9 - Vector\",\"isPartOf\":{\"@id\":\"https:\/\/www.vector.tn\/#website\"},\"primaryImageOfPage\":{\"@id\":\"https:\/\/www.vector.tn\/index.php\/product\/2798\/#primaryimage\"},\"image\":{\"@id\":\"https:\/\/www.vector.tn\/index.php\/product\/2798\/#primaryimage\"},\"thumbnailUrl\":\"https:\/\/www.vector.tn\/wp-content\/uploads\/2025\/07\/Nouveau-projet-21.png\",\"datePublished\":\"2025-07-18T13:19:56+00:00\",\"dateModified\":\"2025-12-23T00:00:57+00:00\",\"breadcrumb\":{\"@id\":\"https:\/\/www.vector.tn\/index.php\/product\/2798\/#breadcrumb\"},\"inLanguage\":\"fr-FR\",\"potentialAction\":[{\"@type\":\"ReadAction\",\"target\":[\"https:\/\/www.vector.tn\/index.php\/product\/2798\/\"]}]},{\"@type\":\"ImageObject\",\"inLanguage\":\"fr-FR\",\"@id\":\"https:\/\/www.vector.tn\/index.php\/product\/2798\/#primaryimage\",\"url\":\"https:\/\/www.vector.tn\/wp-content\/uploads\/2025\/07\/Nouveau-projet-21.png\",\"contentUrl\":\"https:\/\/www.vector.tn\/wp-content\/uploads\/2025\/07\/Nouveau-projet-21.png\",\"width\":1700,\"height\":2200},{\"@type\":\"BreadcrumbList\",\"@id\":\"https:\/\/www.vector.tn\/index.php\/product\/2798\/#breadcrumb\",\"itemListElement\":[{\"@type\":\"ListItem\",\"position\":1,\"name\":\"Accueil\",\"item\":\"https:\/\/www.vector.tn\/\"},{\"@type\":\"ListItem\",\"position\":2,\"name\":\"Boutique\",\"item\":\"https:\/\/www.vector.tn\/index.php\/shop\/\"},{\"@type\":\"ListItem\",\"position\":3,\"name\":\"Ensemble chic d\u00e9contract\u00e9\"}]},{\"@type\":\"WebSite\",\"@id\":\"https:\/\/www.vector.tn\/#website\",\"url\":\"https:\/\/www.vector.tn\/\",\"name\":\"Vector\",\"description\":\"VECTOR est une marque d\u00e9pos\u00e9e de pr\u00eat \u00e0 porter sp\u00e9cialis\u00e9 dans la vente des v\u00eatements pour hommes.\",\"publisher\":{\"@id\":\"https:\/\/www.vector.tn\/#organization\"},\"potentialAction\":[{\"@type\":\"SearchAction\",\"target\":{\"@type\":\"EntryPoint\",\"urlTemplate\":\"https:\/\/www.vector.tn\/?s={search_term_string}\"},\"query-input\":{\"@type\":\"PropertyValueSpecification\",\"valueRequired\":true,\"valueName\":\"search_term_string\"}}],\"inLanguage\":\"fr-FR\"},{\"@type\":\"Organization\",\"@id\":\"https:\/\/www.vector.tn\/#organization\",\"name\":\"Vector\",\"url\":\"https:\/\/www.vector.tn\/\",\"logo\":{\"@type\":\"ImageObject\",\"inLanguage\":\"fr-FR\",\"@id\":\"https:\/\/www.vector.tn\/#\/schema\/logo\/image\/\",\"url\":\"https:\/\/www.vector.tn\/wp-content\/uploads\/2025\/07\/logo_vector.png\",\"contentUrl\":\"https:\/\/www.vector.tn\/wp-content\/uploads\/2025\/07\/logo_vector.png\",\"width\":160,\"height\":48,\"caption\":\"Vector\"},\"image\":{\"@id\":\"https:\/\/www.vector.tn\/#\/schema\/logo\/image\/\"},\"sameAs\":[\"https:\/\/www.facebook.com\/VECTOR.Tunisie\"]}]}<\/script>\n<!-- \/ Yoast SEO plugin. -->","yoast_head_json":{"title":"Ensemble chic d\u00e9contract\u00e9 - Vector","robots":{"index":"index","follow":"follow","max-snippet":"max-snippet:-1","max-image-preview":"max-image-preview:large","max-video-preview":"max-video-preview:-1"},"canonical":"https:\/\/www.vector.tn\/index.php\/product\/2798\/","og_locale":"fr_FR","og_type":"article","og_title":"Ensemble chic d\u00e9contract\u00e9 - Vector","og_description":"Ensemble Chic D\u00e9contract\u00e9 (polo + pantalon + mocassin loafer)Tenue \u00e9l\u00e9gante et moderne compos\u00e9e d\u2019un polo blanc \u00e0 col mao, d\u2019un pantalon gris \u00e0 ceinture nou\u00e9e et de mocassins assortis. Cet ensemble allie raffinement et confort, offrant un style chic-d\u00e9contract\u00e9 id\u00e9al pour vos sorties, vos rendez-vous ou vos occasions sp\u00e9ciales. L\u00e9ger et tendance, il vous permet d\u2019affirmer une allure distingu\u00e9e tout en restant agr\u00e9able \u00e0 porter. Caract\u00e9ristiques :     Polo blanc \u00e0 col mao, coupe \u00e9l\u00e9gante    Pantalon gris \u00e0 ceinture nou\u00e9e, moderne et confortable    Mocassins assortis, raffin\u00e9s et durables    Style chic-d\u00e9contract\u00e9 polyvalent    Disponible en plusieurs tailles et coloris","og_url":"https:\/\/www.vector.tn\/index.php\/product\/2798\/","og_site_name":"Vector","article_publisher":"https:\/\/www.facebook.com\/VECTOR.Tunisie","article_modified_time":"2025-12-23T00:00:57+00:00","og_image":[{"width":1700,"height":2200,"url":"https:\/\/www.vector.tn\/wp-content\/uploads\/2025\/07\/Nouveau-projet-21.png","type":"image\/png"}],"twitter_card":"summary_large_image","twitter_misc":{"Dur\u00e9e de lecture estim\u00e9e":"1 minute"},"schema":{"@context":"https:\/\/schema.org","@graph":[{"@type":"WebPage","@id":"https:\/\/www.vector.tn\/index.php\/product\/2798\/","url":"https:\/\/www.vector.tn\/index.php\/product\/2798\/","name":"Ensemble chic d\u00e9contract\u00e9 - Vector","isPartOf":{"@id":"https:\/\/www.vector.tn\/#website"},"primaryImageOfPage":{"@id":"https:\/\/www.vector.tn\/index.php\/product\/2798\/#primaryimage"},"image":{"@id":"https:\/\/www.vector.tn\/index.php\/product\/2798\/#primaryimage"},"thumbnailUrl":"https:\/\/www.vector.tn\/wp-content\/uploads\/2025\/07\/Nouveau-projet-21.png","datePublished":"2025-07-18T13:19:56+00:00","dateModified":"2025-12-23T00:00:57+00:00","breadcrumb":{"@id":"https:\/\/www.vector.tn\/index.php\/product\/2798\/#breadcrumb"},"inLanguage":"fr-FR","potentialAction":[{"@type":"ReadAction","target":["https:\/\/www.vector.tn\/index.php\/product\/2798\/"]}]},{"@type":"ImageObject","inLanguage":"fr-FR","@id":"https:\/\/www.vector.tn\/index.php\/product\/2798\/#primaryimage","url":"https:\/\/www.vector.tn\/wp-content\/uploads\/2025\/07\/Nouveau-projet-21.png","contentUrl":"https:\/\/www.vector.tn\/wp-content\/uploads\/2025\/07\/Nouveau-projet-21.png","width":1700,"height":2200},{"@type":"BreadcrumbList","@id":"https:\/\/www.vector.tn\/index.php\/product\/2798\/#breadcrumb","itemListElement":[{"@type":"ListItem","position":1,"name":"Accueil","item":"https:\/\/www.vector.tn\/"},{"@type":"ListItem","position":2,"name":"Boutique","item":"https:\/\/www.vector.tn\/index.php\/shop\/"},{"@type":"ListItem","position":3,"name":"Ensemble chic d\u00e9contract\u00e9"}]},{"@type":"WebSite","@id":"https:\/\/www.vector.tn\/#website","url":"https:\/\/www.vector.tn\/","name":"Vector","description":"VECTOR est une marque d\u00e9pos\u00e9e de pr\u00eat \u00e0 porter sp\u00e9cialis\u00e9 dans la vente des v\u00eatements pour hommes.","publisher":{"@id":"https:\/\/www.vector.tn\/#organization"},"potentialAction":[{"@type":"SearchAction","target":{"@type":"EntryPoint","urlTemplate":"https:\/\/www.vector.tn\/?s={search_term_string}"},"query-input":{"@type":"PropertyValueSpecification","valueRequired":true,"valueName":"search_term_string"}}],"inLanguage":"fr-FR"},{"@type":"Organization","@id":"https:\/\/www.vector.tn\/#organization","name":"Vector","url":"https:\/\/www.vector.tn\/","logo":{"@type":"ImageObject","inLanguage":"fr-FR","@id":"https:\/\/www.vector.tn\/#\/schema\/logo\/image\/","url":"https:\/\/www.vector.tn\/wp-content\/uploads\/2025\/07\/logo_vector.png","contentUrl":"https:\/\/www.vector.tn\/wp-content\/uploads\/2025\/07\/logo_vector.png","width":160,"height":48,"caption":"Vector"},"image":{"@id":"https:\/\/www.vector.tn\/#\/schema\/logo\/image\/"},"sameAs":["https:\/\/www.facebook.com\/VECTOR.Tunisie"]}]}},"_links":{"self":[{"href":"https:\/\/www.vector.tn\/index.php\/wp-json\/wp\/v2\/product\/2798","targetHints":{"allow":["GET"]}}],"collection":[{"href":"https:\/\/www.vector.tn\/index.php\/wp-json\/wp\/v2\/product"}],"about":[{"href":"https:\/\/www.vector.tn\/index.php\/wp-json\/wp\/v2\/types\/product"}],"wp:featuredmedia":[{"embeddable":true,"href":"https:\/\/www.vector.tn\/index.php\/wp-json\/wp\/v2\/media\/2800"}],"wp:attachment":[{"href":"https:\/\/www.vector.tn\/index.php\/wp-json\/wp\/v2\/media?parent=2798"}],"wp:term":[{"taxonomy":"product_brand","embeddable":true,"href":"https:\/\/www.vector.tn\/index.php\/wp-json\/wp\/v2\/product_brand?post=2798"},{"taxonomy":"product_cat","embeddable":true,"href":"https:\/\/www.vector.tn\/index.php\/wp-json\/wp\/v2\/product_cat?post=2798"},{"taxonomy":"product_tag","embeddable":true,"href":"https:\/\/www.vector.tn\/index.php\/wp-json\/wp\/v2\/product_tag?post=2798"}],"curies":[{"name":"wp","href":"https:\/\/api.w.org\/{rel}","templated":true}]}}