{"id":221,"date":"2016-07-29T08:08:50","date_gmt":"2016-07-29T08:08:50","guid":{"rendered":"http:\/\/demo.uix.store\/sober\/?post_type=product&#038;p=221"},"modified":"2025-12-23T00:00:58","modified_gmt":"2025-12-23T00:00:58","slug":"ensemble-sport-chic-6","status":"publish","type":"product","link":"https:\/\/www.vector.tn\/index.php\/product\/ensemble-sport-chic-6\/","title":{"rendered":"Ensemble sport chic"},"content":{"rendered":"<p data-start=\"161\" data-end=\"208\"><strong data-start=\"161\" data-end=\"206\">Ensemble sport chic \u2013 \u00c9l\u00e9gance et confort (chemise sport + pantalon chevill\u00e9 structur\u00e9 + mocassin cuir)<\/strong><\/p>\n<p data-start=\"210\" data-end=\"512\">Adoptez un look moderne et raffin\u00e9 avec cet <strong data-start=\"254\" data-end=\"277\">ensemble sport chic<\/strong> compos\u00e9 d\u2019une <strong data-start=\"292\" data-end=\"316\">chemise sport l\u00e9g\u00e8re<\/strong>, d\u2019un <strong data-start=\"323\" data-end=\"363\">pantalon chevill\u00e9 structur\u00e9 tendance<\/strong> et de <strong data-start=\"370\" data-end=\"400\">mocassins en cuir \u00e9l\u00e9gants<\/strong>. Confortable et styl\u00e9, il est parfait pour vos sorties estivales, vos rendez-vous ou vos occasions sp\u00e9ciales.<\/p>\n<p data-start=\"514\" data-end=\"538\"><strong data-start=\"514\" data-end=\"536\">Caract\u00e9ristiques :<\/strong><\/p>\n<ul data-start=\"539\" data-end=\"752\">\n<li data-start=\"539\" data-end=\"575\">\n<p data-start=\"541\" data-end=\"575\">Chemise sport en tissu respirant<\/p>\n<\/li>\n<li data-start=\"576\" data-end=\"622\">\n<p data-start=\"578\" data-end=\"622\">Pantalon chevill\u00e9 structur\u00e9, coupe ajust\u00e9e<\/p>\n<\/li>\n<li data-start=\"623\" data-end=\"667\">\n<p data-start=\"625\" data-end=\"667\">Mocassins en cuir \u00e9l\u00e9gants et r\u00e9sistants<\/p>\n<\/li>\n<li data-start=\"668\" data-end=\"705\">\n<p data-start=\"670\" data-end=\"705\">Style chic-d\u00e9contract\u00e9 polyvalent<\/p>\n<\/li>\n<li data-start=\"706\" data-end=\"752\">\n<p data-start=\"708\" data-end=\"752\">Disponible en plusieurs tailles et coloris<\/p>\n<\/li>\n<\/ul>\n","protected":false},"excerpt":{"rendered":"<p data-start=\"161\" data-end=\"208\"><strong data-start=\"161\" data-end=\"206\">Ensemble sport chic \u2013 \u00c9l\u00e9gance et confort (chemise sport + pantalon chevill\u00e9 structur\u00e9 + mocassin cuir)<\/strong><\/p>\n<p data-start=\"210\" data-end=\"512\">Adoptez un look moderne et raffin\u00e9 avec cet <strong data-start=\"254\" data-end=\"277\">ensemble sport chic<\/strong> compos\u00e9 d\u2019une <strong data-start=\"292\" data-end=\"316\">chemise sport l\u00e9g\u00e8re<\/strong>, d\u2019un <strong data-start=\"323\" data-end=\"363\">pantalon chevill\u00e9 structur\u00e9 tendance<\/strong> et de <strong data-start=\"370\" data-end=\"400\">mocassins en cuir \u00e9l\u00e9gants<\/strong>. Confortable et styl\u00e9, il est parfait pour vos sorties estivales, vos rendez-vous ou vos occasions sp\u00e9ciales.<\/p>\n<p data-start=\"514\" data-end=\"538\"><strong data-start=\"514\" data-end=\"536\">Caract\u00e9ristiques :<\/strong><\/p>\n<ul data-start=\"539\" data-end=\"752\">\n<li data-start=\"539\" data-end=\"575\">\n<p data-start=\"541\" data-end=\"575\">Chemise sport en tissu respirant<\/p>\n<\/li>\n<li data-start=\"576\" data-end=\"622\">\n<p data-start=\"578\" data-end=\"622\">Pantalon chevill\u00e9 structur\u00e9, coupe ajust\u00e9e<\/p>\n<\/li>\n<li data-start=\"623\" data-end=\"667\">\n<p data-start=\"625\" data-end=\"667\">Mocassins en cuir \u00e9l\u00e9gants et r\u00e9sistants<\/p>\n<\/li>\n<li data-start=\"668\" data-end=\"705\">\n<p data-start=\"670\" data-end=\"705\">Style chic-d\u00e9contract\u00e9 polyvalent<\/p>\n<\/li>\n<li data-start=\"706\" data-end=\"752\">\n<p data-start=\"708\" data-end=\"752\">Disponible en plusieurs tailles et coloris<\/p>\n<\/li>\n<\/ul>\n","protected":false},"featured_media":2764,"template":"","meta":[],"product_brand":[],"product_cat":[55],"product_tag":[],"class_list":{"0":"post-221","1":"product","2":"type-product","3":"status-publish","4":"has-post-thumbnail","6":"product_cat-total-look","8":"first","9":"instock","10":"shipping-taxable","11":"purchasable","12":"product-type-simple","13":"layout-style-1","14":"col-md-4 col-sm-4 col-xs-6","15":"col-lg-3","16":"product-has-gallery","17":"product-style-default"},"yoast_head":"<!-- This site is optimized with the Yoast SEO plugin v25.7 - https:\/\/yoast.com\/wordpress\/plugins\/seo\/ -->\n<title>Ensemble sport chic - Vector<\/title>\n<meta name=\"robots\" content=\"index, follow, max-snippet:-1, max-image-preview:large, max-video-preview:-1\" \/>\n<link rel=\"canonical\" href=\"https:\/\/www.vector.tn\/index.php\/product\/ensemble-sport-chic-6\/\" \/>\n<meta property=\"og:locale\" content=\"fr_FR\" \/>\n<meta property=\"og:type\" content=\"article\" \/>\n<meta property=\"og:title\" content=\"Ensemble sport chic - Vector\" \/>\n<meta property=\"og:description\" content=\"Ensemble sport chic \u2013 \u00c9l\u00e9gance et confort (chemise sport + pantalon chevill\u00e9 structur\u00e9 + mocassin cuir) Adoptez un look moderne et raffin\u00e9 avec cet ensemble sport chic compos\u00e9 d\u2019une chemise sport l\u00e9g\u00e8re, d\u2019un pantalon chevill\u00e9 structur\u00e9 tendance et de mocassins en cuir \u00e9l\u00e9gants. Confortable et styl\u00e9, il est parfait pour vos sorties estivales, vos rendez-vous ou vos occasions sp\u00e9ciales. Caract\u00e9ristiques :     Chemise sport en tissu respirant    Pantalon chevill\u00e9 structur\u00e9, coupe ajust\u00e9e    Mocassins en cuir \u00e9l\u00e9gants et r\u00e9sistants    Style chic-d\u00e9contract\u00e9 polyvalent    Disponible en plusieurs tailles et coloris\" \/>\n<meta property=\"og:url\" content=\"https:\/\/www.vector.tn\/index.php\/product\/ensemble-sport-chic-6\/\" \/>\n<meta property=\"og:site_name\" content=\"Vector\" \/>\n<meta property=\"article:publisher\" content=\"https:\/\/www.facebook.com\/VECTOR.Tunisie\" \/>\n<meta property=\"article:modified_time\" content=\"2025-12-23T00:00:58+00:00\" \/>\n<meta property=\"og:image\" content=\"https:\/\/www.vector.tn\/wp-content\/uploads\/2016\/07\/DSC_0192-Photoroom-scaled.jpg\" \/>\n\t<meta property=\"og:image:width\" content=\"1707\" \/>\n\t<meta property=\"og:image:height\" content=\"2560\" \/>\n\t<meta property=\"og:image:type\" content=\"image\/jpeg\" \/>\n<meta name=\"twitter:card\" content=\"summary_large_image\" \/>\n<meta name=\"twitter:label1\" content=\"Dur\u00e9e de lecture estim\u00e9e\" \/>\n\t<meta name=\"twitter:data1\" content=\"1 minute\" \/>\n<script type=\"application\/ld+json\" class=\"yoast-schema-graph\">{\"@context\":\"https:\/\/schema.org\",\"@graph\":[{\"@type\":\"WebPage\",\"@id\":\"https:\/\/www.vector.tn\/index.php\/product\/ensemble-sport-chic-6\/\",\"url\":\"https:\/\/www.vector.tn\/index.php\/product\/ensemble-sport-chic-6\/\",\"name\":\"Ensemble sport chic - Vector\",\"isPartOf\":{\"@id\":\"https:\/\/www.vector.tn\/#website\"},\"primaryImageOfPage\":{\"@id\":\"https:\/\/www.vector.tn\/index.php\/product\/ensemble-sport-chic-6\/#primaryimage\"},\"image\":{\"@id\":\"https:\/\/www.vector.tn\/index.php\/product\/ensemble-sport-chic-6\/#primaryimage\"},\"thumbnailUrl\":\"https:\/\/www.vector.tn\/wp-content\/uploads\/2016\/07\/DSC_0192-Photoroom-scaled.jpg\",\"datePublished\":\"2016-07-29T08:08:50+00:00\",\"dateModified\":\"2025-12-23T00:00:58+00:00\",\"breadcrumb\":{\"@id\":\"https:\/\/www.vector.tn\/index.php\/product\/ensemble-sport-chic-6\/#breadcrumb\"},\"inLanguage\":\"fr-FR\",\"potentialAction\":[{\"@type\":\"ReadAction\",\"target\":[\"https:\/\/www.vector.tn\/index.php\/product\/ensemble-sport-chic-6\/\"]}]},{\"@type\":\"ImageObject\",\"inLanguage\":\"fr-FR\",\"@id\":\"https:\/\/www.vector.tn\/index.php\/product\/ensemble-sport-chic-6\/#primaryimage\",\"url\":\"https:\/\/www.vector.tn\/wp-content\/uploads\/2016\/07\/DSC_0192-Photoroom-scaled.jpg\",\"contentUrl\":\"https:\/\/www.vector.tn\/wp-content\/uploads\/2016\/07\/DSC_0192-Photoroom-scaled.jpg\",\"width\":1707,\"height\":2560},{\"@type\":\"BreadcrumbList\",\"@id\":\"https:\/\/www.vector.tn\/index.php\/product\/ensemble-sport-chic-6\/#breadcrumb\",\"itemListElement\":[{\"@type\":\"ListItem\",\"position\":1,\"name\":\"Accueil\",\"item\":\"https:\/\/www.vector.tn\/\"},{\"@type\":\"ListItem\",\"position\":2,\"name\":\"Boutique\",\"item\":\"https:\/\/www.vector.tn\/index.php\/shop\/\"},{\"@type\":\"ListItem\",\"position\":3,\"name\":\"Ensemble sport chic\"}]},{\"@type\":\"WebSite\",\"@id\":\"https:\/\/www.vector.tn\/#website\",\"url\":\"https:\/\/www.vector.tn\/\",\"name\":\"Vector\",\"description\":\"VECTOR est une marque d\u00e9pos\u00e9e de pr\u00eat \u00e0 porter sp\u00e9cialis\u00e9 dans la vente des v\u00eatements pour hommes.\",\"publisher\":{\"@id\":\"https:\/\/www.vector.tn\/#organization\"},\"potentialAction\":[{\"@type\":\"SearchAction\",\"target\":{\"@type\":\"EntryPoint\",\"urlTemplate\":\"https:\/\/www.vector.tn\/?s={search_term_string}\"},\"query-input\":{\"@type\":\"PropertyValueSpecification\",\"valueRequired\":true,\"valueName\":\"search_term_string\"}}],\"inLanguage\":\"fr-FR\"},{\"@type\":\"Organization\",\"@id\":\"https:\/\/www.vector.tn\/#organization\",\"name\":\"Vector\",\"url\":\"https:\/\/www.vector.tn\/\",\"logo\":{\"@type\":\"ImageObject\",\"inLanguage\":\"fr-FR\",\"@id\":\"https:\/\/www.vector.tn\/#\/schema\/logo\/image\/\",\"url\":\"https:\/\/www.vector.tn\/wp-content\/uploads\/2025\/07\/logo_vector.png\",\"contentUrl\":\"https:\/\/www.vector.tn\/wp-content\/uploads\/2025\/07\/logo_vector.png\",\"width\":160,\"height\":48,\"caption\":\"Vector\"},\"image\":{\"@id\":\"https:\/\/www.vector.tn\/#\/schema\/logo\/image\/\"},\"sameAs\":[\"https:\/\/www.facebook.com\/VECTOR.Tunisie\"]}]}<\/script>\n<!-- \/ Yoast SEO plugin. -->","yoast_head_json":{"title":"Ensemble sport chic - Vector","robots":{"index":"index","follow":"follow","max-snippet":"max-snippet:-1","max-image-preview":"max-image-preview:large","max-video-preview":"max-video-preview:-1"},"canonical":"https:\/\/www.vector.tn\/index.php\/product\/ensemble-sport-chic-6\/","og_locale":"fr_FR","og_type":"article","og_title":"Ensemble sport chic - Vector","og_description":"Ensemble sport chic \u2013 \u00c9l\u00e9gance et confort (chemise sport + pantalon chevill\u00e9 structur\u00e9 + mocassin cuir) Adoptez un look moderne et raffin\u00e9 avec cet ensemble sport chic compos\u00e9 d\u2019une chemise sport l\u00e9g\u00e8re, d\u2019un pantalon chevill\u00e9 structur\u00e9 tendance et de mocassins en cuir \u00e9l\u00e9gants. Confortable et styl\u00e9, il est parfait pour vos sorties estivales, vos rendez-vous ou vos occasions sp\u00e9ciales. Caract\u00e9ristiques :     Chemise sport en tissu respirant    Pantalon chevill\u00e9 structur\u00e9, coupe ajust\u00e9e    Mocassins en cuir \u00e9l\u00e9gants et r\u00e9sistants    Style chic-d\u00e9contract\u00e9 polyvalent    Disponible en plusieurs tailles et coloris","og_url":"https:\/\/www.vector.tn\/index.php\/product\/ensemble-sport-chic-6\/","og_site_name":"Vector","article_publisher":"https:\/\/www.facebook.com\/VECTOR.Tunisie","article_modified_time":"2025-12-23T00:00:58+00:00","og_image":[{"width":1707,"height":2560,"url":"https:\/\/www.vector.tn\/wp-content\/uploads\/2016\/07\/DSC_0192-Photoroom-scaled.jpg","type":"image\/jpeg"}],"twitter_card":"summary_large_image","twitter_misc":{"Dur\u00e9e de lecture estim\u00e9e":"1 minute"},"schema":{"@context":"https:\/\/schema.org","@graph":[{"@type":"WebPage","@id":"https:\/\/www.vector.tn\/index.php\/product\/ensemble-sport-chic-6\/","url":"https:\/\/www.vector.tn\/index.php\/product\/ensemble-sport-chic-6\/","name":"Ensemble sport chic - Vector","isPartOf":{"@id":"https:\/\/www.vector.tn\/#website"},"primaryImageOfPage":{"@id":"https:\/\/www.vector.tn\/index.php\/product\/ensemble-sport-chic-6\/#primaryimage"},"image":{"@id":"https:\/\/www.vector.tn\/index.php\/product\/ensemble-sport-chic-6\/#primaryimage"},"thumbnailUrl":"https:\/\/www.vector.tn\/wp-content\/uploads\/2016\/07\/DSC_0192-Photoroom-scaled.jpg","datePublished":"2016-07-29T08:08:50+00:00","dateModified":"2025-12-23T00:00:58+00:00","breadcrumb":{"@id":"https:\/\/www.vector.tn\/index.php\/product\/ensemble-sport-chic-6\/#breadcrumb"},"inLanguage":"fr-FR","potentialAction":[{"@type":"ReadAction","target":["https:\/\/www.vector.tn\/index.php\/product\/ensemble-sport-chic-6\/"]}]},{"@type":"ImageObject","inLanguage":"fr-FR","@id":"https:\/\/www.vector.tn\/index.php\/product\/ensemble-sport-chic-6\/#primaryimage","url":"https:\/\/www.vector.tn\/wp-content\/uploads\/2016\/07\/DSC_0192-Photoroom-scaled.jpg","contentUrl":"https:\/\/www.vector.tn\/wp-content\/uploads\/2016\/07\/DSC_0192-Photoroom-scaled.jpg","width":1707,"height":2560},{"@type":"BreadcrumbList","@id":"https:\/\/www.vector.tn\/index.php\/product\/ensemble-sport-chic-6\/#breadcrumb","itemListElement":[{"@type":"ListItem","position":1,"name":"Accueil","item":"https:\/\/www.vector.tn\/"},{"@type":"ListItem","position":2,"name":"Boutique","item":"https:\/\/www.vector.tn\/index.php\/shop\/"},{"@type":"ListItem","position":3,"name":"Ensemble sport chic"}]},{"@type":"WebSite","@id":"https:\/\/www.vector.tn\/#website","url":"https:\/\/www.vector.tn\/","name":"Vector","description":"VECTOR est une marque d\u00e9pos\u00e9e de pr\u00eat \u00e0 porter sp\u00e9cialis\u00e9 dans la vente des v\u00eatements pour hommes.","publisher":{"@id":"https:\/\/www.vector.tn\/#organization"},"potentialAction":[{"@type":"SearchAction","target":{"@type":"EntryPoint","urlTemplate":"https:\/\/www.vector.tn\/?s={search_term_string}"},"query-input":{"@type":"PropertyValueSpecification","valueRequired":true,"valueName":"search_term_string"}}],"inLanguage":"fr-FR"},{"@type":"Organization","@id":"https:\/\/www.vector.tn\/#organization","name":"Vector","url":"https:\/\/www.vector.tn\/","logo":{"@type":"ImageObject","inLanguage":"fr-FR","@id":"https:\/\/www.vector.tn\/#\/schema\/logo\/image\/","url":"https:\/\/www.vector.tn\/wp-content\/uploads\/2025\/07\/logo_vector.png","contentUrl":"https:\/\/www.vector.tn\/wp-content\/uploads\/2025\/07\/logo_vector.png","width":160,"height":48,"caption":"Vector"},"image":{"@id":"https:\/\/www.vector.tn\/#\/schema\/logo\/image\/"},"sameAs":["https:\/\/www.facebook.com\/VECTOR.Tunisie"]}]}},"_links":{"self":[{"href":"https:\/\/www.vector.tn\/index.php\/wp-json\/wp\/v2\/product\/221","targetHints":{"allow":["GET"]}}],"collection":[{"href":"https:\/\/www.vector.tn\/index.php\/wp-json\/wp\/v2\/product"}],"about":[{"href":"https:\/\/www.vector.tn\/index.php\/wp-json\/wp\/v2\/types\/product"}],"wp:featuredmedia":[{"embeddable":true,"href":"https:\/\/www.vector.tn\/index.php\/wp-json\/wp\/v2\/media\/2764"}],"wp:attachment":[{"href":"https:\/\/www.vector.tn\/index.php\/wp-json\/wp\/v2\/media?parent=221"}],"wp:term":[{"taxonomy":"product_brand","embeddable":true,"href":"https:\/\/www.vector.tn\/index.php\/wp-json\/wp\/v2\/product_brand?post=221"},{"taxonomy":"product_cat","embeddable":true,"href":"https:\/\/www.vector.tn\/index.php\/wp-json\/wp\/v2\/product_cat?post=221"},{"taxonomy":"product_tag","embeddable":true,"href":"https:\/\/www.vector.tn\/index.php\/wp-json\/wp\/v2\/product_tag?post=221"}],"curies":[{"name":"wp","href":"https:\/\/api.w.org\/{rel}","templated":true}]}}