{"id":129,"date":"2016-07-29T07:13:02","date_gmt":"2016-07-29T07:13:02","guid":{"rendered":"http:\/\/demo.uix.store\/sober\/?post_type=product&#038;p=129"},"modified":"2025-12-23T00:00:57","modified_gmt":"2025-12-23T00:00:57","slug":"guide-pack-cap","status":"publish","type":"product","link":"https:\/\/www.vector.tn\/index.php\/product\/guide-pack-cap\/","title":{"rendered":"Ensemble d\u00e9contract\u00e9 chic"},"content":{"rendered":"<p data-start=\"126\" data-end=\"321\"><strong data-start=\"126\" data-end=\"155\">Ensemble D\u00e9contract\u00e9 Chic (chemise + pantalon + mocassin )<\/strong><br data-start=\"155\" data-end=\"158\" \/>Tenue moderne et \u00e9l\u00e9gante compos\u00e9e d\u2019un haut vert \u00e0 manches courtes avec cordon d\u00e9coratif, d\u2019un pantalon droit en lin blanc cass\u00e9 et de mocassins verts assortis.<\/p>\n<p data-start=\"323\" data-end=\"574\">Con\u00e7u pour allier fra\u00eecheur et sophistication, cet ensemble est parfait pour un style estival raffin\u00e9 et confortable. Il apporte une touche chic-d\u00e9contract\u00e9e id\u00e9ale pour les sorties en ville, les occasions sp\u00e9ciales ou les moments de d\u00e9tente styl\u00e9s.<\/p>\n<p data-start=\"576\" data-end=\"600\"><strong data-start=\"576\" data-end=\"598\">Caract\u00e9ristiques :<\/strong><\/p>\n<ul data-start=\"601\" data-end=\"857\">\n<li data-start=\"601\" data-end=\"654\">\n<p data-start=\"603\" data-end=\"654\">Haut vert \u00e0 manches courtes avec cordon d\u00e9coratif<\/p>\n<\/li>\n<li data-start=\"655\" data-end=\"712\">\n<p data-start=\"657\" data-end=\"712\">Pantalon droit en lin blanc cass\u00e9, l\u00e9ger et respirant<\/p>\n<\/li>\n<li data-start=\"713\" data-end=\"763\">\n<p data-start=\"715\" data-end=\"763\">Mocassins verts assortis, \u00e9l\u00e9gants et modernes<\/p>\n<\/li>\n<li data-start=\"764\" data-end=\"810\">\n<p data-start=\"766\" data-end=\"810\">Style chic-d\u00e9contract\u00e9 frais et polyvalent<\/p>\n<\/li>\n<li data-start=\"811\" data-end=\"857\">\n<p data-start=\"813\" data-end=\"857\">Disponible en plusieurs tailles et coloris<\/p>\n<\/li>\n<\/ul>\n","protected":false},"excerpt":{"rendered":"<p data-start=\"126\" data-end=\"321\"><strong data-start=\"126\" data-end=\"155\">Ensemble D\u00e9contract\u00e9 Chic (chemise + pantalon + mocassin )<\/strong><br data-start=\"155\" data-end=\"158\" \/>Tenue moderne et \u00e9l\u00e9gante compos\u00e9e d\u2019un haut vert \u00e0 manches courtes avec cordon d\u00e9coratif, d\u2019un pantalon droit en lin blanc cass\u00e9 et de mocassins verts assortis.<\/p>\n<p data-start=\"323\" data-end=\"574\">Con\u00e7u pour allier fra\u00eecheur et sophistication, cet ensemble est parfait pour un style estival raffin\u00e9 et confortable. Il apporte une touche chic-d\u00e9contract\u00e9e id\u00e9ale pour les sorties en ville, les occasions sp\u00e9ciales ou les moments de d\u00e9tente styl\u00e9s.<\/p>\n<p data-start=\"576\" data-end=\"600\"><strong data-start=\"576\" data-end=\"598\">Caract\u00e9ristiques :<\/strong><\/p>\n<ul data-start=\"601\" data-end=\"857\">\n<li data-start=\"601\" data-end=\"654\">\n<p data-start=\"603\" data-end=\"654\">Haut vert \u00e0 manches courtes avec cordon d\u00e9coratif<\/p>\n<\/li>\n<li data-start=\"655\" data-end=\"712\">\n<p data-start=\"657\" data-end=\"712\">Pantalon droit en lin blanc cass\u00e9, l\u00e9ger et respirant<\/p>\n<\/li>\n<li data-start=\"713\" data-end=\"763\">\n<p data-start=\"715\" data-end=\"763\">Mocassins verts assortis, \u00e9l\u00e9gants et modernes<\/p>\n<\/li>\n<li data-start=\"764\" data-end=\"810\">\n<p data-start=\"766\" data-end=\"810\">Style chic-d\u00e9contract\u00e9 frais et polyvalent<\/p>\n<\/li>\n<li data-start=\"811\" data-end=\"857\">\n<p data-start=\"813\" data-end=\"857\">Disponible en plusieurs tailles et coloris<\/p>\n<\/li>\n<\/ul>\n","protected":false},"featured_media":2753,"template":"","meta":[],"product_brand":[],"product_cat":[55],"product_tag":[],"class_list":{"0":"post-129","1":"product","2":"type-product","3":"status-publish","4":"has-post-thumbnail","6":"product_cat-total-look","8":"first","9":"instock","10":"shipping-taxable","11":"purchasable","12":"product-type-simple","13":"layout-style-1","14":"col-md-4 col-sm-4 col-xs-6","15":"col-lg-3","16":"product-has-gallery","17":"product-style-default"},"yoast_head":"<!-- This site is optimized with the Yoast SEO plugin v25.7 - https:\/\/yoast.com\/wordpress\/plugins\/seo\/ -->\n<title>Ensemble d\u00e9contract\u00e9 chic - Vector<\/title>\n<meta name=\"robots\" content=\"index, follow, max-snippet:-1, max-image-preview:large, max-video-preview:-1\" \/>\n<link rel=\"canonical\" href=\"https:\/\/www.vector.tn\/index.php\/product\/guide-pack-cap\/\" \/>\n<meta property=\"og:locale\" content=\"fr_FR\" \/>\n<meta property=\"og:type\" content=\"article\" \/>\n<meta property=\"og:title\" content=\"Ensemble d\u00e9contract\u00e9 chic - Vector\" \/>\n<meta property=\"og:description\" content=\"Ensemble D\u00e9contract\u00e9 Chic (chemise + pantalon + mocassin )Tenue moderne et \u00e9l\u00e9gante compos\u00e9e d\u2019un haut vert \u00e0 manches courtes avec cordon d\u00e9coratif, d\u2019un pantalon droit en lin blanc cass\u00e9 et de mocassins verts assortis. Con\u00e7u pour allier fra\u00eecheur et sophistication, cet ensemble est parfait pour un style estival raffin\u00e9 et confortable. Il apporte une touche chic-d\u00e9contract\u00e9e id\u00e9ale pour les sorties en ville, les occasions sp\u00e9ciales ou les moments de d\u00e9tente styl\u00e9s. Caract\u00e9ristiques :     Haut vert \u00e0 manches courtes avec cordon d\u00e9coratif    Pantalon droit en lin blanc cass\u00e9, l\u00e9ger et respirant    Mocassins verts assortis, \u00e9l\u00e9gants et modernes    Style chic-d\u00e9contract\u00e9 frais et polyvalent    Disponible en plusieurs tailles et coloris\" \/>\n<meta property=\"og:url\" content=\"https:\/\/www.vector.tn\/index.php\/product\/guide-pack-cap\/\" \/>\n<meta property=\"og:site_name\" content=\"Vector\" \/>\n<meta property=\"article:publisher\" content=\"https:\/\/www.facebook.com\/VECTOR.Tunisie\" \/>\n<meta property=\"article:modified_time\" content=\"2025-12-23T00:00:57+00:00\" \/>\n<meta property=\"og:image\" content=\"https:\/\/www.vector.tn\/wp-content\/uploads\/2016\/07\/Nouveau-projet-13.png\" \/>\n\t<meta property=\"og:image:width\" content=\"1275\" \/>\n\t<meta property=\"og:image:height\" content=\"1800\" \/>\n\t<meta property=\"og:image:type\" content=\"image\/png\" \/>\n<meta name=\"twitter:card\" content=\"summary_large_image\" \/>\n<meta name=\"twitter:label1\" content=\"Dur\u00e9e de lecture estim\u00e9e\" \/>\n\t<meta name=\"twitter:data1\" content=\"1 minute\" \/>\n<script type=\"application\/ld+json\" class=\"yoast-schema-graph\">{\"@context\":\"https:\/\/schema.org\",\"@graph\":[{\"@type\":\"WebPage\",\"@id\":\"https:\/\/www.vector.tn\/index.php\/product\/guide-pack-cap\/\",\"url\":\"https:\/\/www.vector.tn\/index.php\/product\/guide-pack-cap\/\",\"name\":\"Ensemble d\u00e9contract\u00e9 chic - Vector\",\"isPartOf\":{\"@id\":\"https:\/\/www.vector.tn\/#website\"},\"primaryImageOfPage\":{\"@id\":\"https:\/\/www.vector.tn\/index.php\/product\/guide-pack-cap\/#primaryimage\"},\"image\":{\"@id\":\"https:\/\/www.vector.tn\/index.php\/product\/guide-pack-cap\/#primaryimage\"},\"thumbnailUrl\":\"https:\/\/www.vector.tn\/wp-content\/uploads\/2016\/07\/Nouveau-projet-13.png\",\"datePublished\":\"2016-07-29T07:13:02+00:00\",\"dateModified\":\"2025-12-23T00:00:57+00:00\",\"breadcrumb\":{\"@id\":\"https:\/\/www.vector.tn\/index.php\/product\/guide-pack-cap\/#breadcrumb\"},\"inLanguage\":\"fr-FR\",\"potentialAction\":[{\"@type\":\"ReadAction\",\"target\":[\"https:\/\/www.vector.tn\/index.php\/product\/guide-pack-cap\/\"]}]},{\"@type\":\"ImageObject\",\"inLanguage\":\"fr-FR\",\"@id\":\"https:\/\/www.vector.tn\/index.php\/product\/guide-pack-cap\/#primaryimage\",\"url\":\"https:\/\/www.vector.tn\/wp-content\/uploads\/2016\/07\/Nouveau-projet-13.png\",\"contentUrl\":\"https:\/\/www.vector.tn\/wp-content\/uploads\/2016\/07\/Nouveau-projet-13.png\",\"width\":1275,\"height\":1800},{\"@type\":\"BreadcrumbList\",\"@id\":\"https:\/\/www.vector.tn\/index.php\/product\/guide-pack-cap\/#breadcrumb\",\"itemListElement\":[{\"@type\":\"ListItem\",\"position\":1,\"name\":\"Accueil\",\"item\":\"https:\/\/www.vector.tn\/\"},{\"@type\":\"ListItem\",\"position\":2,\"name\":\"Boutique\",\"item\":\"https:\/\/www.vector.tn\/index.php\/shop\/\"},{\"@type\":\"ListItem\",\"position\":3,\"name\":\"Ensemble d\u00e9contract\u00e9 chic\"}]},{\"@type\":\"WebSite\",\"@id\":\"https:\/\/www.vector.tn\/#website\",\"url\":\"https:\/\/www.vector.tn\/\",\"name\":\"Vector\",\"description\":\"VECTOR est une marque d\u00e9pos\u00e9e de pr\u00eat \u00e0 porter sp\u00e9cialis\u00e9 dans la vente des v\u00eatements pour hommes.\",\"publisher\":{\"@id\":\"https:\/\/www.vector.tn\/#organization\"},\"potentialAction\":[{\"@type\":\"SearchAction\",\"target\":{\"@type\":\"EntryPoint\",\"urlTemplate\":\"https:\/\/www.vector.tn\/?s={search_term_string}\"},\"query-input\":{\"@type\":\"PropertyValueSpecification\",\"valueRequired\":true,\"valueName\":\"search_term_string\"}}],\"inLanguage\":\"fr-FR\"},{\"@type\":\"Organization\",\"@id\":\"https:\/\/www.vector.tn\/#organization\",\"name\":\"Vector\",\"url\":\"https:\/\/www.vector.tn\/\",\"logo\":{\"@type\":\"ImageObject\",\"inLanguage\":\"fr-FR\",\"@id\":\"https:\/\/www.vector.tn\/#\/schema\/logo\/image\/\",\"url\":\"https:\/\/www.vector.tn\/wp-content\/uploads\/2025\/07\/logo_vector.png\",\"contentUrl\":\"https:\/\/www.vector.tn\/wp-content\/uploads\/2025\/07\/logo_vector.png\",\"width\":160,\"height\":48,\"caption\":\"Vector\"},\"image\":{\"@id\":\"https:\/\/www.vector.tn\/#\/schema\/logo\/image\/\"},\"sameAs\":[\"https:\/\/www.facebook.com\/VECTOR.Tunisie\"]}]}<\/script>\n<!-- \/ Yoast SEO plugin. -->","yoast_head_json":{"title":"Ensemble d\u00e9contract\u00e9 chic - Vector","robots":{"index":"index","follow":"follow","max-snippet":"max-snippet:-1","max-image-preview":"max-image-preview:large","max-video-preview":"max-video-preview:-1"},"canonical":"https:\/\/www.vector.tn\/index.php\/product\/guide-pack-cap\/","og_locale":"fr_FR","og_type":"article","og_title":"Ensemble d\u00e9contract\u00e9 chic - Vector","og_description":"Ensemble D\u00e9contract\u00e9 Chic (chemise + pantalon + mocassin )Tenue moderne et \u00e9l\u00e9gante compos\u00e9e d\u2019un haut vert \u00e0 manches courtes avec cordon d\u00e9coratif, d\u2019un pantalon droit en lin blanc cass\u00e9 et de mocassins verts assortis. Con\u00e7u pour allier fra\u00eecheur et sophistication, cet ensemble est parfait pour un style estival raffin\u00e9 et confortable. Il apporte une touche chic-d\u00e9contract\u00e9e id\u00e9ale pour les sorties en ville, les occasions sp\u00e9ciales ou les moments de d\u00e9tente styl\u00e9s. Caract\u00e9ristiques :     Haut vert \u00e0 manches courtes avec cordon d\u00e9coratif    Pantalon droit en lin blanc cass\u00e9, l\u00e9ger et respirant    Mocassins verts assortis, \u00e9l\u00e9gants et modernes    Style chic-d\u00e9contract\u00e9 frais et polyvalent    Disponible en plusieurs tailles et coloris","og_url":"https:\/\/www.vector.tn\/index.php\/product\/guide-pack-cap\/","og_site_name":"Vector","article_publisher":"https:\/\/www.facebook.com\/VECTOR.Tunisie","article_modified_time":"2025-12-23T00:00:57+00:00","og_image":[{"width":1275,"height":1800,"url":"https:\/\/www.vector.tn\/wp-content\/uploads\/2016\/07\/Nouveau-projet-13.png","type":"image\/png"}],"twitter_card":"summary_large_image","twitter_misc":{"Dur\u00e9e de lecture estim\u00e9e":"1 minute"},"schema":{"@context":"https:\/\/schema.org","@graph":[{"@type":"WebPage","@id":"https:\/\/www.vector.tn\/index.php\/product\/guide-pack-cap\/","url":"https:\/\/www.vector.tn\/index.php\/product\/guide-pack-cap\/","name":"Ensemble d\u00e9contract\u00e9 chic - Vector","isPartOf":{"@id":"https:\/\/www.vector.tn\/#website"},"primaryImageOfPage":{"@id":"https:\/\/www.vector.tn\/index.php\/product\/guide-pack-cap\/#primaryimage"},"image":{"@id":"https:\/\/www.vector.tn\/index.php\/product\/guide-pack-cap\/#primaryimage"},"thumbnailUrl":"https:\/\/www.vector.tn\/wp-content\/uploads\/2016\/07\/Nouveau-projet-13.png","datePublished":"2016-07-29T07:13:02+00:00","dateModified":"2025-12-23T00:00:57+00:00","breadcrumb":{"@id":"https:\/\/www.vector.tn\/index.php\/product\/guide-pack-cap\/#breadcrumb"},"inLanguage":"fr-FR","potentialAction":[{"@type":"ReadAction","target":["https:\/\/www.vector.tn\/index.php\/product\/guide-pack-cap\/"]}]},{"@type":"ImageObject","inLanguage":"fr-FR","@id":"https:\/\/www.vector.tn\/index.php\/product\/guide-pack-cap\/#primaryimage","url":"https:\/\/www.vector.tn\/wp-content\/uploads\/2016\/07\/Nouveau-projet-13.png","contentUrl":"https:\/\/www.vector.tn\/wp-content\/uploads\/2016\/07\/Nouveau-projet-13.png","width":1275,"height":1800},{"@type":"BreadcrumbList","@id":"https:\/\/www.vector.tn\/index.php\/product\/guide-pack-cap\/#breadcrumb","itemListElement":[{"@type":"ListItem","position":1,"name":"Accueil","item":"https:\/\/www.vector.tn\/"},{"@type":"ListItem","position":2,"name":"Boutique","item":"https:\/\/www.vector.tn\/index.php\/shop\/"},{"@type":"ListItem","position":3,"name":"Ensemble d\u00e9contract\u00e9 chic"}]},{"@type":"WebSite","@id":"https:\/\/www.vector.tn\/#website","url":"https:\/\/www.vector.tn\/","name":"Vector","description":"VECTOR est une marque d\u00e9pos\u00e9e de pr\u00eat \u00e0 porter sp\u00e9cialis\u00e9 dans la vente des v\u00eatements pour hommes.","publisher":{"@id":"https:\/\/www.vector.tn\/#organization"},"potentialAction":[{"@type":"SearchAction","target":{"@type":"EntryPoint","urlTemplate":"https:\/\/www.vector.tn\/?s={search_term_string}"},"query-input":{"@type":"PropertyValueSpecification","valueRequired":true,"valueName":"search_term_string"}}],"inLanguage":"fr-FR"},{"@type":"Organization","@id":"https:\/\/www.vector.tn\/#organization","name":"Vector","url":"https:\/\/www.vector.tn\/","logo":{"@type":"ImageObject","inLanguage":"fr-FR","@id":"https:\/\/www.vector.tn\/#\/schema\/logo\/image\/","url":"https:\/\/www.vector.tn\/wp-content\/uploads\/2025\/07\/logo_vector.png","contentUrl":"https:\/\/www.vector.tn\/wp-content\/uploads\/2025\/07\/logo_vector.png","width":160,"height":48,"caption":"Vector"},"image":{"@id":"https:\/\/www.vector.tn\/#\/schema\/logo\/image\/"},"sameAs":["https:\/\/www.facebook.com\/VECTOR.Tunisie"]}]}},"_links":{"self":[{"href":"https:\/\/www.vector.tn\/index.php\/wp-json\/wp\/v2\/product\/129","targetHints":{"allow":["GET"]}}],"collection":[{"href":"https:\/\/www.vector.tn\/index.php\/wp-json\/wp\/v2\/product"}],"about":[{"href":"https:\/\/www.vector.tn\/index.php\/wp-json\/wp\/v2\/types\/product"}],"wp:featuredmedia":[{"embeddable":true,"href":"https:\/\/www.vector.tn\/index.php\/wp-json\/wp\/v2\/media\/2753"}],"wp:attachment":[{"href":"https:\/\/www.vector.tn\/index.php\/wp-json\/wp\/v2\/media?parent=129"}],"wp:term":[{"taxonomy":"product_brand","embeddable":true,"href":"https:\/\/www.vector.tn\/index.php\/wp-json\/wp\/v2\/product_brand?post=129"},{"taxonomy":"product_cat","embeddable":true,"href":"https:\/\/www.vector.tn\/index.php\/wp-json\/wp\/v2\/product_cat?post=129"},{"taxonomy":"product_tag","embeddable":true,"href":"https:\/\/www.vector.tn\/index.php\/wp-json\/wp\/v2\/product_tag?post=129"}],"curies":[{"name":"wp","href":"https:\/\/api.w.org\/{rel}","templated":true}]}}